{"id":30110,"date":"2026-04-17T00:21:32","date_gmt":"2026-04-17T00:21:32","guid":{"rendered":"https:\/\/singuli.wpress.me\/index.php\/proizvod\/x-shot-pistolj-sa-spuzvastim-mecima-micro-color-card\/"},"modified":"2026-04-20T12:33:01","modified_gmt":"2026-04-20T12:33:01","slug":"x-shot-pistolj-sa-spuzvastim-mecima-micro-color-card","status":"publish","type":"product","link":"https:\/\/singuli.wpress.me\/index.php\/proizvod\/x-shot-pistolj-sa-spuzvastim-mecima-micro-color-card\/","title":{"rendered":"X-SHOT, pi\u0161tolj, sa spu\u017evastim mecima &#8211; Micro Color Card"},"content":{"rendered":"<p>Kreni u akciju s X-Shot pi\u0161toljem i osjeti snagu njegovih funkcija!<\/p>\n<p>X-shot Micro \u2013 mo\u017ee\u0161 ga nositi svuda, zabava je zagarantirana. <br \/>\nLak za kori\u0161tenje. <br \/>\nNapuni, potegni i ispali, u 3 jednostavna koraka. <br \/>\nNe koristi baterije te je snaga ispaljivanja samo na tebi! <br \/>\nNapravljen tako da mo\u017ee\u0161 vrlo precizno ciljati metu. <br \/>\nSadr\u017ei 8 spu\u017evastih strelica, koje su testirane i odobrene kao sigurne, kvalitetne i dugotrajne. <br \/>\nDob: 8+<\/p>\n","protected":false},"excerpt":{"rendered":"<p>Napuni, potegni i ispali, u 3 jednostavna koraka<br \/>\nSadr\u017ei 8 spu\u017evastih strelica<br \/>\nDob: 8+ god<\/p>\n","protected":false},"featured_media":30111,"template":"","meta":{"_seopress_robots_primary_cat":"","_seopress_titles_title":"","_seopress_titles_desc":"","_seopress_robots_index":"","iawp_total_views":0},"product_brand":[338],"product_cat":[221,263],"product_tag":[],"class_list":{"0":"post-30110","1":"product","2":"type-product","3":"status-publish","4":"has-post-thumbnail","6":"product_brand-x-shot","7":"product_cat-igracke","8":"product_cat-tematske-igracke-221","10":"first","11":"outofstock","12":"shipping-taxable","13":"purchasable","14":"product-type-simple"},"_links":{"self":[{"href":"https:\/\/singuli.wpress.me\/index.php\/wp-json\/wp\/v2\/product\/30110","targetHints":{"allow":["GET"]}}],"collection":[{"href":"https:\/\/singuli.wpress.me\/index.php\/wp-json\/wp\/v2\/product"}],"about":[{"href":"https:\/\/singuli.wpress.me\/index.php\/wp-json\/wp\/v2\/types\/product"}],"version-history":[{"count":0,"href":"https:\/\/singuli.wpress.me\/index.php\/wp-json\/wp\/v2\/product\/30110\/revisions"}],"wp:featuredmedia":[{"embeddable":true,"href":"https:\/\/singuli.wpress.me\/index.php\/wp-json\/wp\/v2\/media\/30111"}],"wp:attachment":[{"href":"https:\/\/singuli.wpress.me\/index.php\/wp-json\/wp\/v2\/media?parent=30110"}],"wp:term":[{"taxonomy":"product_brand","embeddable":true,"href":"https:\/\/singuli.wpress.me\/index.php\/wp-json\/wp\/v2\/product_brand?post=30110"},{"taxonomy":"product_cat","embeddable":true,"href":"https:\/\/singuli.wpress.me\/index.php\/wp-json\/wp\/v2\/product_cat?post=30110"},{"taxonomy":"product_tag","embeddable":true,"href":"https:\/\/singuli.wpress.me\/index.php\/wp-json\/wp\/v2\/product_tag?post=30110"}],"curies":[{"name":"wp","href":"https:\/\/api.w.org\/{rel}","templated":true}]}}