{"id":30119,"date":"2026-04-17T00:21:38","date_gmt":"2026-04-17T00:21:38","guid":{"rendered":"https:\/\/singuli.wpress.me\/index.php\/proizvod\/tak-toy-happy-park-blokovi-set-za-igru\/"},"modified":"2026-04-20T12:33:01","modified_gmt":"2026-04-20T12:33:01","slug":"tak-toy-happy-park-blokovi-set-za-igru","status":"publish","type":"product","link":"https:\/\/singuli.wpress.me\/index.php\/proizvod\/tak-toy-happy-park-blokovi-set-za-igru\/","title":{"rendered":"TAK TOY Happy Park blokovi, set za igru"},"content":{"rendered":"<p>Do\u017eivi prekrasan svijet inovacija uz 58 razli\u010ditih dijelova za sastavljanje vlastitog igrali\u0161ta s ljulja\u010dkama i toboganima. <\/p>\n<p>Sastavi, rastavi, i stvori svaki put nove oblike i predmete.<\/p>\n<p><span style=\"font-weight: bold;color: #4472C4\">Kroz igru djeca u\u010de o graditeljstvu, poti\u010de se njihova kreativnost, razvijaju se mentalno, emocionalno i socijalno. <\/span><span style=\"color: #4472C4\"><\/p>\n<p><\/span><span style=\"font-weight: bold;color: #4472C4\">Dob: 3+<\/span><\/p>\n","protected":false},"excerpt":{"rendered":"<p>Poti\u010de se kreativnost<br \/>\n58 razli\u010ditih dijelova<br \/>\nDob: 3+ god<\/p>\n","protected":false},"featured_media":30120,"template":"","meta":{"_seopress_robots_primary_cat":"","_seopress_titles_title":"","_seopress_titles_desc":"","_seopress_robots_index":"","iawp_total_views":0},"product_brand":[381],"product_cat":[221,291],"product_tag":[],"class_list":{"0":"post-30119","1":"product","2":"type-product","3":"status-publish","4":"has-post-thumbnail","6":"product_brand-tak-toy","7":"product_cat-igracke","8":"product_cat-igracke-za-djecu-221","10":"first","11":"outofstock","12":"shipping-taxable","13":"purchasable","14":"product-type-simple"},"_links":{"self":[{"href":"https:\/\/singuli.wpress.me\/index.php\/wp-json\/wp\/v2\/product\/30119","targetHints":{"allow":["GET"]}}],"collection":[{"href":"https:\/\/singuli.wpress.me\/index.php\/wp-json\/wp\/v2\/product"}],"about":[{"href":"https:\/\/singuli.wpress.me\/index.php\/wp-json\/wp\/v2\/types\/product"}],"version-history":[{"count":0,"href":"https:\/\/singuli.wpress.me\/index.php\/wp-json\/wp\/v2\/product\/30119\/revisions"}],"wp:featuredmedia":[{"embeddable":true,"href":"https:\/\/singuli.wpress.me\/index.php\/wp-json\/wp\/v2\/media\/30120"}],"wp:attachment":[{"href":"https:\/\/singuli.wpress.me\/index.php\/wp-json\/wp\/v2\/media?parent=30119"}],"wp:term":[{"taxonomy":"product_brand","embeddable":true,"href":"https:\/\/singuli.wpress.me\/index.php\/wp-json\/wp\/v2\/product_brand?post=30119"},{"taxonomy":"product_cat","embeddable":true,"href":"https:\/\/singuli.wpress.me\/index.php\/wp-json\/wp\/v2\/product_cat?post=30119"},{"taxonomy":"product_tag","embeddable":true,"href":"https:\/\/singuli.wpress.me\/index.php\/wp-json\/wp\/v2\/product_tag?post=30119"}],"curies":[{"name":"wp","href":"https:\/\/api.w.org\/{rel}","templated":true}]}}