{"id":30126,"date":"2026-04-17T00:21:41","date_gmt":"2026-04-17T00:21:41","guid":{"rendered":"https:\/\/singuli.wpress.me\/index.php\/proizvod\/ucar-little-make-up-set-za-igru-jagoda\/"},"modified":"2026-04-20T12:33:01","modified_gmt":"2026-04-20T12:33:01","slug":"ucar-little-make-up-set-za-igru-jagoda","status":"publish","type":"product","link":"https:\/\/singuli.wpress.me\/index.php\/proizvod\/ucar-little-make-up-set-za-igru-jagoda\/","title":{"rendered":"UCAR Little make up, set za igru, jagoda"},"content":{"rendered":"<p>Nikada \u0161minkanje i uljep\u0161avanje nije bilo interesantnije! <\/p>\n<p>Kozmeti\u010dki set Jagoda, sadr\u017ei sve ono \u0161to \u0107e svaku curku pretvoriti u pravu princezu! <\/p>\n<p>Dob: 3+<\/p>\n","protected":false},"excerpt":{"rendered":"<p>Sadr\u017ei sve ono \u0161to \u0107e svaku curku pretvoriti u pravu princezu<br \/>\nSet se sastoji od 6 sjenila za o\u010di, ogledala i \u010detke za kosu<br \/>\nDob: 3+ god<\/p>\n","protected":false},"featured_media":30127,"template":"","meta":{"_seopress_robots_primary_cat":"","_seopress_titles_title":"","_seopress_titles_desc":"","_seopress_robots_index":"","iawp_total_views":0},"product_brand":[367],"product_cat":[274,238],"product_tag":[],"class_list":{"0":"post-30126","1":"product","2":"type-product","3":"status-publish","4":"has-post-thumbnail","6":"product_brand-ucar","7":"product_cat-kucanski-pribor-238","8":"product_cat-sve-za-dom","10":"first","11":"outofstock","12":"shipping-taxable","13":"purchasable","14":"product-type-simple"},"_links":{"self":[{"href":"https:\/\/singuli.wpress.me\/index.php\/wp-json\/wp\/v2\/product\/30126","targetHints":{"allow":["GET"]}}],"collection":[{"href":"https:\/\/singuli.wpress.me\/index.php\/wp-json\/wp\/v2\/product"}],"about":[{"href":"https:\/\/singuli.wpress.me\/index.php\/wp-json\/wp\/v2\/types\/product"}],"version-history":[{"count":0,"href":"https:\/\/singuli.wpress.me\/index.php\/wp-json\/wp\/v2\/product\/30126\/revisions"}],"wp:featuredmedia":[{"embeddable":true,"href":"https:\/\/singuli.wpress.me\/index.php\/wp-json\/wp\/v2\/media\/30127"}],"wp:attachment":[{"href":"https:\/\/singuli.wpress.me\/index.php\/wp-json\/wp\/v2\/media?parent=30126"}],"wp:term":[{"taxonomy":"product_brand","embeddable":true,"href":"https:\/\/singuli.wpress.me\/index.php\/wp-json\/wp\/v2\/product_brand?post=30126"},{"taxonomy":"product_cat","embeddable":true,"href":"https:\/\/singuli.wpress.me\/index.php\/wp-json\/wp\/v2\/product_cat?post=30126"},{"taxonomy":"product_tag","embeddable":true,"href":"https:\/\/singuli.wpress.me\/index.php\/wp-json\/wp\/v2\/product_tag?post=30126"}],"curies":[{"name":"wp","href":"https:\/\/api.w.org\/{rel}","templated":true}]}}