{"id":30128,"date":"2026-04-17T00:21:41","date_gmt":"2026-04-17T00:21:41","guid":{"rendered":"https:\/\/singuli.wpress.me\/index.php\/proizvod\/magic-blocks-kocke-vatrogasna-stanica\/"},"modified":"2026-04-20T12:33:01","modified_gmt":"2026-04-20T12:33:01","slug":"magic-blocks-kocke-vatrogasna-stanica","status":"publish","type":"product","link":"https:\/\/singuli.wpress.me\/index.php\/proizvod\/magic-blocks-kocke-vatrogasna-stanica\/","title":{"rendered":"MAGIC BLOCKS, kocke, vatrogasna stanica"},"content":{"rendered":"<p>Stvorite svoju vatrogasnu stanicu i pripremite se za de\u017eurstvo! <\/p>\n<p>Djeca \u0107e sastaviti dijelove i formirati vlastitu vatrogasnu brigadu. <\/p>\n<p>U Vatrogasni set koji se sastoji od 52 komada uklju\u010dena su 2 vozila. <\/p>\n<p>Du\u017eina staze je 128 cm. <\/p>\n<p>Vozila su veli\u010dine 11 cm. <\/p>\n<p>Dimenzije kutije: 41 x 32,5 x 10,5 cm. <\/p>\n<p>Dob: 3+<\/p>\n","protected":false},"excerpt":{"rendered":"<p>Poma\u017ee u razvoju kreativnosti, koordinacije ruku i o\u010diju, pa\u017enje, fokusa i ma\u0161te<br \/>\nIzra\u0111eno od materijala bezopasnih za zdravlje djeteta<br \/>\nDob: 3+ god<\/p>\n","protected":false},"featured_media":30129,"template":"","meta":{"_seopress_robots_primary_cat":"","_seopress_titles_title":"","_seopress_titles_desc":"","_seopress_robots_index":"","iawp_total_views":0},"product_brand":[365],"product_cat":[221,291],"product_tag":[],"class_list":{"0":"post-30128","1":"product","2":"type-product","3":"status-publish","4":"has-post-thumbnail","6":"product_brand-magic-blocks","7":"product_cat-igracke","8":"product_cat-igracke-za-djecu-221","10":"first","11":"outofstock","12":"shipping-taxable","13":"purchasable","14":"product-type-simple"},"_links":{"self":[{"href":"https:\/\/singuli.wpress.me\/index.php\/wp-json\/wp\/v2\/product\/30128","targetHints":{"allow":["GET"]}}],"collection":[{"href":"https:\/\/singuli.wpress.me\/index.php\/wp-json\/wp\/v2\/product"}],"about":[{"href":"https:\/\/singuli.wpress.me\/index.php\/wp-json\/wp\/v2\/types\/product"}],"version-history":[{"count":0,"href":"https:\/\/singuli.wpress.me\/index.php\/wp-json\/wp\/v2\/product\/30128\/revisions"}],"wp:featuredmedia":[{"embeddable":true,"href":"https:\/\/singuli.wpress.me\/index.php\/wp-json\/wp\/v2\/media\/30129"}],"wp:attachment":[{"href":"https:\/\/singuli.wpress.me\/index.php\/wp-json\/wp\/v2\/media?parent=30128"}],"wp:term":[{"taxonomy":"product_brand","embeddable":true,"href":"https:\/\/singuli.wpress.me\/index.php\/wp-json\/wp\/v2\/product_brand?post=30128"},{"taxonomy":"product_cat","embeddable":true,"href":"https:\/\/singuli.wpress.me\/index.php\/wp-json\/wp\/v2\/product_cat?post=30128"},{"taxonomy":"product_tag","embeddable":true,"href":"https:\/\/singuli.wpress.me\/index.php\/wp-json\/wp\/v2\/product_tag?post=30128"}],"curies":[{"name":"wp","href":"https:\/\/api.w.org\/{rel}","templated":true}]}}