{"id":30131,"date":"2026-04-17T00:21:43","date_gmt":"2026-04-17T00:21:43","guid":{"rendered":"https:\/\/singuli.wpress.me\/index.php\/proizvod\/star-ride-my-first-car-guralica-crvena\/"},"modified":"2026-04-20T12:33:01","modified_gmt":"2026-04-20T12:33:01","slug":"star-ride-my-first-car-guralica-crvena","status":"publish","type":"product","link":"https:\/\/singuli.wpress.me\/index.php\/proizvod\/star-ride-my-first-car-guralica-crvena\/","title":{"rendered":"STAR RIDE My first car, guralica, crvena"},"content":{"rendered":"<p>Najbolji na\u010din da ohrabrite i potaknete va\u0161e dijete da bude aktivnije i unaprijedi svoje motori\u010dke sposobnosti. <\/p>\n<p>Dizajn guralice i njena udobnost, u\u010dinit \u0107e da va\u0161e dijete zavoli svoju guralicu i u\u017eiva u njoj!<\/p>\n<p>4 kota\u010da omogu\u0107uju savr\u0161enu podr\u0161ku i stabilnost.  <\/p>\n<p>Osnovne funkcije i prednosti ovog proizvoda su:<\/p>\n<p>\u2022 Poticanje aktivnosti kod djece<br \/>\n\u2022 Razvijanje motori\u010dkih sposobnosti<br \/>\n\u2022 \u0160iroko i udobno sjedalo<br \/>\n\u2022 4 kota\u010da za potpunu stabilnost<br \/>\n\u2022 Maksimalna nosivost 15 kg<br \/>\n\u2022 Dob: 18 \u2013 36 m<\/p>\n","protected":false},"excerpt":{"rendered":"<p>Poti\u010de aktivnost kod djece<br \/>\n4 kota\u010da omogu\u0107uju savr\u0161enu podr\u0161ku i stabilnost<br \/>\nDob: 18+m<\/p>\n","protected":false},"featured_media":30132,"template":"","meta":{"_seopress_robots_primary_cat":"","_seopress_titles_title":"","_seopress_titles_desc":"","_seopress_robots_index":"","iawp_total_views":0},"product_brand":[377],"product_cat":[274,238],"product_tag":[],"class_list":{"0":"post-30131","1":"product","2":"type-product","3":"status-publish","4":"has-post-thumbnail","6":"product_brand-star-ride","7":"product_cat-kucanski-pribor-238","8":"product_cat-sve-za-dom","10":"first","11":"instock","12":"shipping-taxable","13":"purchasable","14":"product-type-simple"},"_links":{"self":[{"href":"https:\/\/singuli.wpress.me\/index.php\/wp-json\/wp\/v2\/product\/30131","targetHints":{"allow":["GET"]}}],"collection":[{"href":"https:\/\/singuli.wpress.me\/index.php\/wp-json\/wp\/v2\/product"}],"about":[{"href":"https:\/\/singuli.wpress.me\/index.php\/wp-json\/wp\/v2\/types\/product"}],"version-history":[{"count":0,"href":"https:\/\/singuli.wpress.me\/index.php\/wp-json\/wp\/v2\/product\/30131\/revisions"}],"wp:featuredmedia":[{"embeddable":true,"href":"https:\/\/singuli.wpress.me\/index.php\/wp-json\/wp\/v2\/media\/30132"}],"wp:attachment":[{"href":"https:\/\/singuli.wpress.me\/index.php\/wp-json\/wp\/v2\/media?parent=30131"}],"wp:term":[{"taxonomy":"product_brand","embeddable":true,"href":"https:\/\/singuli.wpress.me\/index.php\/wp-json\/wp\/v2\/product_brand?post=30131"},{"taxonomy":"product_cat","embeddable":true,"href":"https:\/\/singuli.wpress.me\/index.php\/wp-json\/wp\/v2\/product_cat?post=30131"},{"taxonomy":"product_tag","embeddable":true,"href":"https:\/\/singuli.wpress.me\/index.php\/wp-json\/wp\/v2\/product_tag?post=30131"}],"curies":[{"name":"wp","href":"https:\/\/api.w.org\/{rel}","templated":true}]}}