{"id":30133,"date":"2026-04-17T00:21:44","date_gmt":"2026-04-17T00:21:44","guid":{"rendered":"https:\/\/singuli.wpress.me\/index.php\/proizvod\/magic-blocks-kocke-policijska-stanica\/"},"modified":"2026-04-20T12:33:01","modified_gmt":"2026-04-20T12:33:01","slug":"magic-blocks-kocke-policijska-stanica","status":"publish","type":"product","link":"https:\/\/singuli.wpress.me\/index.php\/proizvod\/magic-blocks-kocke-policijska-stanica\/","title":{"rendered":"MAGIC BLOCKS, kocke, policijska stanica"},"content":{"rendered":"<p>Prekrasan set koji sadr\u017ei 52 dijela od kojih va\u0161e dijete mo\u017ee izgraditi policijsku stanicu.<\/p>\n<p>Set sadr\u017ei i dva policijska automobila.<\/p>\n<p>Ove kocke \u0107e potaknuti ma\u0161tu va\u0161eg djeteta i pomo\u0107i u razvoju motori\u010dkih sposobnosti.<\/p>\n<p>Preporu\u010duje se za djecu stariju od 3 godine.<\/p>\n<p>Dimenzije pakiranja: 10 x 32 x 40,5 cm.<\/p>\n","protected":false},"excerpt":{"rendered":"<p>Poma\u017ee u razvoju kreativnosti, koordinacije ruku i o\u010diju, pa\u017enje, fokusa i ma\u0161te<br \/>\nIzra\u0111eno od materijala bezopasnih za zdravlje djeteta<br \/>\nDob: 3+ god<\/p>\n","protected":false},"featured_media":30134,"template":"","meta":{"_seopress_robots_primary_cat":"","_seopress_titles_title":"","_seopress_titles_desc":"","_seopress_robots_index":"","iawp_total_views":0},"product_brand":[365],"product_cat":[221,291],"product_tag":[],"class_list":{"0":"post-30133","1":"product","2":"type-product","3":"status-publish","4":"has-post-thumbnail","6":"product_brand-magic-blocks","7":"product_cat-igracke","8":"product_cat-igracke-za-djecu-221","10":"first","11":"outofstock","12":"shipping-taxable","13":"purchasable","14":"product-type-simple"},"_links":{"self":[{"href":"https:\/\/singuli.wpress.me\/index.php\/wp-json\/wp\/v2\/product\/30133","targetHints":{"allow":["GET"]}}],"collection":[{"href":"https:\/\/singuli.wpress.me\/index.php\/wp-json\/wp\/v2\/product"}],"about":[{"href":"https:\/\/singuli.wpress.me\/index.php\/wp-json\/wp\/v2\/types\/product"}],"version-history":[{"count":0,"href":"https:\/\/singuli.wpress.me\/index.php\/wp-json\/wp\/v2\/product\/30133\/revisions"}],"wp:featuredmedia":[{"embeddable":true,"href":"https:\/\/singuli.wpress.me\/index.php\/wp-json\/wp\/v2\/media\/30134"}],"wp:attachment":[{"href":"https:\/\/singuli.wpress.me\/index.php\/wp-json\/wp\/v2\/media?parent=30133"}],"wp:term":[{"taxonomy":"product_brand","embeddable":true,"href":"https:\/\/singuli.wpress.me\/index.php\/wp-json\/wp\/v2\/product_brand?post=30133"},{"taxonomy":"product_cat","embeddable":true,"href":"https:\/\/singuli.wpress.me\/index.php\/wp-json\/wp\/v2\/product_cat?post=30133"},{"taxonomy":"product_tag","embeddable":true,"href":"https:\/\/singuli.wpress.me\/index.php\/wp-json\/wp\/v2\/product_tag?post=30133"}],"curies":[{"name":"wp","href":"https:\/\/api.w.org\/{rel}","templated":true}]}}