{"id":30136,"date":"2026-04-17T00:21:45","date_gmt":"2026-04-17T00:21:45","guid":{"rendered":"https:\/\/singuli.wpress.me\/index.php\/proizvod\/ucar-set-za-igru-kuhinjski-set\/"},"modified":"2026-04-20T12:33:01","modified_gmt":"2026-04-20T12:33:01","slug":"ucar-set-za-igru-kuhinjski-set","status":"publish","type":"product","link":"https:\/\/singuli.wpress.me\/index.php\/proizvod\/ucar-set-za-igru-kuhinjski-set\/","title":{"rendered":"UCAR, set za igru, kuhinjski set"},"content":{"rendered":"<p>Kuhinjski set za djecu idealan je poklon za sve budu\u0107e male kuhare koji \u017eele istra\u017eivati i zabavljati se u svojoj kulinarskoj avanturi. Set pru\u017ea sate zabave i edukativne igre, ali i poma\u017ee u razvoju klju\u010dnih vje\u0161tina te promi\u010de zdrav na\u010din \u017eivota.<\/p>\n<p>Set se sastoji od 18 komada.<\/p>\n<p>Prikladno za djecu stariju od 3 godine.<\/p>\n","protected":false},"excerpt":{"rendered":"<p>Poma\u017ee u razvoju klju\u010dnih vje\u0161tina te promi\u010de zdrav na\u010din \u017eivota<br \/>\nSet se sastoji od 18 komada<br \/>\nDob: 3+ god<\/p>\n","protected":false},"featured_media":30137,"template":"","meta":{"_seopress_robots_primary_cat":"","_seopress_titles_title":"","_seopress_titles_desc":"","_seopress_robots_index":"","iawp_total_views":0},"product_brand":[367],"product_cat":[221,291],"product_tag":[],"class_list":{"0":"post-30136","1":"product","2":"type-product","3":"status-publish","4":"has-post-thumbnail","6":"product_brand-ucar","7":"product_cat-igracke","8":"product_cat-igracke-za-djecu-221","10":"first","11":"instock","12":"shipping-taxable","13":"purchasable","14":"product-type-simple"},"_links":{"self":[{"href":"https:\/\/singuli.wpress.me\/index.php\/wp-json\/wp\/v2\/product\/30136","targetHints":{"allow":["GET"]}}],"collection":[{"href":"https:\/\/singuli.wpress.me\/index.php\/wp-json\/wp\/v2\/product"}],"about":[{"href":"https:\/\/singuli.wpress.me\/index.php\/wp-json\/wp\/v2\/types\/product"}],"version-history":[{"count":0,"href":"https:\/\/singuli.wpress.me\/index.php\/wp-json\/wp\/v2\/product\/30136\/revisions"}],"wp:featuredmedia":[{"embeddable":true,"href":"https:\/\/singuli.wpress.me\/index.php\/wp-json\/wp\/v2\/media\/30137"}],"wp:attachment":[{"href":"https:\/\/singuli.wpress.me\/index.php\/wp-json\/wp\/v2\/media?parent=30136"}],"wp:term":[{"taxonomy":"product_brand","embeddable":true,"href":"https:\/\/singuli.wpress.me\/index.php\/wp-json\/wp\/v2\/product_brand?post=30136"},{"taxonomy":"product_cat","embeddable":true,"href":"https:\/\/singuli.wpress.me\/index.php\/wp-json\/wp\/v2\/product_cat?post=30136"},{"taxonomy":"product_tag","embeddable":true,"href":"https:\/\/singuli.wpress.me\/index.php\/wp-json\/wp\/v2\/product_tag?post=30136"}],"curies":[{"name":"wp","href":"https:\/\/api.w.org\/{rel}","templated":true}]}}