{"id":30139,"date":"2026-04-17T00:21:47","date_gmt":"2026-04-17T00:21:47","guid":{"rendered":"https:\/\/singuli.wpress.me\/index.php\/proizvod\/iggy-ziggy-interaktivni-set-za-igru-city\/"},"modified":"2026-04-20T12:33:01","modified_gmt":"2026-04-20T12:33:01","slug":"iggy-ziggy-interaktivni-set-za-igru-city","status":"publish","type":"product","link":"https:\/\/singuli.wpress.me\/index.php\/proizvod\/iggy-ziggy-interaktivni-set-za-igru-city\/","title":{"rendered":"IGGY ZIGGY, interaktivni set za igru, city"},"content":{"rendered":"<p><span style=\"font-weight: bold;color: #4472C4\">Ovaj interaktivni set je prava poslastica za mali\u0161ane! <\/span><span style=\"color: #4472C4\"><\/p>\n<p>Ovdje nema potrebe za baterijama &#8211; vozilo se pokre\u0107e jednostavno koriste\u0107i polugu i ru\u010dku. Osim \u0161to je iznimno zabavna, ova igra\u010dka ima i va\u017enu edukativnu ulogu.<br \/>\nU po\u010detku, va\u0161em djetetu mo\u017eda ne\u0107e i\u0107i ba\u0161 najbolje, ali s vremenom \u0107e postajati sve bolje u upravljanju vozilom. Ova igra\u010dka poti\u010de razvoj motori\u010dkih vje\u0161tina i u\u010denje kroz igru. Nakon \u0161to se upozna s osnovama, mogu\u0107e je istra\u017eivati brojne druge na\u010dine igranja. Na primjer, poku\u0161avanje obaranja vremenskih rekorda u vo\u017enji u krug, upravljanje s vi\u0161e vozila istovremeno i mnoge druge kreativne ideje. <\/p>\n<p>Osim \u0161to \u0107e pru\u017eiti sate zabave, ova igra\u010dka \u0107e tako\u0111er pomo\u0107i u pobolj\u0161anju koncentracije, samostalnosti i kognitivnih sposobnosti va\u0161eg djeteta. Roditelji \u0107e biti odu\u0161evljeni kada vide koliko je korisnih aspekata uklju\u010deno u ovu jednostavnu, ali iznimno u\u010dinkovitu igra\u010dku.<\/p>\n<p><\/span><span style=\"font-weight: bold;color: #4472C4\">Dob: 3+<\/span><\/p>\n","protected":false},"excerpt":{"rendered":"<p>Igra\u010dka ne sadr\u017ei baterije<br \/>\nPoma\u017ee u pobolj\u0161anju koncentracije, samostalnosti i kognitivnih sposobnosti<br \/>\nDob: 3+ god<\/p>\n","protected":false},"featured_media":30140,"template":"","meta":{"_seopress_robots_primary_cat":"","_seopress_titles_title":"","_seopress_titles_desc":"","_seopress_robots_index":"","iawp_total_views":0},"product_brand":[358],"product_cat":[221,291],"product_tag":[],"class_list":{"0":"post-30139","1":"product","2":"type-product","3":"status-publish","4":"has-post-thumbnail","6":"product_brand-iggy-ziggy","7":"product_cat-igracke","8":"product_cat-igracke-za-djecu-221","10":"first","11":"instock","12":"shipping-taxable","13":"purchasable","14":"product-type-simple"},"_links":{"self":[{"href":"https:\/\/singuli.wpress.me\/index.php\/wp-json\/wp\/v2\/product\/30139","targetHints":{"allow":["GET"]}}],"collection":[{"href":"https:\/\/singuli.wpress.me\/index.php\/wp-json\/wp\/v2\/product"}],"about":[{"href":"https:\/\/singuli.wpress.me\/index.php\/wp-json\/wp\/v2\/types\/product"}],"version-history":[{"count":0,"href":"https:\/\/singuli.wpress.me\/index.php\/wp-json\/wp\/v2\/product\/30139\/revisions"}],"wp:featuredmedia":[{"embeddable":true,"href":"https:\/\/singuli.wpress.me\/index.php\/wp-json\/wp\/v2\/media\/30140"}],"wp:attachment":[{"href":"https:\/\/singuli.wpress.me\/index.php\/wp-json\/wp\/v2\/media?parent=30139"}],"wp:term":[{"taxonomy":"product_brand","embeddable":true,"href":"https:\/\/singuli.wpress.me\/index.php\/wp-json\/wp\/v2\/product_brand?post=30139"},{"taxonomy":"product_cat","embeddable":true,"href":"https:\/\/singuli.wpress.me\/index.php\/wp-json\/wp\/v2\/product_cat?post=30139"},{"taxonomy":"product_tag","embeddable":true,"href":"https:\/\/singuli.wpress.me\/index.php\/wp-json\/wp\/v2\/product_tag?post=30139"}],"curies":[{"name":"wp","href":"https:\/\/api.w.org\/{rel}","templated":true}]}}