{"id":30142,"date":"2026-04-17T00:21:49","date_gmt":"2026-04-17T00:21:49","guid":{"rendered":"https:\/\/singuli.wpress.me\/index.php\/proizvod\/ucar-kolica-s-alatom\/"},"modified":"2026-04-20T12:33:01","modified_gmt":"2026-04-20T12:33:01","slug":"ucar-kolica-s-alatom","status":"publish","type":"product","link":"https:\/\/singuli.wpress.me\/index.php\/proizvod\/ucar-kolica-s-alatom\/","title":{"rendered":"UCAR, kolica, s alatom"},"content":{"rendered":"<p>Kolica za alat sadr\u017ee 14 dijelova razli\u010ditih alata kao \u0161to su ru\u010dna pila, \u010deki\u0107, odvija\u010d i sli\u010dno. <br \/>\nTako\u0111er set uklju\u010duje kacigu kako bi igra postala pravi do\u017eivljaj za budu\u0107e velike majstore. <br \/>\nDob: 3+<\/p>\n","protected":false},"excerpt":{"rendered":"<p>14 dijelova razli\u010ditih alata kao \u0161to su ru\u010dna pila, \u010deki\u0107, odvija\u010d i sli\u010dno<br \/>\nSet uklju\u010duje i kacigu<br \/>\nDob: 3+ god<\/p>\n","protected":false},"featured_media":30143,"template":"","meta":{"_seopress_robots_primary_cat":"","_seopress_titles_title":"","_seopress_titles_desc":"","_seopress_robots_index":"","iawp_total_views":0},"product_brand":[367],"product_cat":[221,291],"product_tag":[],"class_list":{"0":"post-30142","1":"product","2":"type-product","3":"status-publish","4":"has-post-thumbnail","6":"product_brand-ucar","7":"product_cat-igracke","8":"product_cat-igracke-za-djecu-221","10":"first","11":"outofstock","12":"shipping-taxable","13":"purchasable","14":"product-type-simple"},"_links":{"self":[{"href":"https:\/\/singuli.wpress.me\/index.php\/wp-json\/wp\/v2\/product\/30142","targetHints":{"allow":["GET"]}}],"collection":[{"href":"https:\/\/singuli.wpress.me\/index.php\/wp-json\/wp\/v2\/product"}],"about":[{"href":"https:\/\/singuli.wpress.me\/index.php\/wp-json\/wp\/v2\/types\/product"}],"version-history":[{"count":0,"href":"https:\/\/singuli.wpress.me\/index.php\/wp-json\/wp\/v2\/product\/30142\/revisions"}],"wp:featuredmedia":[{"embeddable":true,"href":"https:\/\/singuli.wpress.me\/index.php\/wp-json\/wp\/v2\/media\/30143"}],"wp:attachment":[{"href":"https:\/\/singuli.wpress.me\/index.php\/wp-json\/wp\/v2\/media?parent=30142"}],"wp:term":[{"taxonomy":"product_brand","embeddable":true,"href":"https:\/\/singuli.wpress.me\/index.php\/wp-json\/wp\/v2\/product_brand?post=30142"},{"taxonomy":"product_cat","embeddable":true,"href":"https:\/\/singuli.wpress.me\/index.php\/wp-json\/wp\/v2\/product_cat?post=30142"},{"taxonomy":"product_tag","embeddable":true,"href":"https:\/\/singuli.wpress.me\/index.php\/wp-json\/wp\/v2\/product_tag?post=30142"}],"curies":[{"name":"wp","href":"https:\/\/api.w.org\/{rel}","templated":true}]}}