{"id":30145,"date":"2026-04-17T00:21:51","date_gmt":"2026-04-17T00:21:51","guid":{"rendered":"https:\/\/singuli.wpress.me\/index.php\/proizvod\/magic-blocks-kocke-76-kom\/"},"modified":"2026-04-21T00:26:31","modified_gmt":"2026-04-21T00:26:31","slug":"magic-blocks-kocke-76-kom","status":"publish","type":"product","link":"https:\/\/singuli.wpress.me\/index.php\/proizvod\/magic-blocks-kocke-76-kom\/","title":{"rendered":"MAGIC BLOCKS, kocke, 76\u00a0kom"},"content":{"rendered":"<p>Oslobodite svoju ma\u0161tu uz Kocke Magic od 76 dijelova!<br \/>\nNapravite bilo koje oblike od ovih blokova u boji, rastavite i ponovo ih sastavite! Djeca \u0107e se zabavljati dok od kockica izra\u0111uju oblike koje \u017eele.<br \/>\nOvaj set poma\u017ee u razvoju kreativnosti, koordinacije ruku i o\u010diju, pa\u017enje, fokusa i ma\u0161te.<br \/>\nMo\u017eete jednostavno nositi svoje kocke svuda, tako da ih nakon igranja stavite u kutiju u kojoj ih mo\u017eete sigurno pohraniti.<br \/>\nIzra\u0111eno od materijala bezopasnih za zdravlje djeteta.<br \/>\nZahvaljuju\u0107i kockama razli\u010ditih boja i oblika, djeca koja ne poznaju granice u kreativnosti,mogu graditi sve \u0161to zamisle.<br \/>\nBroj komada: 76<br \/>\nVeli\u010dina kutije: 20 x 10 x 32 cm.<br \/>\nDob: 3+<\/p>\n","protected":false},"excerpt":{"rendered":"<p>Poma\u017ee u razvoju kreativnosti, koordinacije ruku i o\u010diju, pa\u017enje, fokusa i ma\u0161te<br \/>\nIzra\u0111eno od materijala bezopasnih za zdravlje djeteta<br \/>\nDob: 3+ god<\/p>\n","protected":false},"featured_media":30146,"template":"","meta":{"_seopress_robots_primary_cat":"","_seopress_titles_title":"","_seopress_titles_desc":"","_seopress_robots_index":"","iawp_total_views":0},"product_brand":[365],"product_cat":[221,291],"product_tag":[],"class_list":{"0":"post-30145","1":"product","2":"type-product","3":"status-publish","4":"has-post-thumbnail","6":"product_brand-magic-blocks","7":"product_cat-igracke","8":"product_cat-igracke-za-djecu-221","10":"first","11":"outofstock","12":"shipping-taxable","13":"purchasable","14":"product-type-simple"},"_links":{"self":[{"href":"https:\/\/singuli.wpress.me\/index.php\/wp-json\/wp\/v2\/product\/30145","targetHints":{"allow":["GET"]}}],"collection":[{"href":"https:\/\/singuli.wpress.me\/index.php\/wp-json\/wp\/v2\/product"}],"about":[{"href":"https:\/\/singuli.wpress.me\/index.php\/wp-json\/wp\/v2\/types\/product"}],"version-history":[{"count":0,"href":"https:\/\/singuli.wpress.me\/index.php\/wp-json\/wp\/v2\/product\/30145\/revisions"}],"wp:featuredmedia":[{"embeddable":true,"href":"https:\/\/singuli.wpress.me\/index.php\/wp-json\/wp\/v2\/media\/30146"}],"wp:attachment":[{"href":"https:\/\/singuli.wpress.me\/index.php\/wp-json\/wp\/v2\/media?parent=30145"}],"wp:term":[{"taxonomy":"product_brand","embeddable":true,"href":"https:\/\/singuli.wpress.me\/index.php\/wp-json\/wp\/v2\/product_brand?post=30145"},{"taxonomy":"product_cat","embeddable":true,"href":"https:\/\/singuli.wpress.me\/index.php\/wp-json\/wp\/v2\/product_cat?post=30145"},{"taxonomy":"product_tag","embeddable":true,"href":"https:\/\/singuli.wpress.me\/index.php\/wp-json\/wp\/v2\/product_tag?post=30145"}],"curies":[{"name":"wp","href":"https:\/\/api.w.org\/{rel}","templated":true}]}}