{"id":30161,"date":"2026-04-17T00:21:59","date_gmt":"2026-04-17T00:21:59","guid":{"rendered":"https:\/\/singuli.wpress.me\/index.php\/proizvod\/games-uno-extreme-drustvena-igra\/"},"modified":"2026-04-20T12:33:01","modified_gmt":"2026-04-20T12:33:01","slug":"games-uno-extreme-drustvena-igra","status":"publish","type":"product","link":"https:\/\/singuli.wpress.me\/index.php\/proizvod\/games-uno-extreme-drustvena-igra\/","title":{"rendered":"GAMES Uno Extreme, dru\u0161tvena igra"},"content":{"rendered":"<p>Ovo izdanje UNO Extreme uklju\u010duje modernizirani dispenzer za kartice dizajnerskog izgleda koji mo\u017ee poslati kartice vrlo visoko. Svjetla i zvu\u010dni efekti postaju sve br\u017ei i br\u017ei kako igra\u010di priti\u0161\u0107u gumb, pove\u0107avaju\u0107i neizvjesnost. Saznanje da su karte spremne izletjeti iz dozatora stvara gotovo nepodno\u0161ljivu napetost! Gurnite snop karata u pokreta\u010d i zapo\u010dnite rundu igre koju svi vole. Ako se pojavi kartica Extreme Shot, oprez! Boje i ukrasi mogu varirati. Ova verzija dozatora UNO Extreme poti\u010de akciju, neizvjesnost i iznena\u0111enje. Odlikuje ga dizajnerski izgled, svjetla i zvu\u010dni efekti, a karte lete jo\u0161 vi\u0161e! <br \/>\nSavr\u0161ena za zabavne ve\u010deri, ova je igra idealan poklon za ljubitelje karta\u0161kih igara od 7 godina navi\u0161e.<\/p>\n","protected":false},"excerpt":{"rendered":"<p>Uklju\u010duje modernizirani dispenzer za kartice<br \/>\nProizvodi svjetlosne i zvu\u010dne efekte<br \/>\nSavr\u0161ena za zabavne ve\u010deri<\/p>\n","protected":false},"featured_media":30162,"template":"","meta":{"_seopress_robots_primary_cat":"","_seopress_titles_title":"","_seopress_titles_desc":"","_seopress_robots_index":"","iawp_total_views":0},"product_brand":[390],"product_cat":[290,221],"product_tag":[],"class_list":{"0":"post-30161","1":"product","2":"type-product","3":"status-publish","4":"has-post-thumbnail","6":"product_brand-games","7":"product_cat-drustvene-igre-221","8":"product_cat-igracke","10":"first","11":"outofstock","12":"shipping-taxable","13":"purchasable","14":"product-type-simple"},"_links":{"self":[{"href":"https:\/\/singuli.wpress.me\/index.php\/wp-json\/wp\/v2\/product\/30161","targetHints":{"allow":["GET"]}}],"collection":[{"href":"https:\/\/singuli.wpress.me\/index.php\/wp-json\/wp\/v2\/product"}],"about":[{"href":"https:\/\/singuli.wpress.me\/index.php\/wp-json\/wp\/v2\/types\/product"}],"version-history":[{"count":0,"href":"https:\/\/singuli.wpress.me\/index.php\/wp-json\/wp\/v2\/product\/30161\/revisions"}],"wp:featuredmedia":[{"embeddable":true,"href":"https:\/\/singuli.wpress.me\/index.php\/wp-json\/wp\/v2\/media\/30162"}],"wp:attachment":[{"href":"https:\/\/singuli.wpress.me\/index.php\/wp-json\/wp\/v2\/media?parent=30161"}],"wp:term":[{"taxonomy":"product_brand","embeddable":true,"href":"https:\/\/singuli.wpress.me\/index.php\/wp-json\/wp\/v2\/product_brand?post=30161"},{"taxonomy":"product_cat","embeddable":true,"href":"https:\/\/singuli.wpress.me\/index.php\/wp-json\/wp\/v2\/product_cat?post=30161"},{"taxonomy":"product_tag","embeddable":true,"href":"https:\/\/singuli.wpress.me\/index.php\/wp-json\/wp\/v2\/product_tag?post=30161"}],"curies":[{"name":"wp","href":"https:\/\/api.w.org\/{rel}","templated":true}]}}