{"id":30165,"date":"2026-04-17T00:22:01","date_gmt":"2026-04-17T00:22:01","guid":{"rendered":"https:\/\/singuli.wpress.me\/index.php\/proizvod\/superthings-kazoom-kids-set-za-igru-kid\/"},"modified":"2026-04-21T00:26:31","modified_gmt":"2026-04-21T00:26:31","slug":"superthings-kazoom-kids-set-za-igru-kid","status":"publish","type":"product","link":"https:\/\/singuli.wpress.me\/index.php\/proizvod\/superthings-kazoom-kids-set-za-igru-kid\/","title":{"rendered":"SUPERTHINGS Kazoom Kids, set za igru, Kid"},"content":{"rendered":"<p>Dobro do\u0161li, Kazoom Kids! Novi heroji i zlikovci Kaboom Cityja imaju nevjerojatne mo\u0107i. <br \/>\nKako su ih dobili? Neonblast, iskra energije koja je rezultat neuspjelog eksperimenta profesora K, upada u nevolje i puni svaki predmet koji dotakne energijom iz Kazooma. <br \/>\nKada obi\u010dni dje\u010daci i djevoj\u010dice do\u0111u u kontakt s ovim predmetima\u2026 pretvaraju se u Kazoom Kids i dobivaju \u010dudesne mo\u0107i.<br \/>\nSada \u0107e Kazoom Kids voditi tim SuperThingsa kako bi pobijedili Neonblast i dobili bitku. Tko su Kazoom Kids? <br \/>\n\u2013 Badnilla je hladan, prora\u010dunat Kazoom Kid. Zahvaljuju\u0107i svojoj snazi smrzavanja mo\u017ee zamrzavati povr\u0161ine ili koristiti svoju sna\u017enu \u017elicu za bacanje velikih kugli leda na svoje suparnike. To je kapetan Cream Teama! <br \/>\n\u2013 Superslice, kapetan Super Pack tima, dinami\u010dan je i zabavan, te izaziva senzaciju u Kaboom Cityju. Kre\u0107e se kroz grad sa svojom snagom pizze i ljepljivim plamenom sira, koji mo\u017ee koristiti da zarobi svoje suparnike ili da baci svoj mo\u0107ni \u0161tit na njih. <br \/>\n\u2013 Starberry je odli\u010dan u sportu zahvaljuju\u0107i svojoj disciplini i vedrom stavu. Svojom snagom mjehuri\u0107a mo\u017ee izbacivati ??sna\u017ene mlazove juhe i dose\u0107i velike visine. To je vo\u0111a tima Fresh Force! <br \/>\n\u2013 A taj miris\u2026 to je Trasher, kapetan ekipe Splash Trash! Dosadni, buntovni Kazoom Kid u opasnosti od vlastite prljave mo\u0107i. Mo\u017ee bacati ogromne valove sme\u0107a i ljigavog zelenog otpada, \u0161to ne oklijeva upotrijebiti protiv heroja. Njegov \u0161tit upija prljav\u0161tinu koju dotakne kako bi dobio vi\u0161e snage! <br \/>\n\u2013 Najve\u0107a Kazoom Kid zabava je Smash Crash! Voli upadati u nevolje i privla\u010diti pozornost. Tako\u0111er obo\u017eava svoje privla\u010dne mo\u0107i! Mo\u017ee bacati velike bombe konfeta- Sugarfun je ljubazan i odgovoran, te kapetan Candy Comba. Njegova bombonska super-snaga je zastra\u0161uju\u0107a, a mo\u017ee izdu\u017eiti ruke poput korijena! Voli slatki\u0161e i video igrice.<\/p>\n<p>Dob:3+<\/p>\n","protected":false},"excerpt":{"rendered":"<p>5 razli\u010ditih kompleta figurica<br \/>\nIzbor kompleta figurica nije mogu\u0107<br \/>\nDob: 3+ god<\/p>\n","protected":false},"featured_media":30166,"template":"","meta":{"_seopress_robots_primary_cat":"","_seopress_titles_title":"","_seopress_titles_desc":"","_seopress_robots_index":"","iawp_total_views":0},"product_brand":[383],"product_cat":[221,263],"product_tag":[],"class_list":{"0":"post-30165","1":"product","2":"type-product","3":"status-publish","4":"has-post-thumbnail","6":"product_brand-superthings","7":"product_cat-igracke","8":"product_cat-tematske-igracke-221","10":"first","11":"outofstock","12":"shipping-taxable","13":"purchasable","14":"product-type-simple"},"_links":{"self":[{"href":"https:\/\/singuli.wpress.me\/index.php\/wp-json\/wp\/v2\/product\/30165","targetHints":{"allow":["GET"]}}],"collection":[{"href":"https:\/\/singuli.wpress.me\/index.php\/wp-json\/wp\/v2\/product"}],"about":[{"href":"https:\/\/singuli.wpress.me\/index.php\/wp-json\/wp\/v2\/types\/product"}],"version-history":[{"count":0,"href":"https:\/\/singuli.wpress.me\/index.php\/wp-json\/wp\/v2\/product\/30165\/revisions"}],"wp:featuredmedia":[{"embeddable":true,"href":"https:\/\/singuli.wpress.me\/index.php\/wp-json\/wp\/v2\/media\/30166"}],"wp:attachment":[{"href":"https:\/\/singuli.wpress.me\/index.php\/wp-json\/wp\/v2\/media?parent=30165"}],"wp:term":[{"taxonomy":"product_brand","embeddable":true,"href":"https:\/\/singuli.wpress.me\/index.php\/wp-json\/wp\/v2\/product_brand?post=30165"},{"taxonomy":"product_cat","embeddable":true,"href":"https:\/\/singuli.wpress.me\/index.php\/wp-json\/wp\/v2\/product_cat?post=30165"},{"taxonomy":"product_tag","embeddable":true,"href":"https:\/\/singuli.wpress.me\/index.php\/wp-json\/wp\/v2\/product_tag?post=30165"}],"curies":[{"name":"wp","href":"https:\/\/api.w.org\/{rel}","templated":true}]}}