{"id":30182,"date":"2026-04-17T00:22:17","date_gmt":"2026-04-17T00:22:17","guid":{"rendered":"https:\/\/singuli.wpress.me\/index.php\/proizvod\/superthings-rescue-force-set-za-igru-kid\/"},"modified":"2026-04-21T00:26:31","modified_gmt":"2026-04-21T00:26:31","slug":"superthings-rescue-force-set-za-igru-kid","status":"publish","type":"product","link":"https:\/\/singuli.wpress.me\/index.php\/proizvod\/superthings-rescue-force-set-za-igru-kid\/","title":{"rendered":"SUPERTHINGS Rescue Force, set za igru, Kid"},"content":{"rendered":"<p>Hrabri i mo\u0107ni Kazoomblast nastavlja akumulirati energiju, stvaraju\u0107i \u010darobne efekte kakve grad nikada nije vidio. Stoga, u Kaboom Cityju se pojavljuje 6 novih Kazoom Kidsa, sada s krom efektom! Toolie Kit, Breakmania, Starlock, Cashillion, Watermax i Funfire pridru\u017euju se Supethingsima u borbi za grad. Tko \u0107e pobijediti? Samo vi mo\u017eete odlu\u010diti!<\/p>\n<p><span style=\"font-weight: bold;color: #4472C4\">Starlock<\/span><span style=\"color: #4472C4\"> je bio prili\u010dno smion kao dijete sve dok nije postao Kazoom Kid. Tada je otkrio da voli pomagati drugima i ispravljati stvari! Sada posjeduje nevjerojatni \u0161tit i najtvr\u0111u ko\u017eu u gradu te u\u010di kako postati heroj prvog reda. Usprkos svemu, uspjet \u0107e jer ima \u017eeljeznu volju!<\/p>\n<p><\/span><span style=\"font-weight: bold;color: #4472C4\">Cashillion<\/span><span style=\"color: #4472C4\"> Otkako se transformirao, sve \u0161to mu je na umu je zarada novca&#8230; jer \u0161to vi\u0161e ima, to vi\u0161e \u017eeli dobiti&#8230; I koristi svoje nevjerojatne kand\u017ee za napad ili da pokupi bilo \u0161to. Stra\u0161na mo\u0107 za prora\u010dunatog negativca poput njega! Uvijek voli biti u sredi\u0161tu pa\u017enje i spreman je uni\u0161titi grad!<\/p>\n<p><\/span><span style=\"font-weight: bold;color: #4472C4\">Toolie Kit<\/span><span style=\"color: #4472C4\"> Ovaj Kazoom Kid uvijek razmi\u0161lja o stotinu stvari koje mo\u017ee napraviti sa svojom mo\u0107i, i uz svoj mega proizvodni set alata, izvu\u0107i \u0107e svaki alat koji mu treba! Malo je lud, i kada radi na novom izumu, izgubi iz vida druge stvari. Ali recimo&#8230; zar svi genijalci nisu takvi?<\/p>\n<p> <\/span><span style=\"font-weight: bold;color: #4472C4\">Breakmania<\/span><span style=\"color: #4472C4\"> Kako se samo zabavlja ovaj Kazoom Kid negativac! Koristi svoju mo\u0107 za uni\u0161tavanje stvari. I u\u017eiva u tome! A s bu\u0161ilicom i \u010deki\u0107em mo\u017ee biti jo\u0161 u\u010dinkovitiji! \u017divi u svom vlastitom svijetu, lako se naljuti, ali kada mo\u017ee izazvati kaos&#8230; odmah to iskoristi!<\/p>\n<p><\/span><span style=\"font-weight: bold;color: #4472C4\">Watermax<\/span><span style=\"color: #4472C4\"> Ovaj Kazoom Kid uvijek \u017eeli pomo\u0107i! Ima veliko srce. Ponekad mo\u017eda \u010dak i preveliko&#8230; Ali, ne\u0107e oklijevati sko\u010diti u bitku. Zahvaljuju\u0107i svojoj sna\u017enoj vodenoj ruci, mo\u017ee ugasiti svaki po\u017ear koriste\u0107i gotovo beskona\u010dne koli\u010dine vode, ipak, kasnije ka\u017ee da je \u017eedan!<\/p>\n<p>Funfire Sa svojom vatrenom supermo\u0107i i \u0161ibicom-\u0161tapom, udara goru\u0107om snagom! Plamen mu daje mnogo energije, \u0161to ga \u010dini jo\u0161 hiperaktivnijim. Nikada ne znate gdje \u0107e se pojaviti! Voli svoju vatru i neprestano provjerava da ga netko ne ugasi.<\/p>\n<p><\/span><span style=\"font-weight: bold;color: #4472C4\">Sadr\u017ei<\/span><span style=\"color: #4472C4\">:<br \/>\n1 Kazoom Kid<br \/>\n1 SuperThing<\/span><\/p>\n","protected":false},"excerpt":{"rendered":"<p>6 novih Kazoom Kidsa<br \/>\nFigurice dolaze sa krom efektom<br \/>\nDob: 3+ god<\/p>\n","protected":false},"featured_media":30183,"template":"","meta":{"_seopress_robots_primary_cat":"","_seopress_titles_title":"","_seopress_titles_desc":"","_seopress_robots_index":"","iawp_total_views":0},"product_brand":[383],"product_cat":[221,263],"product_tag":[],"class_list":{"0":"post-30182","1":"product","2":"type-product","3":"status-publish","4":"has-post-thumbnail","6":"product_brand-superthings","7":"product_cat-igracke","8":"product_cat-tematske-igracke-221","10":"first","11":"outofstock","12":"shipping-taxable","13":"purchasable","14":"product-type-simple"},"_links":{"self":[{"href":"https:\/\/singuli.wpress.me\/index.php\/wp-json\/wp\/v2\/product\/30182","targetHints":{"allow":["GET"]}}],"collection":[{"href":"https:\/\/singuli.wpress.me\/index.php\/wp-json\/wp\/v2\/product"}],"about":[{"href":"https:\/\/singuli.wpress.me\/index.php\/wp-json\/wp\/v2\/types\/product"}],"version-history":[{"count":0,"href":"https:\/\/singuli.wpress.me\/index.php\/wp-json\/wp\/v2\/product\/30182\/revisions"}],"wp:featuredmedia":[{"embeddable":true,"href":"https:\/\/singuli.wpress.me\/index.php\/wp-json\/wp\/v2\/media\/30183"}],"wp:attachment":[{"href":"https:\/\/singuli.wpress.me\/index.php\/wp-json\/wp\/v2\/media?parent=30182"}],"wp:term":[{"taxonomy":"product_brand","embeddable":true,"href":"https:\/\/singuli.wpress.me\/index.php\/wp-json\/wp\/v2\/product_brand?post=30182"},{"taxonomy":"product_cat","embeddable":true,"href":"https:\/\/singuli.wpress.me\/index.php\/wp-json\/wp\/v2\/product_cat?post=30182"},{"taxonomy":"product_tag","embeddable":true,"href":"https:\/\/singuli.wpress.me\/index.php\/wp-json\/wp\/v2\/product_tag?post=30182"}],"curies":[{"name":"wp","href":"https:\/\/api.w.org\/{rel}","templated":true}]}}