{"id":30188,"date":"2026-04-17T00:22:20","date_gmt":"2026-04-17T00:22:20","guid":{"rendered":"https:\/\/singuli.wpress.me\/index.php\/proizvod\/superthings-rescue-force-set-za-igru-10-figurica\/"},"modified":"2026-04-20T12:33:01","modified_gmt":"2026-04-20T12:33:01","slug":"superthings-rescue-force-set-za-igru-10-figurica","status":"publish","type":"product","link":"https:\/\/singuli.wpress.me\/index.php\/proizvod\/superthings-rescue-force-set-za-igru-10-figurica\/","title":{"rendered":"SUPERTHINGS Rescue Force, set za igru, 10 figurica"},"content":{"rendered":"<p>\u017delite li brzo zapo\u010deti ili pro\u0161iriti svoju Superthings Rescue Force kolekciju? S ovim blister pakiranjem, dobit \u0107ete 10 razli\u010ditih figura, a zajam\u010deno \u0107ete dobiti jednu zlatnu figuru (heroja ili negativaca). Sjetite se da je svako pakiranje numerirano tako da odmah mo\u017eete dobiti obje zlatne figure.<\/p>\n<p>Ne zaboravite, Superthingsi su svakodnevni predmeti, pretvoreni u superheroje i supertvrdoglavce. Oni \u017eive u Kaboom Cityju, a svaki Superthing ima svog suparnika: potra\u017eite parove suparnika i upotpunite timove. Akcija je zagarantirana!<\/p>\n<p>Sadr\u017ei:<br \/>\n10 SuperThingsa (1 zlatni)<\/p>\n","protected":false},"excerpt":{"rendered":"<p>U pakiranju 1 zlatni Superthing<br \/>\nU pakiranju se nalazi 10 Superthingsa<br \/>\nDob: 3+ god<\/p>\n","protected":false},"featured_media":30189,"template":"","meta":{"_seopress_robots_primary_cat":"","_seopress_titles_title":"","_seopress_titles_desc":"","_seopress_robots_index":"","iawp_total_views":0},"product_brand":[383],"product_cat":[221,263],"product_tag":[],"class_list":{"0":"post-30188","1":"product","2":"type-product","3":"status-publish","4":"has-post-thumbnail","6":"product_brand-superthings","7":"product_cat-igracke","8":"product_cat-tematske-igracke-221","10":"first","11":"outofstock","12":"shipping-taxable","13":"purchasable","14":"product-type-simple"},"_links":{"self":[{"href":"https:\/\/singuli.wpress.me\/index.php\/wp-json\/wp\/v2\/product\/30188","targetHints":{"allow":["GET"]}}],"collection":[{"href":"https:\/\/singuli.wpress.me\/index.php\/wp-json\/wp\/v2\/product"}],"about":[{"href":"https:\/\/singuli.wpress.me\/index.php\/wp-json\/wp\/v2\/types\/product"}],"version-history":[{"count":0,"href":"https:\/\/singuli.wpress.me\/index.php\/wp-json\/wp\/v2\/product\/30188\/revisions"}],"wp:featuredmedia":[{"embeddable":true,"href":"https:\/\/singuli.wpress.me\/index.php\/wp-json\/wp\/v2\/media\/30189"}],"wp:attachment":[{"href":"https:\/\/singuli.wpress.me\/index.php\/wp-json\/wp\/v2\/media?parent=30188"}],"wp:term":[{"taxonomy":"product_brand","embeddable":true,"href":"https:\/\/singuli.wpress.me\/index.php\/wp-json\/wp\/v2\/product_brand?post=30188"},{"taxonomy":"product_cat","embeddable":true,"href":"https:\/\/singuli.wpress.me\/index.php\/wp-json\/wp\/v2\/product_cat?post=30188"},{"taxonomy":"product_tag","embeddable":true,"href":"https:\/\/singuli.wpress.me\/index.php\/wp-json\/wp\/v2\/product_tag?post=30188"}],"curies":[{"name":"wp","href":"https:\/\/api.w.org\/{rel}","templated":true}]}}