{"id":30224,"date":"2026-04-17T00:22:46","date_gmt":"2026-04-17T00:22:46","guid":{"rendered":"https:\/\/singuli.wpress.me\/index.php\/proizvod\/superthings-kazoom-kids-set-za-igru-bliser-kazoom-slider\/"},"modified":"2026-04-20T12:33:02","modified_gmt":"2026-04-20T12:33:02","slug":"superthings-kazoom-kids-set-za-igru-bliser-kazoom-slider","status":"publish","type":"product","link":"https:\/\/singuli.wpress.me\/index.php\/proizvod\/superthings-kazoom-kids-set-za-igru-bliser-kazoom-slider\/","title":{"rendered":"SUPERTHINGS Kazoom Kids, set za igru, Bliser Kazoom Slider"},"content":{"rendered":"<p>Otkrijte novo Kazoom Kids blister pakiranje koje sadr\u017ei 1 Kazoom Slider s \u201cpull back\u201d efektom, 1 rampu (dostupno samo u ovom blister pakiranju!) i 4 SuperThingsa iz serije Kazoom Kids: jedan od njih je srebrni kapetan! <br \/>\nSuperThingsi su svakodnevni predmeti pretvoreni u superheroje i superzlikovce, a svaki lik ima suparnika. \u017dive u Kaboom Cityju i grupirani su u timove, predvo\u0111eni srebrnim SuperThingsima. Tu su i dva super vo\u0111e, heroj i zlikovac sa zlatnim u\u010dinkom, te stvarno rijetki SuperThing, kojeg je najte\u017ee prona\u0107i! <br \/>\nU novoj seriji SuperThings Kazoom Kids, Neonblast je najskliskiji od svih. <br \/>\nDo\u017eivite tisu\u0107e avantura u gradu SuperThingsa!<\/p>\n<p>Dob:3+<\/p>\n","protected":false},"excerpt":{"rendered":"<p>Sadr\u017ei 1 Kazoom Slider s \u201cpull back\u201d efektom, 1 rampu i 4 figurice<br \/>\nIzbor kompleta figurica nije mogu\u0107<br \/>\nDob: 3+ god<\/p>\n","protected":false},"featured_media":30225,"template":"","meta":{"_seopress_robots_primary_cat":"","_seopress_titles_title":"","_seopress_titles_desc":"","_seopress_robots_index":"","iawp_total_views":0},"product_brand":[383],"product_cat":[221,263],"product_tag":[],"class_list":{"0":"post-30224","1":"product","2":"type-product","3":"status-publish","4":"has-post-thumbnail","6":"product_brand-superthings","7":"product_cat-igracke","8":"product_cat-tematske-igracke-221","10":"first","11":"instock","12":"shipping-taxable","13":"purchasable","14":"product-type-simple"},"_links":{"self":[{"href":"https:\/\/singuli.wpress.me\/index.php\/wp-json\/wp\/v2\/product\/30224","targetHints":{"allow":["GET"]}}],"collection":[{"href":"https:\/\/singuli.wpress.me\/index.php\/wp-json\/wp\/v2\/product"}],"about":[{"href":"https:\/\/singuli.wpress.me\/index.php\/wp-json\/wp\/v2\/types\/product"}],"version-history":[{"count":0,"href":"https:\/\/singuli.wpress.me\/index.php\/wp-json\/wp\/v2\/product\/30224\/revisions"}],"wp:featuredmedia":[{"embeddable":true,"href":"https:\/\/singuli.wpress.me\/index.php\/wp-json\/wp\/v2\/media\/30225"}],"wp:attachment":[{"href":"https:\/\/singuli.wpress.me\/index.php\/wp-json\/wp\/v2\/media?parent=30224"}],"wp:term":[{"taxonomy":"product_brand","embeddable":true,"href":"https:\/\/singuli.wpress.me\/index.php\/wp-json\/wp\/v2\/product_brand?post=30224"},{"taxonomy":"product_cat","embeddable":true,"href":"https:\/\/singuli.wpress.me\/index.php\/wp-json\/wp\/v2\/product_cat?post=30224"},{"taxonomy":"product_tag","embeddable":true,"href":"https:\/\/singuli.wpress.me\/index.php\/wp-json\/wp\/v2\/product_tag?post=30224"}],"curies":[{"name":"wp","href":"https:\/\/api.w.org\/{rel}","templated":true}]}}