{"id":30230,"date":"2026-04-17T00:22:49","date_gmt":"2026-04-17T00:22:49","guid":{"rendered":"https:\/\/singuli.wpress.me\/index.php\/proizvod\/superthings-team-terrible-set-za-igru\/"},"modified":"2026-04-20T12:33:02","modified_gmt":"2026-04-20T12:33:02","slug":"superthings-team-terrible-set-za-igru","status":"publish","type":"product","link":"https:\/\/singuli.wpress.me\/index.php\/proizvod\/superthings-team-terrible-set-za-igru\/","title":{"rendered":"SUPERTHINGS Team Terrible, set za igru"},"content":{"rendered":"<p>Novi SuperThings Tin sadr\u017ei 5 superzlikovaca koji \u010dine Team Terrible, faktor terora u svim sportskim natjecanjima! <\/p>\n<p>Predvo\u0111eni <span style=\"font-weight: bold;color: #4472C4\">Goldorom<\/span><span style=\"color: #4472C4\">, koji misli samo na pobjedu pod svaku cijenu, SuperThingsi u Team Terribleu \u010dine da se tlo trese dok hodaju: <\/span><span style=\"font-weight: bold;color: #4472C4\">Pani Pac<\/span><span style=\"color: #4472C4\">k je skliska hokeja\u0161ka zvijezda; <\/span><span style=\"font-weight: bold;color: #4472C4\">Red Kicker<\/span><span style=\"color: #4472C4\">, najve\u0107i prevarant negativac u nogometu; <\/span><span style=\"font-weight: bold;color: #4472C4\">Slam<\/span><span style=\"color: #4472C4\"> je ludi teniski manijak; a <\/span><span style=\"font-weight: bold;color: #4472C4\">Tacklehead<\/span><span style=\"color: #4472C4\"> je nepobjediv u ameri\u010dkom nogometu. Oni su najkonkurentniji negativci, uvijek spremni poku\u0161ati pobijediti u bilo kojoj utakmici. <br \/>\nO\u010dito, nikad ne igraju \u010distu igru! <br \/>\n5 likova imaju metalik zavr\u0161etak i dostupni su isklju\u010divo u limenci koju mo\u017eete koristiti za transport ili spremanje svojih omiljenih figurica!<\/p>\n<p>Dob:3+<\/span><\/p>\n","protected":false},"excerpt":{"rendered":"<p>Set od 5 figurica<br \/>\nFigurice dolaze u metalnoj kutijici<br \/>\nDob: 3+ god<\/p>\n","protected":false},"featured_media":30231,"template":"","meta":{"_seopress_robots_primary_cat":"","_seopress_titles_title":"","_seopress_titles_desc":"","_seopress_robots_index":"","iawp_total_views":0},"product_brand":[383],"product_cat":[221,263],"product_tag":[],"class_list":{"0":"post-30230","1":"product","2":"type-product","3":"status-publish","4":"has-post-thumbnail","6":"product_brand-superthings","7":"product_cat-igracke","8":"product_cat-tematske-igracke-221","10":"first","11":"outofstock","12":"shipping-taxable","13":"purchasable","14":"product-type-simple"},"_links":{"self":[{"href":"https:\/\/singuli.wpress.me\/index.php\/wp-json\/wp\/v2\/product\/30230","targetHints":{"allow":["GET"]}}],"collection":[{"href":"https:\/\/singuli.wpress.me\/index.php\/wp-json\/wp\/v2\/product"}],"about":[{"href":"https:\/\/singuli.wpress.me\/index.php\/wp-json\/wp\/v2\/types\/product"}],"version-history":[{"count":0,"href":"https:\/\/singuli.wpress.me\/index.php\/wp-json\/wp\/v2\/product\/30230\/revisions"}],"wp:featuredmedia":[{"embeddable":true,"href":"https:\/\/singuli.wpress.me\/index.php\/wp-json\/wp\/v2\/media\/30231"}],"wp:attachment":[{"href":"https:\/\/singuli.wpress.me\/index.php\/wp-json\/wp\/v2\/media?parent=30230"}],"wp:term":[{"taxonomy":"product_brand","embeddable":true,"href":"https:\/\/singuli.wpress.me\/index.php\/wp-json\/wp\/v2\/product_brand?post=30230"},{"taxonomy":"product_cat","embeddable":true,"href":"https:\/\/singuli.wpress.me\/index.php\/wp-json\/wp\/v2\/product_cat?post=30230"},{"taxonomy":"product_tag","embeddable":true,"href":"https:\/\/singuli.wpress.me\/index.php\/wp-json\/wp\/v2\/product_tag?post=30230"}],"curies":[{"name":"wp","href":"https:\/\/api.w.org\/{rel}","templated":true}]}}