{"id":30240,"date":"2026-04-17T00:22:57","date_gmt":"2026-04-17T00:22:57","guid":{"rendered":"https:\/\/singuli.wpress.me\/index.php\/proizvod\/chilly-manneti-protect-intimne-maramice-12-kom\/"},"modified":"2026-04-20T12:33:02","modified_gmt":"2026-04-20T12:33:02","slug":"chilly-manneti-protect-intimne-maramice-12-kom","status":"publish","type":"product","link":"https:\/\/singuli.wpress.me\/index.php\/proizvod\/chilly-manneti-protect-intimne-maramice-12-kom\/","title":{"rendered":"CHILLY Manneti Protect, intimne maramice, 12\u00a0kom"},"content":{"rendered":"<p>Chilly Protect maramice za intimnu njegu i za\u0161titu oboga\u0107ene su maj\u010dinom du\u0161icom i kaduljom, higijenskim agensima poznatim po svojim antisepti\u010dkim svojstvima koja pridonose u\u010dinkovitoj obrani i za\u0161titi u najrizi\u010dnijim trenucima, poput odlaska na bazen ili u teretanu.<\/p>\n<p>Maramice s pH5, po\u0161tuju normalnu fiziologiju sluznice vanjskih genitalija i okolnih podru\u010dja ko\u017ee.<\/p>\n","protected":false},"excerpt":{"rendered":"<p>Maramice oboga\u0107ene su maj\u010dinom du\u0161icom i kaduljom<br \/>\nMaramice s pH5<br \/>\nOboga\u0107en anti-odor molekulama koje neutraliziraju stvaranje neugodnih mirisa<\/p>\n","protected":false},"featured_media":30241,"template":"","meta":{"_seopress_robots_primary_cat":"","_seopress_titles_title":"","_seopress_titles_desc":"","_seopress_robots_index":"","iawp_total_views":0},"product_brand":[387],"product_cat":[268,278],"product_tag":[],"class_list":{"0":"post-30240","1":"product","2":"type-product","3":"status-publish","4":"has-post-thumbnail","6":"product_brand-chilly","7":"product_cat-kozmetika-2","8":"product_cat-njega-tijela-268","10":"first","11":"outofstock","12":"shipping-taxable","13":"purchasable","14":"product-type-simple"},"_links":{"self":[{"href":"https:\/\/singuli.wpress.me\/index.php\/wp-json\/wp\/v2\/product\/30240","targetHints":{"allow":["GET"]}}],"collection":[{"href":"https:\/\/singuli.wpress.me\/index.php\/wp-json\/wp\/v2\/product"}],"about":[{"href":"https:\/\/singuli.wpress.me\/index.php\/wp-json\/wp\/v2\/types\/product"}],"version-history":[{"count":0,"href":"https:\/\/singuli.wpress.me\/index.php\/wp-json\/wp\/v2\/product\/30240\/revisions"}],"wp:featuredmedia":[{"embeddable":true,"href":"https:\/\/singuli.wpress.me\/index.php\/wp-json\/wp\/v2\/media\/30241"}],"wp:attachment":[{"href":"https:\/\/singuli.wpress.me\/index.php\/wp-json\/wp\/v2\/media?parent=30240"}],"wp:term":[{"taxonomy":"product_brand","embeddable":true,"href":"https:\/\/singuli.wpress.me\/index.php\/wp-json\/wp\/v2\/product_brand?post=30240"},{"taxonomy":"product_cat","embeddable":true,"href":"https:\/\/singuli.wpress.me\/index.php\/wp-json\/wp\/v2\/product_cat?post=30240"},{"taxonomy":"product_tag","embeddable":true,"href":"https:\/\/singuli.wpress.me\/index.php\/wp-json\/wp\/v2\/product_tag?post=30240"}],"curies":[{"name":"wp","href":"https:\/\/api.w.org\/{rel}","templated":true}]}}