{"id":30244,"date":"2026-04-17T00:22:58","date_gmt":"2026-04-17T00:22:58","guid":{"rendered":"https:\/\/singuli.wpress.me\/index.php\/proizvod\/sportex-set-za-igru-ring-toss\/"},"modified":"2026-04-20T12:33:02","modified_gmt":"2026-04-20T12:33:02","slug":"sportex-set-za-igru-ring-toss","status":"publish","type":"product","link":"https:\/\/singuli.wpress.me\/index.php\/proizvod\/sportex-set-za-igru-ring-toss\/","title":{"rendered":"SPORTEX, set za igru, Ring Toss"},"content":{"rendered":"<p>Set sadr\u017ei plasti\u010dni nosa\u010d za stupove, 5 stupova i 6 prstenova.<br \/>\nDob: 3+<\/p>\n","protected":false},"excerpt":{"rendered":"<p>Sadr\u017ei plasti\u010dni nosa\u010d za stupove, 5 stupova i 6 prstenova<br \/>\nNamijenjen je za igranje na otvorenom<br \/>\nDob: 3+ god<\/p>\n","protected":false},"featured_media":30245,"template":"","meta":{"_seopress_robots_primary_cat":"","_seopress_titles_title":"","_seopress_titles_desc":"","_seopress_robots_index":"","iawp_total_views":0},"product_brand":[392],"product_cat":[274,238],"product_tag":[],"class_list":{"0":"post-30244","1":"product","2":"type-product","3":"status-publish","4":"has-post-thumbnail","6":"product_brand-sportex","7":"product_cat-kucanski-pribor-238","8":"product_cat-sve-za-dom","10":"first","11":"outofstock","12":"shipping-taxable","13":"purchasable","14":"product-type-simple"},"_links":{"self":[{"href":"https:\/\/singuli.wpress.me\/index.php\/wp-json\/wp\/v2\/product\/30244","targetHints":{"allow":["GET"]}}],"collection":[{"href":"https:\/\/singuli.wpress.me\/index.php\/wp-json\/wp\/v2\/product"}],"about":[{"href":"https:\/\/singuli.wpress.me\/index.php\/wp-json\/wp\/v2\/types\/product"}],"version-history":[{"count":0,"href":"https:\/\/singuli.wpress.me\/index.php\/wp-json\/wp\/v2\/product\/30244\/revisions"}],"wp:featuredmedia":[{"embeddable":true,"href":"https:\/\/singuli.wpress.me\/index.php\/wp-json\/wp\/v2\/media\/30245"}],"wp:attachment":[{"href":"https:\/\/singuli.wpress.me\/index.php\/wp-json\/wp\/v2\/media?parent=30244"}],"wp:term":[{"taxonomy":"product_brand","embeddable":true,"href":"https:\/\/singuli.wpress.me\/index.php\/wp-json\/wp\/v2\/product_brand?post=30244"},{"taxonomy":"product_cat","embeddable":true,"href":"https:\/\/singuli.wpress.me\/index.php\/wp-json\/wp\/v2\/product_cat?post=30244"},{"taxonomy":"product_tag","embeddable":true,"href":"https:\/\/singuli.wpress.me\/index.php\/wp-json\/wp\/v2\/product_tag?post=30244"}],"curies":[{"name":"wp","href":"https:\/\/api.w.org\/{rel}","templated":true}]}}