{"id":30252,"date":"2026-04-17T00:23:05","date_gmt":"2026-04-17T00:23:05","guid":{"rendered":"https:\/\/singuli.wpress.me\/index.php\/proizvod\/quercetti-fantacolor-3d-mozaik-s-gumbima-junior\/"},"modified":"2026-04-20T12:33:02","modified_gmt":"2026-04-20T12:33:02","slug":"quercetti-fantacolor-3d-mozaik-s-gumbima-junior","status":"publish","type":"product","link":"https:\/\/singuli.wpress.me\/index.php\/proizvod\/quercetti-fantacolor-3d-mozaik-s-gumbima-junior\/","title":{"rendered":"QUERCETTI Fantacolor, 3D mozaik s gumbima, Junior"},"content":{"rendered":"<p>Izrada prekrasnih mozaika umetanjem bockalica u plo\u010du zabavna je, kreativna i edukativna aktivnost koja poti\u010de prepoznavanje boja, razvija vje\u0161tine pokreta ruku i usavr\u0161ava koordinaciju ruku i o\u010diju. <\/p>\n<p>Nelomljiva i sigurna igra\u010dka: svi dijelovi su izra\u0111eni od visokokvalitetne, fleksibilne i perive plastike, sa zaobljenim rubovima. <\/p>\n<p><span style=\"font-weight: bold;color: #4472C4\">Dob: 2+<\/span><\/p>\n","protected":false},"excerpt":{"rendered":"<p>Poti\u010de prepoznavanje boja, razvija vje\u0161tine pokreta ruku i usavr\u0161ava koordinaciju ruku i o\u010diju<br \/>\nNelomljiva i sigurna igra\u010dka<br \/>\nDob: 2+ god<\/p>\n","protected":false},"featured_media":30253,"template":"","meta":{"_seopress_robots_primary_cat":"","_seopress_titles_title":"","_seopress_titles_desc":"","_seopress_robots_index":"","iawp_total_views":0},"product_brand":[375],"product_cat":[221,291],"product_tag":[],"class_list":{"0":"post-30252","1":"product","2":"type-product","3":"status-publish","4":"has-post-thumbnail","6":"product_brand-quercetti","7":"product_cat-igracke","8":"product_cat-igracke-za-djecu-221","10":"first","11":"outofstock","12":"shipping-taxable","13":"purchasable","14":"product-type-simple"},"_links":{"self":[{"href":"https:\/\/singuli.wpress.me\/index.php\/wp-json\/wp\/v2\/product\/30252","targetHints":{"allow":["GET"]}}],"collection":[{"href":"https:\/\/singuli.wpress.me\/index.php\/wp-json\/wp\/v2\/product"}],"about":[{"href":"https:\/\/singuli.wpress.me\/index.php\/wp-json\/wp\/v2\/types\/product"}],"version-history":[{"count":0,"href":"https:\/\/singuli.wpress.me\/index.php\/wp-json\/wp\/v2\/product\/30252\/revisions"}],"wp:featuredmedia":[{"embeddable":true,"href":"https:\/\/singuli.wpress.me\/index.php\/wp-json\/wp\/v2\/media\/30253"}],"wp:attachment":[{"href":"https:\/\/singuli.wpress.me\/index.php\/wp-json\/wp\/v2\/media?parent=30252"}],"wp:term":[{"taxonomy":"product_brand","embeddable":true,"href":"https:\/\/singuli.wpress.me\/index.php\/wp-json\/wp\/v2\/product_brand?post=30252"},{"taxonomy":"product_cat","embeddable":true,"href":"https:\/\/singuli.wpress.me\/index.php\/wp-json\/wp\/v2\/product_cat?post=30252"},{"taxonomy":"product_tag","embeddable":true,"href":"https:\/\/singuli.wpress.me\/index.php\/wp-json\/wp\/v2\/product_tag?post=30252"}],"curies":[{"name":"wp","href":"https:\/\/api.w.org\/{rel}","templated":true}]}}