{"id":30256,"date":"2026-04-17T00:23:08","date_gmt":"2026-04-17T00:23:08","guid":{"rendered":"https:\/\/singuli.wpress.me\/index.php\/proizvod\/spirax-s6-adme-a1p5-osovinsko-ulje-209-l\/"},"modified":"2026-04-20T12:33:02","modified_gmt":"2026-04-20T12:33:02","slug":"spirax-s6-adme-a1p5-osovinsko-ulje-209-l","status":"publish","type":"product","link":"https:\/\/singuli.wpress.me\/index.php\/proizvod\/spirax-s6-adme-a1p5-osovinsko-ulje-209-l\/","title":{"rendered":"SPIRAX S6 ADME A1P5, osovinsko ulje, 209\u00a0l"},"content":{"rendered":"<p>Potpuno sinteti\u010dko visoko kvalitetno osovinsko ulje dizajnirano da ispunjava posljednje Mercedes Benz i ostale visoko optere\u0107ene osovinske zahtjeve. Prednosti kori\u0161tenja su visoki indeks viskoziteta, oksidacijska otpornost, produ\u017eeni vike trajanja opreme. <br \/>\n<span style=\"font-weight: bold\">Specifikacije:<\/span> SAE J2360 (PRI GL 1010), DTFR 12B140, MAN 342 Tip S1, MAN 341 Tip Z2, MAN 341 Tip GA1, Volvo 97312, ZF TE-ML 02B, 05A, 12L, 16F, 17B, 19C, 21A, Scania STO 1:1 G, Scania STO 2:0 A FS, Detroit Fluids specifikacije 93K219.01. Zadovoljava sljede\u0107e specifikacije: API GL-4, API GL-5, API MT-1, Mack GO-J, Arvin Meritot O-76N, DAF. Za potpunu listu specifikacija molim kontaktirajte tehni\u010dkog savjetnika.<\/p>\n","protected":false},"excerpt":{"rendered":"<p>Potpuno sinteti\u010dko visoko kvalitetno osovinsko ulje<br \/>\nDizajnirano da ispunjava posljednje Mercedes Benz i ostale visoko optere\u0107ene osovinske zahtjeve<br \/>\nPrednosti kori\u0161tenja su visoki indeks viskoziteta, oksidacijska otpornost, produ\u017eeni vike trajanja opreme<\/p>\n","protected":false},"featured_media":30257,"template":"","meta":{"_seopress_robots_primary_cat":"","_seopress_titles_title":"","_seopress_titles_desc":"","_seopress_robots_index":"","iawp_total_views":0},"product_brand":[371],"product_cat":[243,276],"product_tag":[],"class_list":{"0":"post-30256","1":"product","2":"type-product","3":"status-publish","4":"has-post-thumbnail","6":"product_brand-spirax","7":"product_cat-automobili-i-motori","8":"product_cat-industrijska-i-specijalna-ulja-243","10":"first","11":"outofstock","12":"shipping-taxable","13":"purchasable","14":"product-type-simple"},"_links":{"self":[{"href":"https:\/\/singuli.wpress.me\/index.php\/wp-json\/wp\/v2\/product\/30256","targetHints":{"allow":["GET"]}}],"collection":[{"href":"https:\/\/singuli.wpress.me\/index.php\/wp-json\/wp\/v2\/product"}],"about":[{"href":"https:\/\/singuli.wpress.me\/index.php\/wp-json\/wp\/v2\/types\/product"}],"version-history":[{"count":0,"href":"https:\/\/singuli.wpress.me\/index.php\/wp-json\/wp\/v2\/product\/30256\/revisions"}],"wp:featuredmedia":[{"embeddable":true,"href":"https:\/\/singuli.wpress.me\/index.php\/wp-json\/wp\/v2\/media\/30257"}],"wp:attachment":[{"href":"https:\/\/singuli.wpress.me\/index.php\/wp-json\/wp\/v2\/media?parent=30256"}],"wp:term":[{"taxonomy":"product_brand","embeddable":true,"href":"https:\/\/singuli.wpress.me\/index.php\/wp-json\/wp\/v2\/product_brand?post=30256"},{"taxonomy":"product_cat","embeddable":true,"href":"https:\/\/singuli.wpress.me\/index.php\/wp-json\/wp\/v2\/product_cat?post=30256"},{"taxonomy":"product_tag","embeddable":true,"href":"https:\/\/singuli.wpress.me\/index.php\/wp-json\/wp\/v2\/product_tag?post=30256"}],"curies":[{"name":"wp","href":"https:\/\/api.w.org\/{rel}","templated":true}]}}