{"id":30258,"date":"2026-04-17T00:23:10","date_gmt":"2026-04-17T00:23:10","guid":{"rendered":"https:\/\/singuli.wpress.me\/index.php\/proizvod\/sportex-set-za-igru-golf\/"},"modified":"2026-04-20T12:33:02","modified_gmt":"2026-04-20T12:33:02","slug":"sportex-set-za-igru-golf","status":"publish","type":"product","link":"https:\/\/singuli.wpress.me\/index.php\/proizvod\/sportex-set-za-igru-golf\/","title":{"rendered":"SPORTEX, set za igru, golf"},"content":{"rendered":"<p>SportX set za golf je pravi izbor za djecu, koja \u017eele ste\u0107i golferske vje\u0161tine. <\/p>\n<p>Set sadr\u017ei golferska kolica s kota\u010dima, 3 \u0161tapa za igranje, 3 loptice i 2 &quot;rupe&quot; za vje\u017ebanje sa zastavicama. <\/p>\n<p>Utje\u010de na fizi\u010dki i mentalni razvoj djeteta. <\/p>\n<p>Ako \u017eelite provesti kvalitetno vrijeme sa svojim djetetom, ovo je pravi set za vas! <\/p>\n<p>Dob: 3+<\/p>\n","protected":false},"excerpt":{"rendered":"<p>Utje\u010de na fizi\u010dki i mentalni razvoj djeteta<br \/>\nSadr\u017ei: kolica, 3 palice, 3 loptice i 2 rupe sa zastavicama<br \/>\nDob: 3+ god<\/p>\n","protected":false},"featured_media":30259,"template":"","meta":{"_seopress_robots_primary_cat":"","_seopress_titles_title":"","_seopress_titles_desc":"","_seopress_robots_index":"","iawp_total_views":0},"product_brand":[392],"product_cat":[274,238],"product_tag":[],"class_list":{"0":"post-30258","1":"product","2":"type-product","3":"status-publish","4":"has-post-thumbnail","6":"product_brand-sportex","7":"product_cat-kucanski-pribor-238","8":"product_cat-sve-za-dom","10":"first","11":"outofstock","12":"shipping-taxable","13":"purchasable","14":"product-type-simple"},"_links":{"self":[{"href":"https:\/\/singuli.wpress.me\/index.php\/wp-json\/wp\/v2\/product\/30258","targetHints":{"allow":["GET"]}}],"collection":[{"href":"https:\/\/singuli.wpress.me\/index.php\/wp-json\/wp\/v2\/product"}],"about":[{"href":"https:\/\/singuli.wpress.me\/index.php\/wp-json\/wp\/v2\/types\/product"}],"version-history":[{"count":0,"href":"https:\/\/singuli.wpress.me\/index.php\/wp-json\/wp\/v2\/product\/30258\/revisions"}],"wp:featuredmedia":[{"embeddable":true,"href":"https:\/\/singuli.wpress.me\/index.php\/wp-json\/wp\/v2\/media\/30259"}],"wp:attachment":[{"href":"https:\/\/singuli.wpress.me\/index.php\/wp-json\/wp\/v2\/media?parent=30258"}],"wp:term":[{"taxonomy":"product_brand","embeddable":true,"href":"https:\/\/singuli.wpress.me\/index.php\/wp-json\/wp\/v2\/product_brand?post=30258"},{"taxonomy":"product_cat","embeddable":true,"href":"https:\/\/singuli.wpress.me\/index.php\/wp-json\/wp\/v2\/product_cat?post=30258"},{"taxonomy":"product_tag","embeddable":true,"href":"https:\/\/singuli.wpress.me\/index.php\/wp-json\/wp\/v2\/product_tag?post=30258"}],"curies":[{"name":"wp","href":"https:\/\/api.w.org\/{rel}","templated":true}]}}