{"id":30268,"date":"2026-04-17T00:23:21","date_gmt":"2026-04-17T00:23:21","guid":{"rendered":"https:\/\/singuli.wpress.me\/index.php\/proizvod\/robo-alive-dino-wars-figura-raptor\/"},"modified":"2026-04-20T12:33:02","modified_gmt":"2026-04-20T12:33:02","slug":"robo-alive-dino-wars-figura-raptor","status":"publish","type":"product","link":"https:\/\/singuli.wpress.me\/index.php\/proizvod\/robo-alive-dino-wars-figura-raptor\/","title":{"rendered":"ROBO ALIVE Dino Wars, figura, raptor"},"content":{"rendered":"<p><span style=\"font-weight: bold;color: #4472C4\">REALNI POKRETI RAPTORA: <\/span><span style=\"color: #4472C4\">Ovaj predator tr\u010di velikom brzinom i grize poput pravog dinosaura! S realisti\u010dnim o\u010dima i brzim pokretima kand\u017ei, ovaj Raptor stvarno o\u017eivljava! Novi obrambeni oklop i napredna robotska tehnologija govore da je ovaj Raptor spreman za Dino Wars!<\/p>\n<p><\/span><span style=\"font-weight: bold;color: #4472C4\">ODLIKE DINO WARS-a:<\/span><span style=\"color: #4472C4\"> Raptor je spreman za bitku! Raptor ima 4 lako odvojiva dijela obrambenog oklopa \u0161to ga \u010dini spremnim za svaku Dino bitku!<\/p>\n<p><\/span><span style=\"font-weight: bold;color: #4472C4\">NAPREDNA TEHNOLOGIJA:<\/span><span style=\"color: #4472C4\"> Kombiniraju\u0107i visokokvalitetnu tehnologiju s realisti\u010dnim dizajnom, ovaj Raptor doista izgleda kao pravi!<\/p>\n<p>Dob: 3+<\/span><\/p>\n","protected":false},"excerpt":{"rendered":"<p>Tr\u010di velikom brzinom i grize poput pravog dinosaura<br \/>\n4 lako odvojiva dijela obrambenog oklop<br \/>\nDob: 3+ god<\/p>\n","protected":false},"featured_media":30269,"template":"","meta":{"_seopress_robots_primary_cat":"","_seopress_titles_title":"","_seopress_titles_desc":"","_seopress_robots_index":"","iawp_total_views":0},"product_brand":[374],"product_cat":[221,263],"product_tag":[],"class_list":{"0":"post-30268","1":"product","2":"type-product","3":"status-publish","4":"has-post-thumbnail","6":"product_brand-robo-alive","7":"product_cat-igracke","8":"product_cat-tematske-igracke-221","10":"first","11":"outofstock","12":"shipping-taxable","13":"purchasable","14":"product-type-simple"},"_links":{"self":[{"href":"https:\/\/singuli.wpress.me\/index.php\/wp-json\/wp\/v2\/product\/30268","targetHints":{"allow":["GET"]}}],"collection":[{"href":"https:\/\/singuli.wpress.me\/index.php\/wp-json\/wp\/v2\/product"}],"about":[{"href":"https:\/\/singuli.wpress.me\/index.php\/wp-json\/wp\/v2\/types\/product"}],"version-history":[{"count":0,"href":"https:\/\/singuli.wpress.me\/index.php\/wp-json\/wp\/v2\/product\/30268\/revisions"}],"wp:featuredmedia":[{"embeddable":true,"href":"https:\/\/singuli.wpress.me\/index.php\/wp-json\/wp\/v2\/media\/30269"}],"wp:attachment":[{"href":"https:\/\/singuli.wpress.me\/index.php\/wp-json\/wp\/v2\/media?parent=30268"}],"wp:term":[{"taxonomy":"product_brand","embeddable":true,"href":"https:\/\/singuli.wpress.me\/index.php\/wp-json\/wp\/v2\/product_brand?post=30268"},{"taxonomy":"product_cat","embeddable":true,"href":"https:\/\/singuli.wpress.me\/index.php\/wp-json\/wp\/v2\/product_cat?post=30268"},{"taxonomy":"product_tag","embeddable":true,"href":"https:\/\/singuli.wpress.me\/index.php\/wp-json\/wp\/v2\/product_tag?post=30268"}],"curies":[{"name":"wp","href":"https:\/\/api.w.org\/{rel}","templated":true}]}}