{"id":30283,"date":"2026-04-17T00:23:30","date_gmt":"2026-04-17T00:23:30","guid":{"rendered":"https:\/\/singuli.wpress.me\/index.php\/proizvod\/star-ride-balans-drveni-bicikl-plavi\/"},"modified":"2026-04-20T12:33:02","modified_gmt":"2026-04-20T12:33:02","slug":"star-ride-balans-drveni-bicikl-plavi","status":"publish","type":"product","link":"https:\/\/singuli.wpress.me\/index.php\/proizvod\/star-ride-balans-drveni-bicikl-plavi\/","title":{"rendered":"STAR RIDE Balans drveni, bicikl, plavi"},"content":{"rendered":"<p>Bicikl se kre\u0107e tako da se dijete odguruje nogama. Dijete tako\u0111er ko\u010di nogama. Budu\u0107i da je bicikl u osnovi bicikl bez pedala, djeca brzo nau\u010de osnove ravnote\u017ee i kontrole.<\/p>\n<p>Bicikl je uglavnom namijenjen za vanjsku upotrebu, ali je zbog svog ergonomskog dizajna prikladan za kori\u0161tenje u ve\u0107im prostorima, kao \u0161to su terasa ili dnevni boravak.<\/p>\n<p>Dolazi sa zvonom i torbom.<\/p>\n<p>Dimenzije: 83x36x55 cm<br \/>\nBoja: plava<\/p>\n<p>Prikladno za djecu stariju od 3 godine.<\/p>\n","protected":false},"excerpt":{"rendered":"<p>Namijenjen za vanjsku upotrebu<br \/>\nDolazi sa zvonom i torbom<br \/>\nDob: 3+ god<\/p>\n","protected":false},"featured_media":30284,"template":"","meta":{"_seopress_robots_primary_cat":"","_seopress_titles_title":"","_seopress_titles_desc":"","_seopress_robots_index":"","iawp_total_views":0},"product_brand":[377],"product_cat":[274,238],"product_tag":[],"class_list":{"0":"post-30283","1":"product","2":"type-product","3":"status-publish","4":"has-post-thumbnail","6":"product_brand-star-ride","7":"product_cat-kucanski-pribor-238","8":"product_cat-sve-za-dom","10":"first","11":"instock","12":"shipping-taxable","13":"purchasable","14":"product-type-simple"},"_links":{"self":[{"href":"https:\/\/singuli.wpress.me\/index.php\/wp-json\/wp\/v2\/product\/30283","targetHints":{"allow":["GET"]}}],"collection":[{"href":"https:\/\/singuli.wpress.me\/index.php\/wp-json\/wp\/v2\/product"}],"about":[{"href":"https:\/\/singuli.wpress.me\/index.php\/wp-json\/wp\/v2\/types\/product"}],"version-history":[{"count":0,"href":"https:\/\/singuli.wpress.me\/index.php\/wp-json\/wp\/v2\/product\/30283\/revisions"}],"wp:featuredmedia":[{"embeddable":true,"href":"https:\/\/singuli.wpress.me\/index.php\/wp-json\/wp\/v2\/media\/30284"}],"wp:attachment":[{"href":"https:\/\/singuli.wpress.me\/index.php\/wp-json\/wp\/v2\/media?parent=30283"}],"wp:term":[{"taxonomy":"product_brand","embeddable":true,"href":"https:\/\/singuli.wpress.me\/index.php\/wp-json\/wp\/v2\/product_brand?post=30283"},{"taxonomy":"product_cat","embeddable":true,"href":"https:\/\/singuli.wpress.me\/index.php\/wp-json\/wp\/v2\/product_cat?post=30283"},{"taxonomy":"product_tag","embeddable":true,"href":"https:\/\/singuli.wpress.me\/index.php\/wp-json\/wp\/v2\/product_tag?post=30283"}],"curies":[{"name":"wp","href":"https:\/\/api.w.org\/{rel}","templated":true}]}}