{"id":30294,"date":"2026-04-17T00:23:35","date_gmt":"2026-04-17T00:23:35","guid":{"rendered":"https:\/\/singuli.wpress.me\/index.php\/proizvod\/ucar-kolica-za-lutke\/"},"modified":"2026-04-20T12:33:02","modified_gmt":"2026-04-20T12:33:02","slug":"ucar-kolica-za-lutke","status":"publish","type":"product","link":"https:\/\/singuli.wpress.me\/index.php\/proizvod\/ucar-kolica-za-lutke\/","title":{"rendered":"UCAR, kolica, za lutke"},"content":{"rendered":"<p>Kolica su prekrasna igra\u010dka namijenjena djeci koja vole opona\u0161ati odrasle u svakodnevnim zadacima. Ova slatka i prakti\u010dna kolica savr\u0161ena su za igranje uloga i poti\u010du djecu na aktivnu igru dok istovremeno razvijaju njihovu ma\u0161tu i dru\u0161tvene vje\u0161tine.<\/p>\n<p>Prekrivena kolica od 42 cm mogu ujedno biti i kreveti\u0107 za lutku.<\/p>\n<p>Guranje kolica poma\u017ee u razvoju motori\u010dkih sposobnosti i koordinacije, a istovremeno poti\u010de fizi\u010dku aktivnost.<\/p>\n<p>Izra\u0111ena od sigurnih, izdr\u017eljivih materijala koji osiguravaju dug \u017eivot i sigurnu igru za djecu.<\/p>\n<p>Prikladno za djecu stariju od 3 godine.<\/p>\n","protected":false},"excerpt":{"rendered":"<p>Poma\u017ee u razvoju motori\u010dkih sposobnosti i koordinacije<br \/>\nSavr\u0161ena su za igranje uloga i poti\u010du djecu na aktivnu igru<br \/>\nDob: 3+ god<\/p>\n","protected":false},"featured_media":30295,"template":"","meta":{"_seopress_robots_primary_cat":"","_seopress_titles_title":"","_seopress_titles_desc":"","_seopress_robots_index":"","iawp_total_views":0},"product_brand":[367],"product_cat":[274,238],"product_tag":[],"class_list":{"0":"post-30294","1":"product","2":"type-product","3":"status-publish","4":"has-post-thumbnail","6":"product_brand-ucar","7":"product_cat-kucanski-pribor-238","8":"product_cat-sve-za-dom","10":"first","11":"instock","12":"shipping-taxable","13":"purchasable","14":"product-type-simple"},"_links":{"self":[{"href":"https:\/\/singuli.wpress.me\/index.php\/wp-json\/wp\/v2\/product\/30294","targetHints":{"allow":["GET"]}}],"collection":[{"href":"https:\/\/singuli.wpress.me\/index.php\/wp-json\/wp\/v2\/product"}],"about":[{"href":"https:\/\/singuli.wpress.me\/index.php\/wp-json\/wp\/v2\/types\/product"}],"version-history":[{"count":0,"href":"https:\/\/singuli.wpress.me\/index.php\/wp-json\/wp\/v2\/product\/30294\/revisions"}],"wp:featuredmedia":[{"embeddable":true,"href":"https:\/\/singuli.wpress.me\/index.php\/wp-json\/wp\/v2\/media\/30295"}],"wp:attachment":[{"href":"https:\/\/singuli.wpress.me\/index.php\/wp-json\/wp\/v2\/media?parent=30294"}],"wp:term":[{"taxonomy":"product_brand","embeddable":true,"href":"https:\/\/singuli.wpress.me\/index.php\/wp-json\/wp\/v2\/product_brand?post=30294"},{"taxonomy":"product_cat","embeddable":true,"href":"https:\/\/singuli.wpress.me\/index.php\/wp-json\/wp\/v2\/product_cat?post=30294"},{"taxonomy":"product_tag","embeddable":true,"href":"https:\/\/singuli.wpress.me\/index.php\/wp-json\/wp\/v2\/product_tag?post=30294"}],"curies":[{"name":"wp","href":"https:\/\/api.w.org\/{rel}","templated":true}]}}