{"id":30301,"date":"2026-04-17T00:23:38","date_gmt":"2026-04-17T00:23:38","guid":{"rendered":"https:\/\/singuli.wpress.me\/index.php\/proizvod\/x-shot-skins-puska-sa-spuzvastim-mecima-dread\/"},"modified":"2026-04-20T12:33:02","modified_gmt":"2026-04-20T12:33:02","slug":"x-shot-skins-puska-sa-spuzvastim-mecima-dread","status":"publish","type":"product","link":"https:\/\/singuli.wpress.me\/index.php\/proizvod\/x-shot-skins-puska-sa-spuzvastim-mecima-dread\/","title":{"rendered":"X-SHOT Skins, pu\u0161ka, sa spu\u017evastim mecima &#8211; Dread"},"content":{"rendered":"<p>Odaberite izgled svog X-Shota! X-Shot Skins je prvi blaster kod kojega sami birate dizajn. Pripremite se za kaos uz X-Shot Skins Dread.<\/p>\n<p>S kapacitetom od 12 strelica i dvostruko rotiraju\u0107im cijevima, Dread te sprema za mo\u0107nu i uzbudljivu bitku. Kad vam ponestane strelica u jednoj cijevi, brzo prije\u0111ite na drugu i ga\u0111ajte protivnika na udaljenosti i do 27 m.<\/p>\n<p>X-Shot Skins strelice imaju novu Air Pocket tehnologiju za br\u017ei, dulji i precizniji pogodak. X-Shot Skins Dread blaster dolazi u 7 jedinstvenih dizajna, sakupi ih sve. <\/p>\n<p>Dob: 8+<\/p>\n","protected":false},"excerpt":{"rendered":"<p>Pru\u017ea iznimnu preciznost na udaljenosti do 27 m<br \/>\nDolazi u asortimanu od  7 jedinstvenih blastera<br \/>\nDob: 8+ god<\/p>\n","protected":false},"featured_media":30302,"template":"","meta":{"_seopress_robots_primary_cat":"","_seopress_titles_title":"","_seopress_titles_desc":"","_seopress_robots_index":"","iawp_total_views":0},"product_brand":[338],"product_cat":[221,263],"product_tag":[],"class_list":{"0":"post-30301","1":"product","2":"type-product","3":"status-publish","4":"has-post-thumbnail","6":"product_brand-x-shot","7":"product_cat-igracke","8":"product_cat-tematske-igracke-221","10":"first","11":"instock","12":"shipping-taxable","13":"purchasable","14":"product-type-simple"},"_links":{"self":[{"href":"https:\/\/singuli.wpress.me\/index.php\/wp-json\/wp\/v2\/product\/30301","targetHints":{"allow":["GET"]}}],"collection":[{"href":"https:\/\/singuli.wpress.me\/index.php\/wp-json\/wp\/v2\/product"}],"about":[{"href":"https:\/\/singuli.wpress.me\/index.php\/wp-json\/wp\/v2\/types\/product"}],"version-history":[{"count":0,"href":"https:\/\/singuli.wpress.me\/index.php\/wp-json\/wp\/v2\/product\/30301\/revisions"}],"wp:featuredmedia":[{"embeddable":true,"href":"https:\/\/singuli.wpress.me\/index.php\/wp-json\/wp\/v2\/media\/30302"}],"wp:attachment":[{"href":"https:\/\/singuli.wpress.me\/index.php\/wp-json\/wp\/v2\/media?parent=30301"}],"wp:term":[{"taxonomy":"product_brand","embeddable":true,"href":"https:\/\/singuli.wpress.me\/index.php\/wp-json\/wp\/v2\/product_brand?post=30301"},{"taxonomy":"product_cat","embeddable":true,"href":"https:\/\/singuli.wpress.me\/index.php\/wp-json\/wp\/v2\/product_cat?post=30301"},{"taxonomy":"product_tag","embeddable":true,"href":"https:\/\/singuli.wpress.me\/index.php\/wp-json\/wp\/v2\/product_tag?post=30301"}],"curies":[{"name":"wp","href":"https:\/\/api.w.org\/{rel}","templated":true}]}}