{"id":30310,"date":"2026-04-17T00:23:44","date_gmt":"2026-04-17T00:23:44","guid":{"rendered":"https:\/\/singuli.wpress.me\/index.php\/proizvod\/iggy-ziggy-pop-up-slagalica\/"},"modified":"2026-04-21T00:26:32","modified_gmt":"2026-04-21T00:26:32","slug":"iggy-ziggy-pop-up-slagalica","status":"publish","type":"product","link":"https:\/\/singuli.wpress.me\/index.php\/proizvod\/iggy-ziggy-pop-up-slagalica\/","title":{"rendered":"IGGY ZIGGY, pop up slagalica"},"content":{"rendered":"<p>Ova igra\u010dka donosi radost i uzbu\u0111enje svakim pritiskom na gumb. Kada pritisnete gumb, iznenada isko\u010di mala \u017eivotinjica, \u0161to dodatno o\u017eivljava igru.<\/p>\n<p>Ova igra\u010dka ne sadr\u017ei baterije! To zna\u010di da je okoli\u0161no prihvatljiva i ne morate brinuti o zamjeni ili punjenju baterija. Dijete \u0107e u\u017eivati u beskrajnoj igri skriva\u010da s ovom \u010darobnom igra\u010dkom, a vi \u0107ete u\u017eivati u njihovim reakcijama i smijehu. Ova igra\u010dka je savr\u0161en spoj zabave i jednostavnosti, pru\u017ea sate i sate veselja bez komplikacija.<\/p>\n<p><span style=\"font-weight: bold;color: #4472C4\">Dob: +18mj<\/span><\/p>\n","protected":false},"excerpt":{"rendered":"<p>Igra\u010dka ne sadr\u017ei baterije<br \/>\nSavr\u0161en spoj zabave i jednostavnosti<br \/>\nDob: 18+m<\/p>\n","protected":false},"featured_media":30311,"template":"","meta":{"_seopress_robots_primary_cat":"","_seopress_titles_title":"","_seopress_titles_desc":"","_seopress_robots_index":"","iawp_total_views":0},"product_brand":[358],"product_cat":[221,291],"product_tag":[],"class_list":{"0":"post-30310","1":"product","2":"type-product","3":"status-publish","4":"has-post-thumbnail","6":"product_brand-iggy-ziggy","7":"product_cat-igracke","8":"product_cat-igracke-za-djecu-221","10":"first","11":"outofstock","12":"shipping-taxable","13":"purchasable","14":"product-type-simple"},"_links":{"self":[{"href":"https:\/\/singuli.wpress.me\/index.php\/wp-json\/wp\/v2\/product\/30310","targetHints":{"allow":["GET"]}}],"collection":[{"href":"https:\/\/singuli.wpress.me\/index.php\/wp-json\/wp\/v2\/product"}],"about":[{"href":"https:\/\/singuli.wpress.me\/index.php\/wp-json\/wp\/v2\/types\/product"}],"version-history":[{"count":0,"href":"https:\/\/singuli.wpress.me\/index.php\/wp-json\/wp\/v2\/product\/30310\/revisions"}],"wp:featuredmedia":[{"embeddable":true,"href":"https:\/\/singuli.wpress.me\/index.php\/wp-json\/wp\/v2\/media\/30311"}],"wp:attachment":[{"href":"https:\/\/singuli.wpress.me\/index.php\/wp-json\/wp\/v2\/media?parent=30310"}],"wp:term":[{"taxonomy":"product_brand","embeddable":true,"href":"https:\/\/singuli.wpress.me\/index.php\/wp-json\/wp\/v2\/product_brand?post=30310"},{"taxonomy":"product_cat","embeddable":true,"href":"https:\/\/singuli.wpress.me\/index.php\/wp-json\/wp\/v2\/product_cat?post=30310"},{"taxonomy":"product_tag","embeddable":true,"href":"https:\/\/singuli.wpress.me\/index.php\/wp-json\/wp\/v2\/product_tag?post=30310"}],"curies":[{"name":"wp","href":"https:\/\/api.w.org\/{rel}","templated":true}]}}