{"id":30316,"date":"2026-04-17T00:23:47","date_gmt":"2026-04-17T00:23:47","guid":{"rendered":"https:\/\/singuli.wpress.me\/index.php\/proizvod\/ot-plis-iz-plisana-igracka-reverzibilne-zivotinje\/"},"modified":"2026-04-20T12:33:02","modified_gmt":"2026-04-20T12:33:02","slug":"ot-plis-iz-plisana-igracka-reverzibilne-zivotinje","status":"publish","type":"product","link":"https:\/\/singuli.wpress.me\/index.php\/proizvod\/ot-plis-iz-plisana-igracka-reverzibilne-zivotinje\/","title":{"rendered":"OT PLIS IZ, pli\u0161ana igra\u010dka, reverzibilne \u017eivotinje"},"content":{"rendered":"<p>Predstavljamo vam najnoviji hit na TikTok-u!<br \/>\n<span style=\"font-weight: bold\">Kolekcija reverzibilnih pli\u0161anih igra\u010daka koje \u0107e re\u0107i kako se osje\u0107aju, a da pritom ni\u0161ta ne govore!<br \/>\n<\/span><br \/>\nU ovoj kolekciji nalaze se pli\u0161ani prijatelji, od kojih svaki nosi dva izraza: jedan skriveni i jedan vidljivi.<br \/>\nDa biste vidjeli skriveni, jednostavno preokrenite \u017eivotinju iznutra i iznenadite se!<br \/>\nOsmijeh ili namrgo\u0111eno lice, a tako\u0111er i nova boja. Koju god boju odabrali, svidjet \u0107e vam se koliko je hobotnica slatka i lako \u0107ete se u nju zaljubiti. \u010cak je i namrgo\u0111eno lice preslatko!<\/p>\n<p>Va\u0161 mekani reverzibilni pli\u0161ani prijatelj poti\u010de djecu da suptilno i to\u010dno prepoznaju i ozna\u010davaju svoje osje\u0107aje.<br \/>\nKoristite ova stvorenja kako biste djecu vodili kroz zdravo i prosocijalno izra\u017eavanje osje\u0107aja, posebno kada pro\u017eivljavaju emocije poput tuge i ljutnje.<\/p>\n<p>Da biste potaknuli svoje dijete da izrazi kako se osje\u0107a, jednostavno ga zamolite da &quot;preokrene&quot; svog pli\u0161anca dok se ne vidi izraz koji odgovara njihovim osje\u0107ajima.<\/p>\n<p>Ova reverzibilna pli\u0161ana igra\u010dka poma\u017ee djeci da bolje razumiju i dopuste emocije i da ih to\u010dno opisuju. A podr\u017eava i u\u010denje boja! Ali ovaj slatki pli\u0161anac nije samo za djecu. To je tako\u0111er sjajan na\u010din da odrasli komuniciraju kako se osje\u0107aju!<\/p>\n<p>Postavite svoju reverzibilnu pli\u0161anu igra\u010dku na radni stol ili kuhinjsku plo\u010du kako biste svojim prijateljima, obitelji i kolegama rekli je li vam je sretan ili tu\u017ean dan ili trenutak.<\/p>\n<p>Dob: 3+<\/p>\n","protected":false},"excerpt":{"rendered":"<p>Poma\u017ee djeci da bolje razumiju i dopuste emocije i da ih to\u010dno opisuju<br \/>\nPodr\u017eava i u\u010denje boja<br \/>\nDob: 3+ god<\/p>\n","protected":false},"featured_media":30317,"template":"","meta":{"_seopress_robots_primary_cat":"","_seopress_titles_title":"","_seopress_titles_desc":"","_seopress_robots_index":"","iawp_total_views":0},"product_brand":[360],"product_cat":[221,291],"product_tag":[],"class_list":{"0":"post-30316","1":"product","2":"type-product","3":"status-publish","4":"has-post-thumbnail","6":"product_brand-ot-plis-iz","7":"product_cat-igracke","8":"product_cat-igracke-za-djecu-221","10":"first","11":"instock","12":"shipping-taxable","13":"purchasable","14":"product-type-simple"},"_links":{"self":[{"href":"https:\/\/singuli.wpress.me\/index.php\/wp-json\/wp\/v2\/product\/30316","targetHints":{"allow":["GET"]}}],"collection":[{"href":"https:\/\/singuli.wpress.me\/index.php\/wp-json\/wp\/v2\/product"}],"about":[{"href":"https:\/\/singuli.wpress.me\/index.php\/wp-json\/wp\/v2\/types\/product"}],"version-history":[{"count":0,"href":"https:\/\/singuli.wpress.me\/index.php\/wp-json\/wp\/v2\/product\/30316\/revisions"}],"wp:featuredmedia":[{"embeddable":true,"href":"https:\/\/singuli.wpress.me\/index.php\/wp-json\/wp\/v2\/media\/30317"}],"wp:attachment":[{"href":"https:\/\/singuli.wpress.me\/index.php\/wp-json\/wp\/v2\/media?parent=30316"}],"wp:term":[{"taxonomy":"product_brand","embeddable":true,"href":"https:\/\/singuli.wpress.me\/index.php\/wp-json\/wp\/v2\/product_brand?post=30316"},{"taxonomy":"product_cat","embeddable":true,"href":"https:\/\/singuli.wpress.me\/index.php\/wp-json\/wp\/v2\/product_cat?post=30316"},{"taxonomy":"product_tag","embeddable":true,"href":"https:\/\/singuli.wpress.me\/index.php\/wp-json\/wp\/v2\/product_tag?post=30316"}],"curies":[{"name":"wp","href":"https:\/\/api.w.org\/{rel}","templated":true}]}}