{"id":30323,"date":"2026-04-17T00:23:50","date_gmt":"2026-04-17T00:23:50","guid":{"rendered":"https:\/\/singuli.wpress.me\/index.php\/proizvod\/x-shot-puska-sa-spuzvastim-mecima-turbo-fire\/"},"modified":"2026-04-21T00:26:32","modified_gmt":"2026-04-21T00:26:32","slug":"x-shot-puska-sa-spuzvastim-mecima-turbo-fire","status":"publish","type":"product","link":"https:\/\/singuli.wpress.me\/index.php\/proizvod\/x-shot-puska-sa-spuzvastim-mecima-turbo-fire\/","title":{"rendered":"X-SHOT, pu\u0161ka, sa spu\u017evastim mecima &#8211; Turbo Fire"},"content":{"rendered":"<p>X-shot pu\u0161ka Turbo Fire je san svakog dje\u010daka! <\/p>\n<p>Ispaljuje 20 strelica u sekundi uz prasak, kao alternativni na\u010din pucanja, ga\u0111a mete do 27 metara udaljenosti! <br \/>\nU spremnik mo\u017ee stati 20 strelica. <\/p>\n<p>Set sadr\u017ei jednu Turbo Fire pu\u0161ku i 48 spu\u017evastih strelica.<br \/>\nDOB:8+<\/p>\n","protected":false},"excerpt":{"rendered":"<p>Pru\u017ea iznimnu preciznost na udaljenosti do 27 m<br \/>\nSet sadr\u017ei jednu Turbo Fire pu\u0161ku i 48 spu\u017evastih strelica<br \/>\nDob: 8+ god<\/p>\n","protected":false},"featured_media":30324,"template":"","meta":{"_seopress_robots_primary_cat":"","_seopress_titles_title":"","_seopress_titles_desc":"","_seopress_robots_index":"","iawp_total_views":0},"product_brand":[338],"product_cat":[221,263],"product_tag":[],"class_list":{"0":"post-30323","1":"product","2":"type-product","3":"status-publish","4":"has-post-thumbnail","6":"product_brand-x-shot","7":"product_cat-igracke","8":"product_cat-tematske-igracke-221","10":"first","11":"instock","12":"shipping-taxable","13":"purchasable","14":"product-type-simple"},"_links":{"self":[{"href":"https:\/\/singuli.wpress.me\/index.php\/wp-json\/wp\/v2\/product\/30323","targetHints":{"allow":["GET"]}}],"collection":[{"href":"https:\/\/singuli.wpress.me\/index.php\/wp-json\/wp\/v2\/product"}],"about":[{"href":"https:\/\/singuli.wpress.me\/index.php\/wp-json\/wp\/v2\/types\/product"}],"version-history":[{"count":0,"href":"https:\/\/singuli.wpress.me\/index.php\/wp-json\/wp\/v2\/product\/30323\/revisions"}],"wp:featuredmedia":[{"embeddable":true,"href":"https:\/\/singuli.wpress.me\/index.php\/wp-json\/wp\/v2\/media\/30324"}],"wp:attachment":[{"href":"https:\/\/singuli.wpress.me\/index.php\/wp-json\/wp\/v2\/media?parent=30323"}],"wp:term":[{"taxonomy":"product_brand","embeddable":true,"href":"https:\/\/singuli.wpress.me\/index.php\/wp-json\/wp\/v2\/product_brand?post=30323"},{"taxonomy":"product_cat","embeddable":true,"href":"https:\/\/singuli.wpress.me\/index.php\/wp-json\/wp\/v2\/product_cat?post=30323"},{"taxonomy":"product_tag","embeddable":true,"href":"https:\/\/singuli.wpress.me\/index.php\/wp-json\/wp\/v2\/product_tag?post=30323"}],"curies":[{"name":"wp","href":"https:\/\/api.w.org\/{rel}","templated":true}]}}