{"id":30328,"date":"2026-04-17T00:23:52","date_gmt":"2026-04-17T00:23:52","guid":{"rendered":"https:\/\/singuli.wpress.me\/index.php\/proizvod\/x-shot-skins-pistolj-sa-spuzvastim-mecima-manace\/"},"modified":"2026-04-20T12:33:02","modified_gmt":"2026-04-20T12:33:02","slug":"x-shot-skins-pistolj-sa-spuzvastim-mecima-manace","status":"publish","type":"product","link":"https:\/\/singuli.wpress.me\/index.php\/proizvod\/x-shot-skins-pistolj-sa-spuzvastim-mecima-manace\/","title":{"rendered":"X-SHOT Skins, pi\u0161tolj, sa spu\u017evastim mecima &#8211; Manace"},"content":{"rendered":"<p>Odaberite izgled svog X-Shota! <\/p>\n<p>X-Shot Skins je prvi blaster kod koga sami birate dizajn.  X-Shot Skins Menace dolazi u asortimanu od  7 jedinstvenih blastera, sakupi ih sve. <br \/>\nOdaberite druga\u010dije, odaberite X-Shot skins.<\/p>\n<p><span style=\"font-weight: bold;color: #4472C4\">Snaga pucanja: <\/span><span style=\"color: #4472C4\">X-Shot Skins Menace je malen, ali mo\u0107an, ispucava metke na udaljenosti do 27 m!<br \/>\n<\/span><span style=\"font-weight: bold;color: #4472C4\">Kapacitet za strelice: <\/span><span style=\"color: #4472C4\">X-Shot Skins Menace ima kapacitet za jednu strelicu s lakim punjenjem i dodatno spremi\u0161te za dvije strelice na dnu, kako biste bili spremni za bitku.<br \/>\n<\/span><span style=\"font-weight: bold;color: #4472C4\">Tehnologija Air Pocket:<\/span><span style=\"color: #4472C4\"> X-Shot skins uklju\u010duju nove i pobolj\u0161ane strelice tehnologije Air Pocket za dulji, br\u017ei i to\u010dniji hitac!<br \/>\n<\/span><span style=\"font-weight: bold;color: #4472C4\">Set uklju\u010duje:<\/span><span style=\"color: #4472C4\"> 1x X-Shot Skins Menace Blaster, 8x Air Pocket Technology Foam strelica. <\/p>\n<p>Dob: 8+<\/span><\/p>\n","protected":false},"excerpt":{"rendered":"<p>Pru\u017ea iznimnu preciznost na udaljenosti do 27 m<br \/>\nDolazi u asortimanu od  7 jedinstvenih blastera<br \/>\nDob: 8+ god<\/p>\n","protected":false},"featured_media":30329,"template":"","meta":{"_seopress_robots_primary_cat":"","_seopress_titles_title":"","_seopress_titles_desc":"","_seopress_robots_index":"","iawp_total_views":0},"product_brand":[338],"product_cat":[221,263],"product_tag":[],"class_list":{"0":"post-30328","1":"product","2":"type-product","3":"status-publish","4":"has-post-thumbnail","6":"product_brand-x-shot","7":"product_cat-igracke","8":"product_cat-tematske-igracke-221","10":"first","11":"outofstock","12":"shipping-taxable","13":"purchasable","14":"product-type-simple"},"_links":{"self":[{"href":"https:\/\/singuli.wpress.me\/index.php\/wp-json\/wp\/v2\/product\/30328","targetHints":{"allow":["GET"]}}],"collection":[{"href":"https:\/\/singuli.wpress.me\/index.php\/wp-json\/wp\/v2\/product"}],"about":[{"href":"https:\/\/singuli.wpress.me\/index.php\/wp-json\/wp\/v2\/types\/product"}],"version-history":[{"count":0,"href":"https:\/\/singuli.wpress.me\/index.php\/wp-json\/wp\/v2\/product\/30328\/revisions"}],"wp:featuredmedia":[{"embeddable":true,"href":"https:\/\/singuli.wpress.me\/index.php\/wp-json\/wp\/v2\/media\/30329"}],"wp:attachment":[{"href":"https:\/\/singuli.wpress.me\/index.php\/wp-json\/wp\/v2\/media?parent=30328"}],"wp:term":[{"taxonomy":"product_brand","embeddable":true,"href":"https:\/\/singuli.wpress.me\/index.php\/wp-json\/wp\/v2\/product_brand?post=30328"},{"taxonomy":"product_cat","embeddable":true,"href":"https:\/\/singuli.wpress.me\/index.php\/wp-json\/wp\/v2\/product_cat?post=30328"},{"taxonomy":"product_tag","embeddable":true,"href":"https:\/\/singuli.wpress.me\/index.php\/wp-json\/wp\/v2\/product_tag?post=30328"}],"curies":[{"name":"wp","href":"https:\/\/api.w.org\/{rel}","templated":true}]}}