{"id":30334,"date":"2026-04-17T00:23:56","date_gmt":"2026-04-17T00:23:56","guid":{"rendered":"https:\/\/singuli.wpress.me\/index.php\/proizvod\/iggy-ziggy-glazbena-igracka\/"},"modified":"2026-04-21T00:26:32","modified_gmt":"2026-04-21T00:26:32","slug":"iggy-ziggy-glazbena-igracka","status":"publish","type":"product","link":"https:\/\/singuli.wpress.me\/index.php\/proizvod\/iggy-ziggy-glazbena-igracka\/","title":{"rendered":"IGGY ZIGGY, glazbena igra\u010dka"},"content":{"rendered":"<p><span style=\"font-weight: bold;color: #4472C4\">Predstavljamo vam veselu i zabavnu Glazbenu igra\u010dku &#8211; Simpati\u010dnog raka i papigu s bogatim svjetlosnim i glazbenim efektima! <\/span><span style=\"color: #4472C4\">Ova igra\u010dka \u0107e donijeti radost u svaki kutak va\u0161eg doma. \u0160armantni i funkcionalni rak ili papiga su spremni za igru. Svi\u0111at \u0107e vam se njihova simpati\u010dna pojava i veseli svjetlosni i glazbeni efekti koji \u0107e o\u010darati va\u0161e dijete. Dodatna prednost je \u0161to ovaj proizvod dolazi s uklju\u010denim baterijama, \u0161to zna\u010di da je spremna za igru \u010dim je izvadite iz kutije.<\/p>\n<p>Ova Glazbena igra\u010dka poti\u010de djetetovu ma\u0161tovitu igru i senzorno razumijevanje kroz svjetlosne i zvu\u010dne stimulacije. Neka va\u0161e dijete istra\u017euje i u\u017eiva u bezbrojnim trenucima igre s ovim veselim i \u0161armantnim rakom ili papigom!<\/p>\n<p><\/span><span style=\"font-weight: bold;color: #4472C4\">Dob: +18mj<\/span><\/p>\n","protected":false},"excerpt":{"rendered":"<p>Igra\u010dka poti\u010de djetetovu ma\u0161tovitu igru i senzorno razumijevanje<br \/>\nDolazi s uklju\u010denim baterijama<br \/>\nDob: 18+m<\/p>\n","protected":false},"featured_media":30335,"template":"","meta":{"_seopress_robots_primary_cat":"","_seopress_titles_title":"","_seopress_titles_desc":"","_seopress_robots_index":"","iawp_total_views":0},"product_brand":[358],"product_cat":[221,291],"product_tag":[],"class_list":{"0":"post-30334","1":"product","2":"type-product","3":"status-publish","4":"has-post-thumbnail","6":"product_brand-iggy-ziggy","7":"product_cat-igracke","8":"product_cat-igracke-za-djecu-221","10":"first","11":"outofstock","12":"shipping-taxable","13":"purchasable","14":"product-type-simple"},"_links":{"self":[{"href":"https:\/\/singuli.wpress.me\/index.php\/wp-json\/wp\/v2\/product\/30334","targetHints":{"allow":["GET"]}}],"collection":[{"href":"https:\/\/singuli.wpress.me\/index.php\/wp-json\/wp\/v2\/product"}],"about":[{"href":"https:\/\/singuli.wpress.me\/index.php\/wp-json\/wp\/v2\/types\/product"}],"version-history":[{"count":0,"href":"https:\/\/singuli.wpress.me\/index.php\/wp-json\/wp\/v2\/product\/30334\/revisions"}],"wp:featuredmedia":[{"embeddable":true,"href":"https:\/\/singuli.wpress.me\/index.php\/wp-json\/wp\/v2\/media\/30335"}],"wp:attachment":[{"href":"https:\/\/singuli.wpress.me\/index.php\/wp-json\/wp\/v2\/media?parent=30334"}],"wp:term":[{"taxonomy":"product_brand","embeddable":true,"href":"https:\/\/singuli.wpress.me\/index.php\/wp-json\/wp\/v2\/product_brand?post=30334"},{"taxonomy":"product_cat","embeddable":true,"href":"https:\/\/singuli.wpress.me\/index.php\/wp-json\/wp\/v2\/product_cat?post=30334"},{"taxonomy":"product_tag","embeddable":true,"href":"https:\/\/singuli.wpress.me\/index.php\/wp-json\/wp\/v2\/product_tag?post=30334"}],"curies":[{"name":"wp","href":"https:\/\/api.w.org\/{rel}","templated":true}]}}