{"id":30337,"date":"2026-04-17T00:23:58","date_gmt":"2026-04-17T00:23:58","guid":{"rendered":"https:\/\/singuli.wpress.me\/index.php\/proizvod\/x-shot-puska-sa-spuzvastim-mecima-kickback-2-kom\/"},"modified":"2026-04-20T12:33:02","modified_gmt":"2026-04-20T12:33:02","slug":"x-shot-puska-sa-spuzvastim-mecima-kickback-2-kom","status":"publish","type":"product","link":"https:\/\/singuli.wpress.me\/index.php\/proizvod\/x-shot-puska-sa-spuzvastim-mecima-kickback-2-kom\/","title":{"rendered":"X-SHOT, pu\u0161ka, sa spu\u017evastim mecima &#8211; Kickback , 2\u00a0kom"},"content":{"rendered":"<p>Kickback je savr\u0161eni mali ispaljiva\u010d, precizan u ga\u0111anju mete udaljene \u010dak do 27 m! <\/p>\n<p>Ovaj kombinirani paket savr\u0161en je mali po\u010detni paket ispaljiva\u010da. Jedinstvena funkcija pomicanja Kickbacka na vrhu ispaljiva\u010da \u010dini ga neophodnim dodatkom va\u0161oj X-Shot kolekciji! <br \/>\nBlaster tako\u0111er ima donji prostor za pohranu strelica koji omogu\u0107uje dr\u017eanje vi\u0161e strelica. <\/p>\n<p>Set sadr\u017ei: 2 x X-Shot Excel Kickback ispaljiva\u010da, 6 x plasti\u010dnih limenki, 8 x X-Shot strelica od pjene. <br \/>\nDob: 8+<\/p>\n","protected":false},"excerpt":{"rendered":"<p>Pru\u017ea iznimnu preciznost na udaljenosti do 27 m<br \/>\nSet sadr\u017ei: 2 x X-Shot Excel Kickback ispaljiva\u010da, 6 x plasti\u010dnih limenki, 8 x X-Shot strelica od pjene<br \/>\nDob: 8+ god<\/p>\n","protected":false},"featured_media":30338,"template":"","meta":{"_seopress_robots_primary_cat":"","_seopress_titles_title":"","_seopress_titles_desc":"","_seopress_robots_index":"","iawp_total_views":0},"product_brand":[338],"product_cat":[221,263],"product_tag":[],"class_list":{"0":"post-30337","1":"product","2":"type-product","3":"status-publish","4":"has-post-thumbnail","6":"product_brand-x-shot","7":"product_cat-igracke","8":"product_cat-tematske-igracke-221","10":"first","11":"instock","12":"shipping-taxable","13":"purchasable","14":"product-type-simple"},"_links":{"self":[{"href":"https:\/\/singuli.wpress.me\/index.php\/wp-json\/wp\/v2\/product\/30337","targetHints":{"allow":["GET"]}}],"collection":[{"href":"https:\/\/singuli.wpress.me\/index.php\/wp-json\/wp\/v2\/product"}],"about":[{"href":"https:\/\/singuli.wpress.me\/index.php\/wp-json\/wp\/v2\/types\/product"}],"version-history":[{"count":0,"href":"https:\/\/singuli.wpress.me\/index.php\/wp-json\/wp\/v2\/product\/30337\/revisions"}],"wp:featuredmedia":[{"embeddable":true,"href":"https:\/\/singuli.wpress.me\/index.php\/wp-json\/wp\/v2\/media\/30338"}],"wp:attachment":[{"href":"https:\/\/singuli.wpress.me\/index.php\/wp-json\/wp\/v2\/media?parent=30337"}],"wp:term":[{"taxonomy":"product_brand","embeddable":true,"href":"https:\/\/singuli.wpress.me\/index.php\/wp-json\/wp\/v2\/product_brand?post=30337"},{"taxonomy":"product_cat","embeddable":true,"href":"https:\/\/singuli.wpress.me\/index.php\/wp-json\/wp\/v2\/product_cat?post=30337"},{"taxonomy":"product_tag","embeddable":true,"href":"https:\/\/singuli.wpress.me\/index.php\/wp-json\/wp\/v2\/product_tag?post=30337"}],"curies":[{"name":"wp","href":"https:\/\/api.w.org\/{rel}","templated":true}]}}