{"id":30344,"date":"2026-04-17T00:24:07","date_gmt":"2026-04-17T00:24:07","guid":{"rendered":"https:\/\/singuli.wpress.me\/index.php\/proizvod\/heinz-ljuti-ketchup-od-rajcice-455-g\/"},"modified":"2026-04-20T12:33:02","modified_gmt":"2026-04-20T12:33:02","slug":"heinz-ljuti-ketchup-od-rajcice-455-g","status":"publish","type":"product","link":"https:\/\/singuli.wpress.me\/index.php\/proizvod\/heinz-ljuti-ketchup-od-rajcice-455-g\/","title":{"rendered":"HEINZ ljuti, ketchup od raj\u010dice, 455\u00a0g"},"content":{"rendered":"<p>Poznat po svom specifi\u010dnom pikantnom okusu.<br \/>\nNapravljen je od pa\u017eljivo odabranih sastojaka.<br \/>\nBrend Heinz je poznat po dugogodi\u0161njem iskustvu i kvalitetnim proizvodima.<\/p>\n<p>Pikantni Heinz ke\u010dap je popularan proizvod koji se koristi diljem svijeta. Heinz je poznati brend koji proizvodi razne prehrambene proizvode.<\/p>\n<p>Heinz blagi ke\u010dap specifi\u010dan je po svom blagom i nje\u017enom okusu. Napravljen je od pa\u017eljivo odabranih raj\u010dica, kojima se dodaju odre\u0111eno bilje i za\u010dini kako bi se postigao jedinstven okus. Nudi uravnote\u017eenu kombinaciju slatko\u0107e i kiselosti, zbog \u010dega je pogodan za razne namirnice i jela.<\/p>\n<p>Odli\u010dan je dodatak jelima poput hamburgera, sendvi\u010da, krumpiri\u0107a, pohanog povr\u0107a i mnogih drugih jela. Njegova blaga aroma ne dominira nad okusom jela, ve\u0107 ga nadopunjuje i \u010dini jo\u0161 ukusnijim. Tako\u0111er se mo\u017ee koristiti kao sastojak u umacima, marinadama i drugim receptima koji zahtijevaju dodatak ke\u010dapa.<\/p>\n<p>Kao i ostali Heinz proizvodi, i ovaj se ke\u010dap proizvodi u skladu s visokim standardima kvalitete i sigurnosti hrane. Brend Heinz je poznat po dugogodi\u0161njem iskustvu i predanosti u proizvodnji prehrambenih proizvoda vrhunske kvalitete.<\/p>\n","protected":false},"excerpt":{"rendered":"<p>Bilo da je pikantan ili blag, ke\u010dap nudi jedinstven i uravnote\u017een okus koji oboga\u0107uje svako jelo<br \/>\nProizveden je od pa\u017eljivo odabranih sastojaka, u skladu s visokim standardima sigurnosti i kvalitete<br \/>\nOdli\u010dan je dodatak hamburgerima i sendvi\u010dima, a mo\u017ee se koristiti i kao sastojak u umacima i marinadama<\/p>\n","protected":false},"featured_media":30345,"template":"","meta":{"_seopress_robots_primary_cat":"","_seopress_titles_title":"","_seopress_titles_desc":"","_seopress_robots_index":"","iawp_total_views":0},"product_brand":[395],"product_cat":[266,265,160],"product_tag":[],"class_list":{"0":"post-30344","1":"product","2":"type-product","3":"status-publish","4":"has-post-thumbnail","6":"product_brand-heinz","7":"product_cat-aparati-za-kuhanje-265","8":"product_cat-kuhinjski-aparati-160","9":"product_cat-mali-kucanski-aparati","11":"first","12":"instock","13":"shipping-taxable","14":"purchasable","15":"product-type-simple"},"_links":{"self":[{"href":"https:\/\/singuli.wpress.me\/index.php\/wp-json\/wp\/v2\/product\/30344","targetHints":{"allow":["GET"]}}],"collection":[{"href":"https:\/\/singuli.wpress.me\/index.php\/wp-json\/wp\/v2\/product"}],"about":[{"href":"https:\/\/singuli.wpress.me\/index.php\/wp-json\/wp\/v2\/types\/product"}],"version-history":[{"count":0,"href":"https:\/\/singuli.wpress.me\/index.php\/wp-json\/wp\/v2\/product\/30344\/revisions"}],"wp:featuredmedia":[{"embeddable":true,"href":"https:\/\/singuli.wpress.me\/index.php\/wp-json\/wp\/v2\/media\/30345"}],"wp:attachment":[{"href":"https:\/\/singuli.wpress.me\/index.php\/wp-json\/wp\/v2\/media?parent=30344"}],"wp:term":[{"taxonomy":"product_brand","embeddable":true,"href":"https:\/\/singuli.wpress.me\/index.php\/wp-json\/wp\/v2\/product_brand?post=30344"},{"taxonomy":"product_cat","embeddable":true,"href":"https:\/\/singuli.wpress.me\/index.php\/wp-json\/wp\/v2\/product_cat?post=30344"},{"taxonomy":"product_tag","embeddable":true,"href":"https:\/\/singuli.wpress.me\/index.php\/wp-json\/wp\/v2\/product_tag?post=30344"}],"curies":[{"name":"wp","href":"https:\/\/api.w.org\/{rel}","templated":true}]}}