{"id":30347,"date":"2026-04-17T00:24:08","date_gmt":"2026-04-17T00:24:08","guid":{"rendered":"https:\/\/singuli.wpress.me\/index.php\/proizvod\/heinz-blagi-ketchup-od-rajcice-342-g\/"},"modified":"2026-04-20T12:33:02","modified_gmt":"2026-04-20T12:33:02","slug":"heinz-blagi-ketchup-od-rajcice-342-g","status":"publish","type":"product","link":"https:\/\/singuli.wpress.me\/index.php\/proizvod\/heinz-blagi-ketchup-od-rajcice-342-g\/","title":{"rendered":"HEINZ blagi, ketchup od raj\u010dice, 342\u00a0g"},"content":{"rendered":"<p>Heinz blagi ke\u010dap je popularan proizvod specifi\u010dan po svom blagom i nje\u017enom okusu. Napravljen od pa\u017eljivo odabranih raj\u010dica te jedinstvene mje\u0161avine za\u010dina i bilja, nudi savr\u0161eno uravnote\u017eenu kombinaciju slatko\u0107e i kiselosti. Odli\u010dan je dodatak jelima poput hamburgera, sendvi\u010da i krumpiri\u0107a jer njegova blaga aroma nadopunjuje, a ne dominira nad okusom hrane. Mo\u017ee se koristiti i kao sastojak u raznim umacima, marinadama i drugim receptima. Kao i svi proizvodi brenda Heinz, proizveden je u skladu s visokim standardima kvalitete i sigurnosti hrane.<\/p>\n","protected":false},"excerpt":{"rendered":"<p>eban po svojoj nje\u017enoj aromi i savr\u0161enom balansu slatko\u0107e i kiselosti<br \/>\nNapravljen od kvalitetnih raj\u010dica, bilja i za\u010dina za jedinstven okus<br \/>\nIdealan je kao dodatak jelima, ali i kao sastojak u umacima, marinadama i drugim receptima<\/p>\n","protected":false},"featured_media":30348,"template":"","meta":{"_seopress_robots_primary_cat":"","_seopress_titles_title":"","_seopress_titles_desc":"","_seopress_robots_index":"","iawp_total_views":0},"product_brand":[395],"product_cat":[266,265,160],"product_tag":[],"class_list":{"0":"post-30347","1":"product","2":"type-product","3":"status-publish","4":"has-post-thumbnail","6":"product_brand-heinz","7":"product_cat-aparati-za-kuhanje-265","8":"product_cat-kuhinjski-aparati-160","9":"product_cat-mali-kucanski-aparati","11":"first","12":"instock","13":"shipping-taxable","14":"purchasable","15":"product-type-simple"},"_links":{"self":[{"href":"https:\/\/singuli.wpress.me\/index.php\/wp-json\/wp\/v2\/product\/30347","targetHints":{"allow":["GET"]}}],"collection":[{"href":"https:\/\/singuli.wpress.me\/index.php\/wp-json\/wp\/v2\/product"}],"about":[{"href":"https:\/\/singuli.wpress.me\/index.php\/wp-json\/wp\/v2\/types\/product"}],"version-history":[{"count":0,"href":"https:\/\/singuli.wpress.me\/index.php\/wp-json\/wp\/v2\/product\/30347\/revisions"}],"wp:featuredmedia":[{"embeddable":true,"href":"https:\/\/singuli.wpress.me\/index.php\/wp-json\/wp\/v2\/media\/30348"}],"wp:attachment":[{"href":"https:\/\/singuli.wpress.me\/index.php\/wp-json\/wp\/v2\/media?parent=30347"}],"wp:term":[{"taxonomy":"product_brand","embeddable":true,"href":"https:\/\/singuli.wpress.me\/index.php\/wp-json\/wp\/v2\/product_brand?post=30347"},{"taxonomy":"product_cat","embeddable":true,"href":"https:\/\/singuli.wpress.me\/index.php\/wp-json\/wp\/v2\/product_cat?post=30347"},{"taxonomy":"product_tag","embeddable":true,"href":"https:\/\/singuli.wpress.me\/index.php\/wp-json\/wp\/v2\/product_tag?post=30347"}],"curies":[{"name":"wp","href":"https:\/\/api.w.org\/{rel}","templated":true}]}}