{"id":30349,"date":"2026-04-17T00:24:09","date_gmt":"2026-04-17T00:24:09","guid":{"rendered":"https:\/\/singuli.wpress.me\/index.php\/proizvod\/shell-antifriz-premium-774-c-p-4-l\/"},"modified":"2026-04-21T00:26:32","modified_gmt":"2026-04-21T00:26:32","slug":"shell-antifriz-premium-774-c-p-4-l","status":"publish","type":"product","link":"https:\/\/singuli.wpress.me\/index.php\/proizvod\/shell-antifriz-premium-774-c-p-4-l\/","title":{"rendered":"SHELL, antifriz, Premium 774 C\/P, 4\u00a0l"},"content":{"rendered":"<p>GlycoCool Premium Antifreeze 774 C\/P je rashladno sredstvo bez nitrita, amina-fosfata i borata na bazi mono-etilen glikola, koje se prije upotrebe mora razrijediti vodom. GlycoCool Premium Antifreeze 774 C\/P sadr\u017ei hibridni paket inhibitora korozije sa solima organskih kiselina i silikata. <br \/>\nZadovoljava zahtjeve standarda: ASTM D3306, ASTM D4985, BS 6580:2010, AFNOR NF R15-601, NATO S-759, SAE J1034. <br \/>\nPrikladno koristiti za sljede\u0107e OEMs specifikacije:<br \/>\nBMW GS 9400, Caterpillar \u2013Perkins, CNH Industrial Iveco 18-1830, Cummins 85T8-2, Daimler -Mercedes-Benz 325.0; 325.2, Deutz DQC CA-14, Fiat -Alfa Romeo Fiat 9,55523, Fiat Fiat 9.55523, Fiat -Chrysler MS-7170, Fiat -Lancia Fiat 9,55523, Ford ESD M97E, Geely -Volvo 128 6083\/002, GM \u2013Saturn, JI Case JIC-501, Mahle Behr, PSA Opel GM GME L130, PSA Vauxhall GME L130, Renault-Nissan -Lada\/Avtovaz TTM VAZ 1.97.717-97, Rolls Royce Power Systems AG -MTU MTL 5048, Toyota Motor Corporation -TMC (1WW, 2WW motors), Volvo AB -Volvo Construction (before 10.2005), Volvo AB -Volvo Trucks (prije 10.2005), VW -Audi TL 774C, MAN MAN 324 NF, VW -Porche TL 774C, VW -Seat TL 774C, VW -Skoda TL 774C, VW &#8211; VW TL-774C.<br \/>\nZa intervale izmjene rashladne teku\u0107ine slijedite preporuke proizvo\u0111a\u010da vozila. Za GlycoCool Premium Antifreeze 774 C\/P preporu\u010dujemo sljede\u0107i interval izmjene: 3 godine ili 60.000 km, ili \u0161to nastupi ranije. Proizvod je spreman za kori\u0161tenje.<\/p>\n","protected":false},"excerpt":{"rendered":"<p>Rashladno sredstvo bez nitrita, amina-fosfata i borata na bazi mono-etilen glikola<br \/>\nPrije upotrebe potrebno razrijediti vodom<br \/>\nSadr\u017ei hibridni paket inhibitora korozije sa solima organskih kiselina i silikata<\/p>\n","protected":false},"featured_media":30350,"template":"","meta":{"_seopress_robots_primary_cat":"","_seopress_titles_title":"","_seopress_titles_desc":"","_seopress_robots_index":"","iawp_total_views":0},"product_brand":[326],"product_cat":[243,315],"product_tag":[],"class_list":{"0":"post-30349","1":"product","2":"type-product","3":"status-publish","4":"has-post-thumbnail","6":"product_brand-shell","7":"product_cat-automobili-i-motori","8":"product_cat-rashladne-tekucine-243","10":"first","11":"instock","12":"shipping-taxable","13":"purchasable","14":"product-type-simple"},"_links":{"self":[{"href":"https:\/\/singuli.wpress.me\/index.php\/wp-json\/wp\/v2\/product\/30349","targetHints":{"allow":["GET"]}}],"collection":[{"href":"https:\/\/singuli.wpress.me\/index.php\/wp-json\/wp\/v2\/product"}],"about":[{"href":"https:\/\/singuli.wpress.me\/index.php\/wp-json\/wp\/v2\/types\/product"}],"version-history":[{"count":0,"href":"https:\/\/singuli.wpress.me\/index.php\/wp-json\/wp\/v2\/product\/30349\/revisions"}],"wp:featuredmedia":[{"embeddable":true,"href":"https:\/\/singuli.wpress.me\/index.php\/wp-json\/wp\/v2\/media\/30350"}],"wp:attachment":[{"href":"https:\/\/singuli.wpress.me\/index.php\/wp-json\/wp\/v2\/media?parent=30349"}],"wp:term":[{"taxonomy":"product_brand","embeddable":true,"href":"https:\/\/singuli.wpress.me\/index.php\/wp-json\/wp\/v2\/product_brand?post=30349"},{"taxonomy":"product_cat","embeddable":true,"href":"https:\/\/singuli.wpress.me\/index.php\/wp-json\/wp\/v2\/product_cat?post=30349"},{"taxonomy":"product_tag","embeddable":true,"href":"https:\/\/singuli.wpress.me\/index.php\/wp-json\/wp\/v2\/product_tag?post=30349"}],"curies":[{"name":"wp","href":"https:\/\/api.w.org\/{rel}","templated":true}]}}