{"id":30355,"date":"2026-04-17T00:24:14","date_gmt":"2026-04-17T00:24:14","guid":{"rendered":"https:\/\/singuli.wpress.me\/index.php\/proizvod\/shell-sprej-za-uklanjanje-hrde\/"},"modified":"2026-04-21T00:26:32","modified_gmt":"2026-04-21T00:26:32","slug":"shell-sprej-za-uklanjanje-hrde","status":"publish","type":"product","link":"https:\/\/singuli.wpress.me\/index.php\/proizvod\/shell-sprej-za-uklanjanje-hrde\/","title":{"rendered":"SHELL, sprej za uklanjanje hr\u0111e"},"content":{"rendered":"<p>Trenuta\u010dno prodire i otapa hr\u0111u s o\u010di\u0161\u0107enih povr\u0161ina. Prodire u korodirane i od hr\u0111e smrznute dijelove kao \u0161to su spojnice cijevi, matice\/vijci, ventili, \u0161arke, brave, patentni zatvara\u010di, alati, opruge, zup\u010danici, otvoreni lanci i okretne to\u010dke strojeva. Podmazuje i ostavlja za\u0161titni film koji sprje\u010dava ponovno stvaranje hr\u0111e. Istiskuje vlagu. Prikladno za ve\u0107inu materijala. Prikladno za ekstremna optere\u0107enja. Eliminira zapinjanje, klizanje i deformaciju kompresije.<\/p>\n","protected":false},"excerpt":{"rendered":"<p>Trenuta\u010dno prodire i otapa hr\u0111u s o\u010di\u0161\u0107enih povr\u0161ina<br \/>\nPrikladno za ekstremna optere\u0107enja<br \/>\nPrikladno za ekstremna optere\u0107enj<\/p>\n","protected":false},"featured_media":30356,"template":"","meta":{"_seopress_robots_primary_cat":"","_seopress_titles_title":"","_seopress_titles_desc":"","_seopress_robots_index":"","iawp_total_views":0},"product_brand":[326],"product_cat":[243,273],"product_tag":[],"class_list":{"0":"post-30355","1":"product","2":"type-product","3":"status-publish","4":"has-post-thumbnail","6":"product_brand-shell","7":"product_cat-automobili-i-motori","8":"product_cat-njega-vozila-243","10":"first","11":"outofstock","12":"shipping-taxable","13":"purchasable","14":"product-type-simple"},"_links":{"self":[{"href":"https:\/\/singuli.wpress.me\/index.php\/wp-json\/wp\/v2\/product\/30355","targetHints":{"allow":["GET"]}}],"collection":[{"href":"https:\/\/singuli.wpress.me\/index.php\/wp-json\/wp\/v2\/product"}],"about":[{"href":"https:\/\/singuli.wpress.me\/index.php\/wp-json\/wp\/v2\/types\/product"}],"version-history":[{"count":0,"href":"https:\/\/singuli.wpress.me\/index.php\/wp-json\/wp\/v2\/product\/30355\/revisions"}],"wp:featuredmedia":[{"embeddable":true,"href":"https:\/\/singuli.wpress.me\/index.php\/wp-json\/wp\/v2\/media\/30356"}],"wp:attachment":[{"href":"https:\/\/singuli.wpress.me\/index.php\/wp-json\/wp\/v2\/media?parent=30355"}],"wp:term":[{"taxonomy":"product_brand","embeddable":true,"href":"https:\/\/singuli.wpress.me\/index.php\/wp-json\/wp\/v2\/product_brand?post=30355"},{"taxonomy":"product_cat","embeddable":true,"href":"https:\/\/singuli.wpress.me\/index.php\/wp-json\/wp\/v2\/product_cat?post=30355"},{"taxonomy":"product_tag","embeddable":true,"href":"https:\/\/singuli.wpress.me\/index.php\/wp-json\/wp\/v2\/product_tag?post=30355"}],"curies":[{"name":"wp","href":"https:\/\/api.w.org\/{rel}","templated":true}]}}