{"id":30357,"date":"2026-04-17T00:24:15","date_gmt":"2026-04-17T00:24:15","guid":{"rendered":"https:\/\/singuli.wpress.me\/index.php\/proizvod\/shell-sprej-za-odmagljivanje-0-13-l\/"},"modified":"2026-04-20T12:33:02","modified_gmt":"2026-04-20T12:33:02","slug":"shell-sprej-za-odmagljivanje-0-13-l","status":"publish","type":"product","link":"https:\/\/singuli.wpress.me\/index.php\/proizvod\/shell-sprej-za-odmagljivanje-0-13-l\/","title":{"rendered":"SHELL, sprej za odmagljivanje, 0.13\u00a0l"},"content":{"rendered":"<p>U\u010dinkovito sprje\u010dava zamagljivanje prozora (na unutarnjoj povr\u0161ini) i retrovizora u automobilima i kod ku\u0107e. Pobolj\u0161ava vidljivost, sigurnost i udobnost vo\u017enje. Ne ostavlja tragove. Posebno se preporu\u010duje u jesen i zimu. Nezaobilazan za ki\u0161nog vremena. Upute za kori\u0161tenje. \u010cisti prozor po\u0161pricajte s unutarnje strane, a zatim suhom i \u010distom krpom rasporedite sredstvo po cijeloj povr\u0161ini stakla. Koristite samo s isklju\u010denim kontaktom. Nemojte koristiti tijekom i\/ili odmah nakon punjenja gorivom.<\/p>\n","protected":false},"excerpt":{"rendered":"<p>U\u010dinkovito sprje\u010dava zamagljivanje prozora (na unutarnjoj povr\u0161ini) i retrovizora u automobilima i kod ku\u0107e<br \/>\nNe koristiti tijekom i\/ili odmah nakon punjenja gorivom<br \/>\nKoristiti samo s isklju\u010denim kontaktom<\/p>\n","protected":false},"featured_media":30358,"template":"","meta":{"_seopress_robots_primary_cat":"","_seopress_titles_title":"","_seopress_titles_desc":"","_seopress_robots_index":"","iawp_total_views":0},"product_brand":[326],"product_cat":[243,273],"product_tag":[],"class_list":{"0":"post-30357","1":"product","2":"type-product","3":"status-publish","4":"has-post-thumbnail","6":"product_brand-shell","7":"product_cat-automobili-i-motori","8":"product_cat-njega-vozila-243","10":"first","11":"outofstock","12":"shipping-taxable","13":"purchasable","14":"product-type-simple"},"_links":{"self":[{"href":"https:\/\/singuli.wpress.me\/index.php\/wp-json\/wp\/v2\/product\/30357","targetHints":{"allow":["GET"]}}],"collection":[{"href":"https:\/\/singuli.wpress.me\/index.php\/wp-json\/wp\/v2\/product"}],"about":[{"href":"https:\/\/singuli.wpress.me\/index.php\/wp-json\/wp\/v2\/types\/product"}],"version-history":[{"count":0,"href":"https:\/\/singuli.wpress.me\/index.php\/wp-json\/wp\/v2\/product\/30357\/revisions"}],"wp:featuredmedia":[{"embeddable":true,"href":"https:\/\/singuli.wpress.me\/index.php\/wp-json\/wp\/v2\/media\/30358"}],"wp:attachment":[{"href":"https:\/\/singuli.wpress.me\/index.php\/wp-json\/wp\/v2\/media?parent=30357"}],"wp:term":[{"taxonomy":"product_brand","embeddable":true,"href":"https:\/\/singuli.wpress.me\/index.php\/wp-json\/wp\/v2\/product_brand?post=30357"},{"taxonomy":"product_cat","embeddable":true,"href":"https:\/\/singuli.wpress.me\/index.php\/wp-json\/wp\/v2\/product_cat?post=30357"},{"taxonomy":"product_tag","embeddable":true,"href":"https:\/\/singuli.wpress.me\/index.php\/wp-json\/wp\/v2\/product_tag?post=30357"}],"curies":[{"name":"wp","href":"https:\/\/api.w.org\/{rel}","templated":true}]}}