{"id":30359,"date":"2026-04-17T00:24:17","date_gmt":"2026-04-17T00:24:17","guid":{"rendered":"https:\/\/singuli.wpress.me\/index.php\/proizvod\/laica-ultrazvucni-hi3015w-ovlazivac-zraka\/"},"modified":"2026-04-20T12:33:02","modified_gmt":"2026-04-20T12:33:02","slug":"laica-ultrazvucni-hi3015w-ovlazivac-zraka","status":"publish","type":"product","link":"https:\/\/singuli.wpress.me\/index.php\/proizvod\/laica-ultrazvucni-hi3015w-ovlazivac-zraka\/","title":{"rendered":"LAICA Ultrazvu\u010dni HI3015W, ovla\u017eiva\u010d zraka"},"content":{"rendered":"<p>\u2022  Izuzetno tih s finim i produljenim isparavanjem<br \/>\n\u2022  Gornji spremnik namjenjen za punjenje<br \/>\n\u2022  Opremljen LED zaslonom koji prikazuje postotak vla\u017enosti u stvarnom vremenu (kada ure\u0111aj radi)<br \/>\n\u2022  3 brzine raspr\u0161ivanja po izboru<br \/>\n\u2022  Pode\u0161avanje razine vla\u017enosti za automatski rad (automatsko uklju\u010divanje kada je stvarna razina vla\u017enosti ni\u017ea od odabrane i automatsko isklju\u010divanje kada se postigne zadani postotak)<br \/>\n\u2022  Opremljen timerom za automatsko isklju\u010divanje (4 postavke)<br \/>\n\u2022  No\u0107ni na\u010din rada \/<br \/>\n\u2022  Odjeljak za raspr\u0161ivanje esencija \/ Ku\u0107i\u0161te za raspr\u0161ivanje esencija<br \/>\n\u2022  Kapacitet: 3.3L<br \/>\n\u2022  Trajanje oko 15h<\/p>\n","protected":false},"excerpt":{"rendered":"<p>Opremljen timerom za automatsko isklju\u010divanje<br \/>\n3 brzine raspr\u0161ivanja po izboru<br \/>\nIzuzetno tih<\/p>\n","protected":false},"featured_media":30360,"template":"","meta":{"_seopress_robots_primary_cat":"","_seopress_titles_title":"","_seopress_titles_desc":"","_seopress_robots_index":"","iawp_total_views":0},"product_brand":[148],"product_cat":[184,160],"product_tag":[],"class_list":{"0":"post-30359","1":"product","2":"type-product","3":"status-publish","4":"has-post-thumbnail","6":"product_brand-laica","7":"product_cat-kvaliteta-zraka-i-grijanje","8":"product_cat-mali-kucanski-aparati","10":"first","11":"outofstock","12":"shipping-taxable","13":"purchasable","14":"product-type-simple"},"_links":{"self":[{"href":"https:\/\/singuli.wpress.me\/index.php\/wp-json\/wp\/v2\/product\/30359","targetHints":{"allow":["GET"]}}],"collection":[{"href":"https:\/\/singuli.wpress.me\/index.php\/wp-json\/wp\/v2\/product"}],"about":[{"href":"https:\/\/singuli.wpress.me\/index.php\/wp-json\/wp\/v2\/types\/product"}],"version-history":[{"count":0,"href":"https:\/\/singuli.wpress.me\/index.php\/wp-json\/wp\/v2\/product\/30359\/revisions"}],"wp:featuredmedia":[{"embeddable":true,"href":"https:\/\/singuli.wpress.me\/index.php\/wp-json\/wp\/v2\/media\/30360"}],"wp:attachment":[{"href":"https:\/\/singuli.wpress.me\/index.php\/wp-json\/wp\/v2\/media?parent=30359"}],"wp:term":[{"taxonomy":"product_brand","embeddable":true,"href":"https:\/\/singuli.wpress.me\/index.php\/wp-json\/wp\/v2\/product_brand?post=30359"},{"taxonomy":"product_cat","embeddable":true,"href":"https:\/\/singuli.wpress.me\/index.php\/wp-json\/wp\/v2\/product_cat?post=30359"},{"taxonomy":"product_tag","embeddable":true,"href":"https:\/\/singuli.wpress.me\/index.php\/wp-json\/wp\/v2\/product_tag?post=30359"}],"curies":[{"name":"wp","href":"https:\/\/api.w.org\/{rel}","templated":true}]}}