{"id":30365,"date":"2026-04-17T00:24:27","date_gmt":"2026-04-17T00:24:27","guid":{"rendered":"https:\/\/singuli.wpress.me\/index.php\/proizvod\/domo-pjenilica-za-mlijeko-bijela\/"},"modified":"2026-04-20T12:33:02","modified_gmt":"2026-04-20T12:33:02","slug":"domo-pjenilica-za-mlijeko-bijela","status":"publish","type":"product","link":"https:\/\/singuli.wpress.me\/index.php\/proizvod\/domo-pjenilica-za-mlijeko-bijela\/","title":{"rendered":"DOMO, pjenilica za mlijeko, bijela"},"content":{"rendered":"<p><span style=\"font-weight: bold\">Pjenja\u010d za mlijeko:<\/span><br \/>\n&#8211; Napravite savr\u0161enu mlije\u010dnu pjenu za 2 minute<br \/>\nSadr\u017eaj:<br \/>\n\u2022 Minimalno: 80 ml<br \/>\n\u2022 Maksimalna mlije\u010dna pjena: 130 ml<br \/>\n\u2022 Maksimalno vru\u0107e mlijeko: 240 ml<\/p>\n<p>&#8211;<span style=\"font-weight: bold\"> Nekoliko funkcija<\/span>: pjena od hladnog mlijeka, pjena od vru\u0107eg mlijeka i vru\u0107e mlijeko<br \/>\n&#8211; Beskrajne mogu\u0107nosti: cappuccino, latte, chococcino, \u010dokoladno mlijeko i vi\u0161e!<br \/>\n&#8211; Savr\u0161ena temperatura: 60-65\u00b0C<br \/>\n&#8211; \u0160alica s dvostrukim stijenkama i unutra\u0161njosti od nehr\u0111aju\u0107eg \u010delika<br \/>\n&#8211; Okre\u0107e se za 360\u00b0<br \/>\n&#8211; Dva pribora za mije\u0161anje i pjenjenje<br \/>\n&#8211; Automatsko isklju\u010divanje<br \/>\n&#8211; Za\u0161tita od pregrijavanja<br \/>\n&#8211; Noge protiv klizanja<br \/>\n&#8211; Premaz protiv lijepljenja za jednostavno \u010di\u0161\u0107enje<br \/>\n&#8211; Skladi\u0161tenje kabela<br \/>\nWatt: 450-550<\/p>\n","protected":false},"excerpt":{"rendered":"<p>Nekoliko funkcija<br \/>\n\u0160alica s dvostrukim stijenkama i unutra\u0161njosti od nehr\u0111aju\u0107eg \u010delika<br \/>\nAutomatsko isklju\u010divanje<\/p>\n","protected":false},"featured_media":30366,"template":"","meta":{"_seopress_robots_primary_cat":"","_seopress_titles_title":"","_seopress_titles_desc":"","_seopress_robots_index":"","iawp_total_views":0},"product_brand":[255],"product_cat":[192,267],"product_tag":[],"class_list":{"0":"post-30365","1":"product","2":"type-product","3":"status-publish","4":"has-post-thumbnail","6":"product_brand-domo","7":"product_cat-aparati-za-osobnu-njegu","8":"product_cat-zdravstveni-uredaji-192","10":"first","11":"outofstock","12":"shipping-taxable","13":"purchasable","14":"product-type-simple"},"_links":{"self":[{"href":"https:\/\/singuli.wpress.me\/index.php\/wp-json\/wp\/v2\/product\/30365","targetHints":{"allow":["GET"]}}],"collection":[{"href":"https:\/\/singuli.wpress.me\/index.php\/wp-json\/wp\/v2\/product"}],"about":[{"href":"https:\/\/singuli.wpress.me\/index.php\/wp-json\/wp\/v2\/types\/product"}],"version-history":[{"count":0,"href":"https:\/\/singuli.wpress.me\/index.php\/wp-json\/wp\/v2\/product\/30365\/revisions"}],"wp:featuredmedia":[{"embeddable":true,"href":"https:\/\/singuli.wpress.me\/index.php\/wp-json\/wp\/v2\/media\/30366"}],"wp:attachment":[{"href":"https:\/\/singuli.wpress.me\/index.php\/wp-json\/wp\/v2\/media?parent=30365"}],"wp:term":[{"taxonomy":"product_brand","embeddable":true,"href":"https:\/\/singuli.wpress.me\/index.php\/wp-json\/wp\/v2\/product_brand?post=30365"},{"taxonomy":"product_cat","embeddable":true,"href":"https:\/\/singuli.wpress.me\/index.php\/wp-json\/wp\/v2\/product_cat?post=30365"},{"taxonomy":"product_tag","embeddable":true,"href":"https:\/\/singuli.wpress.me\/index.php\/wp-json\/wp\/v2\/product_tag?post=30365"}],"curies":[{"name":"wp","href":"https:\/\/api.w.org\/{rel}","templated":true}]}}