{"id":30371,"date":"2026-04-17T00:24:30","date_gmt":"2026-04-17T00:24:30","guid":{"rendered":"https:\/\/singuli.wpress.me\/index.php\/proizvod\/domo-grill-genius-digitalni-kontaktni-rostilj\/"},"modified":"2026-04-20T12:33:02","modified_gmt":"2026-04-20T12:33:02","slug":"domo-grill-genius-digitalni-kontaktni-rostilj","status":"publish","type":"product","link":"https:\/\/singuli.wpress.me\/index.php\/proizvod\/domo-grill-genius-digitalni-kontaktni-rostilj\/","title":{"rendered":"DOMO Grill Genius, digitalni kontaktni ro\u0161tilj"},"content":{"rendered":"<p><span style=\"font-weight: bold\">Digitalni kontaktni ro\u0161tilj s automatskim mjerenjem ja\u010dine<\/span><br \/>\n&#8211; Izvrsno za pe\u010denje mesa, posebno bifteka<br \/>\n&#8211; Izbor razli\u010ditih na\u010dina kuhanja (rijetko &#8211; srednje -dobro napravljeno)<br \/>\n&#8211; Inteligentna kontrola: mjeri debljinu mesa\/ribe- podesite automatsko vrijeme kuhanja za savr\u0161eno kuhanje<br \/>\n&#8211; 8 automatskih programa za razli\u010dite pripreme<br \/>\n&#8211; Plutaju\u0107i poklopac automatski prianja uz sadr\u017eaj-optimalan kontakt<br \/>\n&#8211; Uklonjive posude za pe\u010denje s visokokvalitetnim neprijanjaju\u0107im slojem, premazom i s integriranim grija\u0107im elementom za najbolje rezultate pe\u010denja<br \/>\n&#8211; Plo\u010de za pe\u010denje mogu se prati u perilici posu\u0111a<br \/>\n&#8211; Elegantna i visokokvalitetna zavr\u0161na obrada od nehr\u0111aju\u0107eg \u010delika<br \/>\n&#8211; Mo\u017ee se otvoriti za 180\u00b0 za kori\u0161tenje kao stolni ro\u0161tilj ili ro\u0161tilj<br \/>\n&#8211; Ku\u0107i\u0161te hladno na dodir zahvaljuju\u0107i inovativnoj disipaciji topline <br \/>\n&#8211; Posuda za sakupljanje vi\u0161ka masno\u0107e<br \/>\n&#8211; Spremi\u0161te za kabel i neklizaju\u0107e noge<br \/>\n&#8211; Povr\u0161ina za pe\u010denje: 31,3 x 24,5 cm<br \/>\n&#8211; Dimenzije ure\u0111aja: 38,2 x 32,1 x 18 c<br \/>\nWatt: 1800-2100<\/p>\n","protected":false},"excerpt":{"rendered":"<p>Izbor razli\u010ditih na\u010dina kuhanja<br \/>\n8 automatskih programa za razli\u010dite pripreme<br \/>\nPosuda za sakupljanje vi\u0161ka masno\u0107e<\/p>\n","protected":false},"featured_media":30372,"template":"","meta":{"_seopress_robots_primary_cat":"","_seopress_titles_title":"","_seopress_titles_desc":"","_seopress_robots_index":"","iawp_total_views":0},"product_brand":[255],"product_cat":[192,267],"product_tag":[],"class_list":{"0":"post-30371","1":"product","2":"type-product","3":"status-publish","4":"has-post-thumbnail","6":"product_brand-domo","7":"product_cat-aparati-za-osobnu-njegu","8":"product_cat-zdravstveni-uredaji-192","10":"first","11":"outofstock","12":"shipping-taxable","13":"purchasable","14":"product-type-simple"},"_links":{"self":[{"href":"https:\/\/singuli.wpress.me\/index.php\/wp-json\/wp\/v2\/product\/30371","targetHints":{"allow":["GET"]}}],"collection":[{"href":"https:\/\/singuli.wpress.me\/index.php\/wp-json\/wp\/v2\/product"}],"about":[{"href":"https:\/\/singuli.wpress.me\/index.php\/wp-json\/wp\/v2\/types\/product"}],"version-history":[{"count":0,"href":"https:\/\/singuli.wpress.me\/index.php\/wp-json\/wp\/v2\/product\/30371\/revisions"}],"wp:featuredmedia":[{"embeddable":true,"href":"https:\/\/singuli.wpress.me\/index.php\/wp-json\/wp\/v2\/media\/30372"}],"wp:attachment":[{"href":"https:\/\/singuli.wpress.me\/index.php\/wp-json\/wp\/v2\/media?parent=30371"}],"wp:term":[{"taxonomy":"product_brand","embeddable":true,"href":"https:\/\/singuli.wpress.me\/index.php\/wp-json\/wp\/v2\/product_brand?post=30371"},{"taxonomy":"product_cat","embeddable":true,"href":"https:\/\/singuli.wpress.me\/index.php\/wp-json\/wp\/v2\/product_cat?post=30371"},{"taxonomy":"product_tag","embeddable":true,"href":"https:\/\/singuli.wpress.me\/index.php\/wp-json\/wp\/v2\/product_tag?post=30371"}],"curies":[{"name":"wp","href":"https:\/\/api.w.org\/{rel}","templated":true}]}}