{"id":30383,"date":"2026-04-17T00:24:37","date_gmt":"2026-04-17T00:24:37","guid":{"rendered":"https:\/\/singuli.wpress.me\/index.php\/proizvod\/helix-ult-prof-av-l-5w30-motorno-ulje-za-osobna-vozila-209-l\/"},"modified":"2026-04-20T12:33:02","modified_gmt":"2026-04-20T12:33:02","slug":"helix-ult-prof-av-l-5w30-motorno-ulje-za-osobna-vozila-209-l","status":"publish","type":"product","link":"https:\/\/singuli.wpress.me\/index.php\/proizvod\/helix-ult-prof-av-l-5w30-motorno-ulje-za-osobna-vozila-209-l\/","title":{"rendered":"HELIX ULT. PROF AV-L 5W30, motorno ulje za osobna vozila, 209\u00a0l"},"content":{"rendered":"<p>Potpuno sinteti\u010dko motorno ulje najnovije generacije posebno prilago\u0111eno da pru\u017ei najve\u0107u mogu\u0107u za\u0161titu gotovo svih Volkswagen, Audi, \u0160koda i SEAT benzinskih i dizelskih motora, uklju\u010duju\u0107i i one sa filterom krutih \u010destica. Odobreno od ovih proizvo\u0111a\u010da vozila za uobi\u010dajene i produljene intervale izmjene ulja. Jedinstvena formulacija sa niskim sadr\u017eajem sulfatnog pepla, sumpora i fosfora kako bi se produljio vijek trajanja ispu\u0161nih sustava. Osigurava maksimalnu \u010disto\u0107u motora kontinuiranim sprje\u010davanjem nastajanja taloga \u010da\u0111e na dijelovima motora.<\/p>\n<p><span style=\"font-weight: bold\">Specifikacije<\/span>: ACEA C3, API SN, VW 504.00, 507.00<\/p>\n","protected":false},"excerpt":{"rendered":"<p>Potpuno sinteti\u010dko motorno ulje<br \/>\nJedinstvena formulacija sa niskim sadr\u017eajem sulfatnog pepla, sumpora i fosfora<br \/>\nOsigurava maksimalnu \u010disto\u0107u motora<\/p>\n","protected":false},"featured_media":30384,"template":"","meta":{"_seopress_robots_primary_cat":"","_seopress_titles_title":"","_seopress_titles_desc":"","_seopress_robots_index":"","iawp_total_views":0},"product_brand":[398],"product_cat":[243,272],"product_tag":[],"class_list":{"0":"post-30383","1":"product","2":"type-product","3":"status-publish","4":"has-post-thumbnail","6":"product_brand-helix","7":"product_cat-automobili-i-motori","8":"product_cat-motorna-ulja-243","10":"first","11":"instock","12":"shipping-taxable","13":"purchasable","14":"product-type-simple"},"_links":{"self":[{"href":"https:\/\/singuli.wpress.me\/index.php\/wp-json\/wp\/v2\/product\/30383","targetHints":{"allow":["GET"]}}],"collection":[{"href":"https:\/\/singuli.wpress.me\/index.php\/wp-json\/wp\/v2\/product"}],"about":[{"href":"https:\/\/singuli.wpress.me\/index.php\/wp-json\/wp\/v2\/types\/product"}],"version-history":[{"count":0,"href":"https:\/\/singuli.wpress.me\/index.php\/wp-json\/wp\/v2\/product\/30383\/revisions"}],"wp:featuredmedia":[{"embeddable":true,"href":"https:\/\/singuli.wpress.me\/index.php\/wp-json\/wp\/v2\/media\/30384"}],"wp:attachment":[{"href":"https:\/\/singuli.wpress.me\/index.php\/wp-json\/wp\/v2\/media?parent=30383"}],"wp:term":[{"taxonomy":"product_brand","embeddable":true,"href":"https:\/\/singuli.wpress.me\/index.php\/wp-json\/wp\/v2\/product_brand?post=30383"},{"taxonomy":"product_cat","embeddable":true,"href":"https:\/\/singuli.wpress.me\/index.php\/wp-json\/wp\/v2\/product_cat?post=30383"},{"taxonomy":"product_tag","embeddable":true,"href":"https:\/\/singuli.wpress.me\/index.php\/wp-json\/wp\/v2\/product_tag?post=30383"}],"curies":[{"name":"wp","href":"https:\/\/api.w.org\/{rel}","templated":true}]}}