{"id":30385,"date":"2026-04-17T00:24:40","date_gmt":"2026-04-17T00:24:40","guid":{"rendered":"https:\/\/singuli.wpress.me\/index.php\/proizvod\/lipton-premium-env-vocni-caj-sumsko-voce-25-vrecica\/"},"modified":"2026-04-20T12:33:02","modified_gmt":"2026-04-20T12:33:02","slug":"lipton-premium-env-vocni-caj-sumsko-voce-25-vrecica","status":"publish","type":"product","link":"https:\/\/singuli.wpress.me\/index.php\/proizvod\/lipton-premium-env-vocni-caj-sumsko-voce-25-vrecica\/","title":{"rendered":"LIPTON Premium ENV, vo\u0107ni \u010daj, \u0161umsko vo\u0107e, 25 vre\u0107ica"},"content":{"rendered":"<p><span style=\"font-weight: bold\">Lipton Exclusive Selection \u0161umsko vo\u0107e<\/span> je crni \u010daj s vo\u0107nim okusom crvenog vo\u0107a.<\/p>\n<p>\u010caj sadr\u017ei duge listove \u010daja i biljke, u kombinaciji s vidljivim komadi\u0107ima vo\u0107a i cvjetova.<\/p>\n<p>\u010caj je vrlo pogodan za doru\u010dak, ru\u010dak ili \u0161vedski stol u restoranima i hotelima.<\/p>\n<p>Vre\u0107ica \u010daja u obliku piramide daje prostor za infuziju za izvrsnu aromu, okus i boju.<\/p>\n","protected":false},"excerpt":{"rendered":"<p>Crni \u010daj s vo\u0107nim okusom crvenog vo\u0107a<br \/>\nOsvje\u017eavaju\u0107eg okusa<br \/>\nLipton \u010dajevi jedni su od najprodavanijih \u010dajeva na svijetu<\/p>\n","protected":false},"featured_media":30386,"template":"","meta":{"_seopress_robots_primary_cat":"","_seopress_titles_title":"","_seopress_titles_desc":"","_seopress_robots_index":"","iawp_total_views":0},"product_brand":[361],"product_cat":[261,262],"product_tag":[],"class_list":{"0":"post-30385","1":"product","2":"type-product","3":"status-publish","4":"has-post-thumbnail","6":"product_brand-lipton","7":"product_cat-hrana-i-pice","8":"product_cat-sokovi-i-napitci-261","10":"first","11":"outofstock","12":"shipping-taxable","13":"purchasable","14":"product-type-simple"},"_links":{"self":[{"href":"https:\/\/singuli.wpress.me\/index.php\/wp-json\/wp\/v2\/product\/30385","targetHints":{"allow":["GET"]}}],"collection":[{"href":"https:\/\/singuli.wpress.me\/index.php\/wp-json\/wp\/v2\/product"}],"about":[{"href":"https:\/\/singuli.wpress.me\/index.php\/wp-json\/wp\/v2\/types\/product"}],"version-history":[{"count":0,"href":"https:\/\/singuli.wpress.me\/index.php\/wp-json\/wp\/v2\/product\/30385\/revisions"}],"wp:featuredmedia":[{"embeddable":true,"href":"https:\/\/singuli.wpress.me\/index.php\/wp-json\/wp\/v2\/media\/30386"}],"wp:attachment":[{"href":"https:\/\/singuli.wpress.me\/index.php\/wp-json\/wp\/v2\/media?parent=30385"}],"wp:term":[{"taxonomy":"product_brand","embeddable":true,"href":"https:\/\/singuli.wpress.me\/index.php\/wp-json\/wp\/v2\/product_brand?post=30385"},{"taxonomy":"product_cat","embeddable":true,"href":"https:\/\/singuli.wpress.me\/index.php\/wp-json\/wp\/v2\/product_cat?post=30385"},{"taxonomy":"product_tag","embeddable":true,"href":"https:\/\/singuli.wpress.me\/index.php\/wp-json\/wp\/v2\/product_tag?post=30385"}],"curies":[{"name":"wp","href":"https:\/\/api.w.org\/{rel}","templated":true}]}}