{"id":30389,"date":"2026-04-17T00:24:42","date_gmt":"2026-04-17T00:24:42","guid":{"rendered":"https:\/\/singuli.wpress.me\/index.php\/proizvod\/lipton-premium-env-vocni-caj-sipak-25-vrecica\/"},"modified":"2026-04-20T12:33:02","modified_gmt":"2026-04-20T12:33:02","slug":"lipton-premium-env-vocni-caj-sipak-25-vrecica","status":"publish","type":"product","link":"https:\/\/singuli.wpress.me\/index.php\/proizvod\/lipton-premium-env-vocni-caj-sipak-25-vrecica\/","title":{"rendered":"LIPTON Premium ENV, vo\u0107ni \u010daj, \u0161ipak, 25 vre\u0107ica"},"content":{"rendered":"<p><span style=\"font-weight: bold\">Lipton Exclusive Selection<\/span> \u0161ipak ima osvje\u017eavaju\u0107i i lagani okus.<\/p>\n<p>\u010caj je upakiran u vre\u0107icu \u010daja u obliku piramide koja ostavlja dovoljno mjesta za izvrsnu aromu, okus i boju kada se ulije.<\/p>\n","protected":false},"excerpt":{"rendered":"<p>Tradicionalan okus<br \/>\nOsvje\u017eavaju\u0107eg okusa<br \/>\nLipton \u010dajevi jedni su od najprodavanijih \u010dajeva na svijetu<\/p>\n","protected":false},"featured_media":30390,"template":"","meta":{"_seopress_robots_primary_cat":"","_seopress_titles_title":"","_seopress_titles_desc":"","_seopress_robots_index":"","iawp_total_views":0},"product_brand":[361],"product_cat":[261,262],"product_tag":[],"class_list":{"0":"post-30389","1":"product","2":"type-product","3":"status-publish","4":"has-post-thumbnail","6":"product_brand-lipton","7":"product_cat-hrana-i-pice","8":"product_cat-sokovi-i-napitci-261","10":"first","11":"outofstock","12":"shipping-taxable","13":"purchasable","14":"product-type-simple"},"_links":{"self":[{"href":"https:\/\/singuli.wpress.me\/index.php\/wp-json\/wp\/v2\/product\/30389","targetHints":{"allow":["GET"]}}],"collection":[{"href":"https:\/\/singuli.wpress.me\/index.php\/wp-json\/wp\/v2\/product"}],"about":[{"href":"https:\/\/singuli.wpress.me\/index.php\/wp-json\/wp\/v2\/types\/product"}],"version-history":[{"count":0,"href":"https:\/\/singuli.wpress.me\/index.php\/wp-json\/wp\/v2\/product\/30389\/revisions"}],"wp:featuredmedia":[{"embeddable":true,"href":"https:\/\/singuli.wpress.me\/index.php\/wp-json\/wp\/v2\/media\/30390"}],"wp:attachment":[{"href":"https:\/\/singuli.wpress.me\/index.php\/wp-json\/wp\/v2\/media?parent=30389"}],"wp:term":[{"taxonomy":"product_brand","embeddable":true,"href":"https:\/\/singuli.wpress.me\/index.php\/wp-json\/wp\/v2\/product_brand?post=30389"},{"taxonomy":"product_cat","embeddable":true,"href":"https:\/\/singuli.wpress.me\/index.php\/wp-json\/wp\/v2\/product_cat?post=30389"},{"taxonomy":"product_tag","embeddable":true,"href":"https:\/\/singuli.wpress.me\/index.php\/wp-json\/wp\/v2\/product_tag?post=30389"}],"curies":[{"name":"wp","href":"https:\/\/api.w.org\/{rel}","templated":true}]}}