{"id":30393,"date":"2026-04-17T00:24:43","date_gmt":"2026-04-17T00:24:43","guid":{"rendered":"https:\/\/singuli.wpress.me\/index.php\/proizvod\/lipton-premium-env-sencha-zeleni-caj-25-vrecica\/"},"modified":"2026-04-20T12:33:02","modified_gmt":"2026-04-20T12:33:02","slug":"lipton-premium-env-sencha-zeleni-caj-25-vrecica","status":"publish","type":"product","link":"https:\/\/singuli.wpress.me\/index.php\/proizvod\/lipton-premium-env-sencha-zeleni-caj-25-vrecica\/","title":{"rendered":"LIPTON Premium ENV Sencha, zeleni \u010daj, 25 vre\u0107ica"},"content":{"rendered":"<p><span style=\"font-weight: bold\">Lipton Exclusive Selection Green Tea Sencha<\/span> sadr\u017ei okus ru\u017einog cvijeta. <\/p>\n<p>\u010caj sadr\u017ei duge listove \u010daja, biljke, vo\u0107e i\/ili cvijet. <\/p>\n<p>Vre\u0107ica \u010daja u obliku piramide ostavlja prostora za izvrsnu aromu, okus i boju. Kartonska ambala\u017ea i plasti\u010dne omotnice mogu se reciklirati. <\/p>\n<p>Odr\u017eivo uzgojeno li\u0161\u0107e \u010daja dolazi s planta\u017ea certificiranih od strane Rainforest Alliance. <\/p>\n<p>U kutiji se nalazi 25 pojedina\u010dno zamotanih vre\u0107ica \u010daja za higijensku upotrebu u hotelima i ugostiteljstvu.<\/p>\n","protected":false},"excerpt":{"rendered":"<p>Sadr\u017ei okus ru\u017einog cvijeta<br \/>\nOsvje\u017eavaju\u0107eg okusa<br \/>\nLipton \u010dajevi jedni su od najprodavanijih \u010dajeva na svijetu<\/p>\n","protected":false},"featured_media":30394,"template":"","meta":{"_seopress_robots_primary_cat":"","_seopress_titles_title":"","_seopress_titles_desc":"","_seopress_robots_index":"","iawp_total_views":0},"product_brand":[361],"product_cat":[261,275],"product_tag":[],"class_list":{"0":"post-30393","1":"product","2":"type-product","3":"status-publish","4":"has-post-thumbnail","6":"product_brand-lipton","7":"product_cat-hrana-i-pice","8":"product_cat-kava-i-cajevi-261","10":"first","11":"outofstock","12":"shipping-taxable","13":"purchasable","14":"product-type-simple"},"_links":{"self":[{"href":"https:\/\/singuli.wpress.me\/index.php\/wp-json\/wp\/v2\/product\/30393","targetHints":{"allow":["GET"]}}],"collection":[{"href":"https:\/\/singuli.wpress.me\/index.php\/wp-json\/wp\/v2\/product"}],"about":[{"href":"https:\/\/singuli.wpress.me\/index.php\/wp-json\/wp\/v2\/types\/product"}],"version-history":[{"count":0,"href":"https:\/\/singuli.wpress.me\/index.php\/wp-json\/wp\/v2\/product\/30393\/revisions"}],"wp:featuredmedia":[{"embeddable":true,"href":"https:\/\/singuli.wpress.me\/index.php\/wp-json\/wp\/v2\/media\/30394"}],"wp:attachment":[{"href":"https:\/\/singuli.wpress.me\/index.php\/wp-json\/wp\/v2\/media?parent=30393"}],"wp:term":[{"taxonomy":"product_brand","embeddable":true,"href":"https:\/\/singuli.wpress.me\/index.php\/wp-json\/wp\/v2\/product_brand?post=30393"},{"taxonomy":"product_cat","embeddable":true,"href":"https:\/\/singuli.wpress.me\/index.php\/wp-json\/wp\/v2\/product_cat?post=30393"},{"taxonomy":"product_tag","embeddable":true,"href":"https:\/\/singuli.wpress.me\/index.php\/wp-json\/wp\/v2\/product_tag?post=30393"}],"curies":[{"name":"wp","href":"https:\/\/api.w.org\/{rel}","templated":true}]}}