{"id":30401,"date":"2026-04-17T00:24:46","date_gmt":"2026-04-17T00:24:46","guid":{"rendered":"https:\/\/singuli.wpress.me\/index.php\/proizvod\/gillette-pro-gel-za-brijanje-200-ml\/"},"modified":"2026-04-20T12:33:02","modified_gmt":"2026-04-20T12:33:02","slug":"gillette-pro-gel-za-brijanje-200-ml","status":"publish","type":"product","link":"https:\/\/singuli.wpress.me\/index.php\/proizvod\/gillette-pro-gel-za-brijanje-200-ml\/","title":{"rendered":"GILLETTE Pro, gel za brijanje, 200\u00a0ml"},"content":{"rendered":"<p>Za ugodno brijanje isprobajte gel za brijanje Gillette Pro za mu\u0161karce. Odmah se zapjeni u bogatu pjenu koja vam poma\u017ee da se temeljito obrijete, ba\u0161 kako \u017eelite. Njegova napredna formula Glide tako\u0111er poma\u017ee za\u0161tititi osjetljivu ko\u017eu od iritacije, jer \u0161titi ko\u017eu i hidratizira dla\u010dice na licu. <\/p>\n<p>Na\u010din primjene: Za najbolje rezultate upotrijebite gel za brijanje Gillette Pro s brija\u010dem Gillette, za nevjerojatno ugodno i temeljito brijanje.<\/p>\n","protected":false},"excerpt":{"rendered":"<p>U trenu stvara bogatu pjenu za brijanje<br \/>\n\u010disti i \u0161titi osjetljivu ko\u017eu te hidratizira dla\u010dice<br \/>\nPoma\u017ee za\u0161tititi osjetljivu ko\u017eu od iritacije<\/p>\n","protected":false},"featured_media":30402,"template":"","meta":{"_seopress_robots_primary_cat":"","_seopress_titles_title":"","_seopress_titles_desc":"","_seopress_robots_index":"","iawp_total_views":0},"product_brand":[323],"product_cat":[268,278],"product_tag":[],"class_list":{"0":"post-30401","1":"product","2":"type-product","3":"status-publish","4":"has-post-thumbnail","6":"product_brand-gillette","7":"product_cat-kozmetika-2","8":"product_cat-njega-tijela-268","10":"first","11":"instock","12":"shipping-taxable","13":"purchasable","14":"product-type-simple"},"_links":{"self":[{"href":"https:\/\/singuli.wpress.me\/index.php\/wp-json\/wp\/v2\/product\/30401","targetHints":{"allow":["GET"]}}],"collection":[{"href":"https:\/\/singuli.wpress.me\/index.php\/wp-json\/wp\/v2\/product"}],"about":[{"href":"https:\/\/singuli.wpress.me\/index.php\/wp-json\/wp\/v2\/types\/product"}],"version-history":[{"count":0,"href":"https:\/\/singuli.wpress.me\/index.php\/wp-json\/wp\/v2\/product\/30401\/revisions"}],"wp:featuredmedia":[{"embeddable":true,"href":"https:\/\/singuli.wpress.me\/index.php\/wp-json\/wp\/v2\/media\/30402"}],"wp:attachment":[{"href":"https:\/\/singuli.wpress.me\/index.php\/wp-json\/wp\/v2\/media?parent=30401"}],"wp:term":[{"taxonomy":"product_brand","embeddable":true,"href":"https:\/\/singuli.wpress.me\/index.php\/wp-json\/wp\/v2\/product_brand?post=30401"},{"taxonomy":"product_cat","embeddable":true,"href":"https:\/\/singuli.wpress.me\/index.php\/wp-json\/wp\/v2\/product_cat?post=30401"},{"taxonomy":"product_tag","embeddable":true,"href":"https:\/\/singuli.wpress.me\/index.php\/wp-json\/wp\/v2\/product_tag?post=30401"}],"curies":[{"name":"wp","href":"https:\/\/api.w.org\/{rel}","templated":true}]}}