{"id":30409,"date":"2026-04-17T00:24:53","date_gmt":"2026-04-17T00:24:53","guid":{"rendered":"https:\/\/singuli.wpress.me\/index.php\/proizvod\/gillette-fusion5-zamjenske-britvice-12-kom\/"},"modified":"2026-04-20T12:33:02","modified_gmt":"2026-04-20T12:33:02","slug":"gillette-fusion5-zamjenske-britvice-12-kom","status":"publish","type":"product","link":"https:\/\/singuli.wpress.me\/index.php\/proizvod\/gillette-fusion5-zamjenske-britvice-12-kom\/","title":{"rendered":"GILLETTE Fusion5, zamjenske britvice, 12\u00a0kom"},"content":{"rendered":"<p>U\u017eivajte u temeljitijem, dugotrajnijem brijanju* uz zamjenske britvice za mu\u0161ki brija\u010d Gillette Fusion5. Imaju pet o\u0161trica koje smanjuju trenje za temeljitije brijanje te precizni trimer za te\u0161ko dostupna podru\u010dja. Ve\u0107a trakica s lubrikantom vla\u017ei ko\u017eu nakon prolaska o\u0161trica, za glatko brijanje.* Brinete se da ne\u0107e odgovarati va\u0161oj dr\u0161ki Gillette? Sve zamjenske britvice Fusion5 kompatibilne su sa svim dr\u0161kama brija\u010da Gillette Fusion5. Svaka zamjenska britvica traje do mjesec dana, \u0161to vam omogu\u0107uje da prilagodite brijanje i potpuno iskoristite svaku o\u0161tricu. (*u odnosu na dosada\u0161nji Fusion5)<\/p>\n","protected":false},"excerpt":{"rendered":"<p>Temeljitije, dugotrajnije brijanje<br \/>\nPosebno postavljena ve\u0107a lubrikantna trakica za besprijekorno klizanje<br \/>\nS dodatnom stabilizacijom o\u0161trice kako bi se pratile konture lica<\/p>\n","protected":false},"featured_media":30410,"template":"","meta":{"_seopress_robots_primary_cat":"","_seopress_titles_title":"","_seopress_titles_desc":"","_seopress_robots_index":"","iawp_total_views":0},"product_brand":[323],"product_cat":[280,192,279],"product_tag":[],"class_list":{"0":"post-30409","1":"product","2":"type-product","3":"status-publish","4":"has-post-thumbnail","6":"product_brand-gillette","7":"product_cat-aparati-za-muskarce-279","8":"product_cat-aparati-za-osobnu-njegu","9":"product_cat-brijanje-i-sisanje-192","11":"first","12":"outofstock","13":"shipping-taxable","14":"purchasable","15":"product-type-simple"},"_links":{"self":[{"href":"https:\/\/singuli.wpress.me\/index.php\/wp-json\/wp\/v2\/product\/30409","targetHints":{"allow":["GET"]}}],"collection":[{"href":"https:\/\/singuli.wpress.me\/index.php\/wp-json\/wp\/v2\/product"}],"about":[{"href":"https:\/\/singuli.wpress.me\/index.php\/wp-json\/wp\/v2\/types\/product"}],"version-history":[{"count":0,"href":"https:\/\/singuli.wpress.me\/index.php\/wp-json\/wp\/v2\/product\/30409\/revisions"}],"wp:featuredmedia":[{"embeddable":true,"href":"https:\/\/singuli.wpress.me\/index.php\/wp-json\/wp\/v2\/media\/30410"}],"wp:attachment":[{"href":"https:\/\/singuli.wpress.me\/index.php\/wp-json\/wp\/v2\/media?parent=30409"}],"wp:term":[{"taxonomy":"product_brand","embeddable":true,"href":"https:\/\/singuli.wpress.me\/index.php\/wp-json\/wp\/v2\/product_brand?post=30409"},{"taxonomy":"product_cat","embeddable":true,"href":"https:\/\/singuli.wpress.me\/index.php\/wp-json\/wp\/v2\/product_cat?post=30409"},{"taxonomy":"product_tag","embeddable":true,"href":"https:\/\/singuli.wpress.me\/index.php\/wp-json\/wp\/v2\/product_tag?post=30409"}],"curies":[{"name":"wp","href":"https:\/\/api.w.org\/{rel}","templated":true}]}}