{"id":30415,"date":"2026-04-17T00:24:55","date_gmt":"2026-04-17T00:24:55","guid":{"rendered":"https:\/\/singuli.wpress.me\/index.php\/proizvod\/gillette-proglide-zamjenske-britvice-8-kom\/"},"modified":"2026-04-20T12:33:02","modified_gmt":"2026-04-20T12:33:02","slug":"gillette-proglide-zamjenske-britvice-8-kom","status":"publish","type":"product","link":"https:\/\/singuli.wpress.me\/index.php\/proizvod\/gillette-proglide-zamjenske-britvice-8-kom\/","title":{"rendered":"GILLETTE ProGlide, zamjenske britvice, 8\u00a0kom"},"content":{"rendered":"<p>Zamjenske britvice za brija\u010d za mu\u0161karce Gillette ProGlide pru\u017eaju legendarno Gilletteovo precizno brijanje kombinirano s ugodno\u0161\u0107u i stilom. Ove zamjenske britvice imaju ve\u0107u lubrikantnu trakicu (u odnosu na Fusion5) za ugodnost i klizanje. U\u017eivajte u dodatnoj stabilizaciji o\u0161trice koja vam daje vi\u0161e kontrole i ima vi\u0161i sustav za\u0161tite \u010dime se pobolj\u0161ava za\u0161tita va\u0161e ko\u017ee U\u017eivajte u dodatnoj stabilizaciji o\u0161trice koja vam daje vi\u0161e kontrole i ima vi\u0161i sustav za\u0161tite \u010dime se pobolj\u0161ava za\u0161tita va\u0161e ko\u017ee. Precizni trimer sa stra\u017enje strane odli\u010dan je za oblikovanje brade i brkova, posebno na te\u0161ko dostupnim podru\u010djima. Na\u0161a iznimno o\u0161tra britvica, s o\u0161tricama koje smanjuju trenje osigurat \u0107e glatko brijanje i odgovara svim Gilletteovim dr\u0161kama brija\u010da s pet o\u0161trica (osim GilletteLabs). Zamjenske britvice ProGlide mogu trajati i do mjesec dana.<\/p>\n","protected":false},"excerpt":{"rendered":"<p>5 iznimno o\u0161trih britvica ProBlades\u2122 za temeljito i ugodnije brijanje<br \/>\nSvaka zamjenska britvica Gillette ProGlide mo\u017ee vam pru\u017eiti do 1 mjesec brijanja<br \/>\nMogu\u0107nost definiranja brade i brkova preciznim trimerom smje\u0161tenim sa stra\u017enje strane britvice<\/p>\n","protected":false},"featured_media":30416,"template":"","meta":{"_seopress_robots_primary_cat":"","_seopress_titles_title":"","_seopress_titles_desc":"","_seopress_robots_index":"","iawp_total_views":0},"product_brand":[323],"product_cat":[280,192,279],"product_tag":[],"class_list":{"0":"post-30415","1":"product","2":"type-product","3":"status-publish","4":"has-post-thumbnail","6":"product_brand-gillette","7":"product_cat-aparati-za-muskarce-279","8":"product_cat-aparati-za-osobnu-njegu","9":"product_cat-brijanje-i-sisanje-192","11":"first","12":"instock","13":"shipping-taxable","14":"purchasable","15":"product-type-simple"},"_links":{"self":[{"href":"https:\/\/singuli.wpress.me\/index.php\/wp-json\/wp\/v2\/product\/30415","targetHints":{"allow":["GET"]}}],"collection":[{"href":"https:\/\/singuli.wpress.me\/index.php\/wp-json\/wp\/v2\/product"}],"about":[{"href":"https:\/\/singuli.wpress.me\/index.php\/wp-json\/wp\/v2\/types\/product"}],"version-history":[{"count":0,"href":"https:\/\/singuli.wpress.me\/index.php\/wp-json\/wp\/v2\/product\/30415\/revisions"}],"wp:featuredmedia":[{"embeddable":true,"href":"https:\/\/singuli.wpress.me\/index.php\/wp-json\/wp\/v2\/media\/30416"}],"wp:attachment":[{"href":"https:\/\/singuli.wpress.me\/index.php\/wp-json\/wp\/v2\/media?parent=30415"}],"wp:term":[{"taxonomy":"product_brand","embeddable":true,"href":"https:\/\/singuli.wpress.me\/index.php\/wp-json\/wp\/v2\/product_brand?post=30415"},{"taxonomy":"product_cat","embeddable":true,"href":"https:\/\/singuli.wpress.me\/index.php\/wp-json\/wp\/v2\/product_cat?post=30415"},{"taxonomy":"product_tag","embeddable":true,"href":"https:\/\/singuli.wpress.me\/index.php\/wp-json\/wp\/v2\/product_tag?post=30415"}],"curies":[{"name":"wp","href":"https:\/\/api.w.org\/{rel}","templated":true}]}}