{"id":30431,"date":"2026-04-17T00:25:04","date_gmt":"2026-04-17T00:25:04","guid":{"rendered":"https:\/\/singuli.wpress.me\/index.php\/proizvod\/domo-blender-stakleni-vrc-od-1-75l\/"},"modified":"2026-04-20T12:33:02","modified_gmt":"2026-04-20T12:33:02","slug":"domo-blender-stakleni-vrc-od-1-75l","status":"publish","type":"product","link":"https:\/\/singuli.wpress.me\/index.php\/proizvod\/domo-blender-stakleni-vrc-od-1-75l\/","title":{"rendered":"DOMO, blender, stakleni vr\u010d od 1.75l"},"content":{"rendered":"<p>\u2022 Stakleni vr\u010d zapremine 1,75 l<br \/>\n\u2022 Promjenjiva kontrola brzine<br \/>\n\u2022 Brzina pulsiranja omogu\u0107uje brzo pokretanje i zaustavljanje za precizno mije\u0161anje<br \/>\n\u2022 Funkcijski gumbi za drobljenje leda, pravljenje smoothieja i automatsko \u010di\u0161\u0107enje<br \/>\n\u2022 Tipke s elegantnim plavim LED osvjetljenjem<br \/>\n\u2022 6 o\u0161trica za savr\u0161ene rezultate mije\u0161anja<br \/>\n\u2022 Uklonjiva o\u0161trica<br \/>\n\u2022 Ku\u0107i\u0161te od nehr\u0111aju\u0107eg \u010delika<br \/>\n\u2022 Sadr\u017ei jedinstveni sigurnosni poklopac<br \/>\n\u2022 Poklopac s otvorom za punjenje i mjernom posudom<br \/>\n\u2022 Mo\u017ee se rastaviti radi lak\u0161eg \u010di\u0161\u0107enja; vr\u010d i poklopac koji se mogu prati u perilici posu\u0111a<br \/>\n\u2022 Okretanje do 25.000 okretaja u minuti<br \/>\n\u2022 Dimenzije: \u0160 22 x D 19,5 x V 41,8 cm<br \/>\n\u2022 1400 W<\/p>\n","protected":false},"excerpt":{"rendered":"<p>Promjenjiva kontrola brzine<br \/>\n6 o\u0161trica za savr\u0161ene rezultate mije\u0161anja<br \/>\nMo\u017ee se rastaviti radi lak\u0161eg \u010di\u0161\u0107enja<\/p>\n","protected":false},"featured_media":30432,"template":"","meta":{"_seopress_robots_primary_cat":"","_seopress_titles_title":"","_seopress_titles_desc":"","_seopress_robots_index":"","iawp_total_views":0},"product_brand":[255],"product_cat":[266,265,160],"product_tag":[],"class_list":{"0":"post-30431","1":"product","2":"type-product","3":"status-publish","4":"has-post-thumbnail","6":"product_brand-domo","7":"product_cat-aparati-za-kuhanje-265","8":"product_cat-kuhinjski-aparati-160","9":"product_cat-mali-kucanski-aparati","11":"first","12":"outofstock","13":"shipping-taxable","14":"purchasable","15":"product-type-simple"},"_links":{"self":[{"href":"https:\/\/singuli.wpress.me\/index.php\/wp-json\/wp\/v2\/product\/30431","targetHints":{"allow":["GET"]}}],"collection":[{"href":"https:\/\/singuli.wpress.me\/index.php\/wp-json\/wp\/v2\/product"}],"about":[{"href":"https:\/\/singuli.wpress.me\/index.php\/wp-json\/wp\/v2\/types\/product"}],"version-history":[{"count":0,"href":"https:\/\/singuli.wpress.me\/index.php\/wp-json\/wp\/v2\/product\/30431\/revisions"}],"wp:featuredmedia":[{"embeddable":true,"href":"https:\/\/singuli.wpress.me\/index.php\/wp-json\/wp\/v2\/media\/30432"}],"wp:attachment":[{"href":"https:\/\/singuli.wpress.me\/index.php\/wp-json\/wp\/v2\/media?parent=30431"}],"wp:term":[{"taxonomy":"product_brand","embeddable":true,"href":"https:\/\/singuli.wpress.me\/index.php\/wp-json\/wp\/v2\/product_brand?post=30431"},{"taxonomy":"product_cat","embeddable":true,"href":"https:\/\/singuli.wpress.me\/index.php\/wp-json\/wp\/v2\/product_cat?post=30431"},{"taxonomy":"product_tag","embeddable":true,"href":"https:\/\/singuli.wpress.me\/index.php\/wp-json\/wp\/v2\/product_tag?post=30431"}],"curies":[{"name":"wp","href":"https:\/\/api.w.org\/{rel}","templated":true}]}}