{"id":30446,"date":"2026-04-17T00:25:11","date_gmt":"2026-04-17T00:25:11","guid":{"rendered":"https:\/\/singuli.wpress.me\/index.php\/proizvod\/domo-usisavac-bez-vrecice-crveni-700w\/"},"modified":"2026-04-20T12:33:02","modified_gmt":"2026-04-20T12:33:02","slug":"domo-usisavac-bez-vrecice-crveni-700w","status":"publish","type":"product","link":"https:\/\/singuli.wpress.me\/index.php\/proizvod\/domo-usisavac-bez-vrecice-crveni-700w\/","title":{"rendered":"DOMO, usisava\u010d, bez vre\u0107ice &#8211; crveni, 700W"},"content":{"rendered":"<p>\u2022 HEPA-filter H12 <br \/>\n\u2022 Kapacitet: 2 l<br \/>\n\u2022 Podesiva usisna snaga<br \/>\n\u2022 Zra\u010dni ventil na ru\u010dki <br \/>\n\u2022 Teleskopska cijev od nehr\u0111aju\u0107eg \u010delika: 90 cm<br \/>\n\u2022 Kabel: 6 m \u2013 radijus djelovanja: 9 m<br \/>\n\u2022 Super tiho: 74 dB<br \/>\n\u2022 Perivi HEPA filtri<br \/>\n\u2022 Lako skidaju\u0107i prozirni spremnik za pra\u0161inu koji se otvara jednim pritiskom na gumb<br \/>\n\u2022 Uklju\u010duje: mlaznicu za pukotine, \u010detku za parket i \u010detku za presvlake za jednostavno, brzo i temeljito \u010di\u0161\u0107enje tapeciranog namje\u0161taja<\/p>\n","protected":false},"excerpt":{"rendered":"<p>Podesiva usisna snaga<br \/>\nZra\u010dni ventil na ru\u010dki<br \/>\nSuper tiho: 74 dB<\/p>\n","protected":false},"featured_media":30448,"template":"","meta":{"_seopress_robots_primary_cat":"","_seopress_titles_title":"","_seopress_titles_desc":"","_seopress_robots_index":"","iawp_total_views":0},"product_brand":[255],"product_cat":[160,271],"product_tag":[],"class_list":{"0":"post-30446","1":"product","2":"type-product","3":"status-publish","4":"has-post-thumbnail","6":"product_brand-domo","7":"product_cat-mali-kucanski-aparati","8":"product_cat-usisavaci-i-ciscenje-160","10":"first","11":"outofstock","12":"shipping-taxable","13":"purchasable","14":"product-type-simple"},"_links":{"self":[{"href":"https:\/\/singuli.wpress.me\/index.php\/wp-json\/wp\/v2\/product\/30446","targetHints":{"allow":["GET"]}}],"collection":[{"href":"https:\/\/singuli.wpress.me\/index.php\/wp-json\/wp\/v2\/product"}],"about":[{"href":"https:\/\/singuli.wpress.me\/index.php\/wp-json\/wp\/v2\/types\/product"}],"version-history":[{"count":0,"href":"https:\/\/singuli.wpress.me\/index.php\/wp-json\/wp\/v2\/product\/30446\/revisions"}],"wp:featuredmedia":[{"embeddable":true,"href":"https:\/\/singuli.wpress.me\/index.php\/wp-json\/wp\/v2\/media\/30448"}],"wp:attachment":[{"href":"https:\/\/singuli.wpress.me\/index.php\/wp-json\/wp\/v2\/media?parent=30446"}],"wp:term":[{"taxonomy":"product_brand","embeddable":true,"href":"https:\/\/singuli.wpress.me\/index.php\/wp-json\/wp\/v2\/product_brand?post=30446"},{"taxonomy":"product_cat","embeddable":true,"href":"https:\/\/singuli.wpress.me\/index.php\/wp-json\/wp\/v2\/product_cat?post=30446"},{"taxonomy":"product_tag","embeddable":true,"href":"https:\/\/singuli.wpress.me\/index.php\/wp-json\/wp\/v2\/product_tag?post=30446"}],"curies":[{"name":"wp","href":"https:\/\/api.w.org\/{rel}","templated":true}]}}