{"id":30456,"date":"2026-04-17T00:25:15","date_gmt":"2026-04-17T00:25:15","guid":{"rendered":"https:\/\/singuli.wpress.me\/index.php\/proizvod\/domo-usisavac-bez-vrecice-crni-850w\/"},"modified":"2026-04-20T12:33:02","modified_gmt":"2026-04-20T12:33:02","slug":"domo-usisavac-bez-vrecice-crni-850w","status":"publish","type":"product","link":"https:\/\/singuli.wpress.me\/index.php\/proizvod\/domo-usisavac-bez-vrecice-crni-850w\/","title":{"rendered":"DOMO, usisava\u010d, bez vre\u0107ice &#8211; crni. 850W"},"content":{"rendered":"<p>\u2022 HEPA filter \u2013 uklanja 99,9% svih \u010destica pra\u0161ine<br \/>\n\u2022 Kapacitet: 2,5 l<br \/>\n\u2022 Visokokvalitetna \u010detka opremljena najnovijom &#8216;deep clean&#8217; tehnologijom koja u\u010dinkovito uklanja pra\u0161inu sa svih vrsta podova<br \/>\n\u2022 Zra\u010dni ventil na ru\u010dki <br \/>\n\u2022 Metalna teleskopska cijev: 94 cm<br \/>\n\u2022 Kabel: 5 m \u2013 radni radijus: 8 m<br \/>\n\u2022 Super tiho: 78 dB<br \/>\n\u2022 Filteri koji se mogu prati i HEPA filtar<br \/>\n\u2022 Prozirni spremnik za pra\u0161inu koji se lako uklanja<br \/>\n\u2022 Uklju\u010duje: mlaznicu za pukotine i \u010detku za pra\u0161inu<\/p>\n","protected":false},"excerpt":{"rendered":"<p>Zra\u010dni ventil na ru\u010dki<br \/>\nProzirni spremnik za pra\u0161inu koji se lako uklanja<br \/>\nSuper tiho: 78 dB<\/p>\n","protected":false},"featured_media":30458,"template":"","meta":{"_seopress_robots_primary_cat":"","_seopress_titles_title":"","_seopress_titles_desc":"","_seopress_robots_index":"","iawp_total_views":0},"product_brand":[255],"product_cat":[160,271],"product_tag":[],"class_list":{"0":"post-30456","1":"product","2":"type-product","3":"status-publish","4":"has-post-thumbnail","6":"product_brand-domo","7":"product_cat-mali-kucanski-aparati","8":"product_cat-usisavaci-i-ciscenje-160","10":"first","11":"instock","12":"shipping-taxable","13":"purchasable","14":"product-type-simple"},"_links":{"self":[{"href":"https:\/\/singuli.wpress.me\/index.php\/wp-json\/wp\/v2\/product\/30456","targetHints":{"allow":["GET"]}}],"collection":[{"href":"https:\/\/singuli.wpress.me\/index.php\/wp-json\/wp\/v2\/product"}],"about":[{"href":"https:\/\/singuli.wpress.me\/index.php\/wp-json\/wp\/v2\/types\/product"}],"version-history":[{"count":0,"href":"https:\/\/singuli.wpress.me\/index.php\/wp-json\/wp\/v2\/product\/30456\/revisions"}],"wp:featuredmedia":[{"embeddable":true,"href":"https:\/\/singuli.wpress.me\/index.php\/wp-json\/wp\/v2\/media\/30458"}],"wp:attachment":[{"href":"https:\/\/singuli.wpress.me\/index.php\/wp-json\/wp\/v2\/media?parent=30456"}],"wp:term":[{"taxonomy":"product_brand","embeddable":true,"href":"https:\/\/singuli.wpress.me\/index.php\/wp-json\/wp\/v2\/product_brand?post=30456"},{"taxonomy":"product_cat","embeddable":true,"href":"https:\/\/singuli.wpress.me\/index.php\/wp-json\/wp\/v2\/product_cat?post=30456"},{"taxonomy":"product_tag","embeddable":true,"href":"https:\/\/singuli.wpress.me\/index.php\/wp-json\/wp\/v2\/product_tag?post=30456"}],"curies":[{"name":"wp","href":"https:\/\/api.w.org\/{rel}","templated":true}]}}