{"id":30465,"date":"2026-04-17T00:25:18","date_gmt":"2026-04-17T00:25:18","guid":{"rendered":"https:\/\/singuli.wpress.me\/index.php\/proizvod\/shell-premium-osvjezivac-za-auto-fruit\/"},"modified":"2026-04-21T00:26:32","modified_gmt":"2026-04-21T00:26:32","slug":"shell-premium-osvjezivac-za-auto-fruit","status":"publish","type":"product","link":"https:\/\/singuli.wpress.me\/index.php\/proizvod\/shell-premium-osvjezivac-za-auto-fruit\/","title":{"rendered":"SHELL Premium, osvje\u017eiva\u010d za auto, fruit"},"content":{"rendered":"<p>Izra\u0111en od termoplasti\u010dnog i netoksi\u010dnog polimera. Sadr\u017ei najkvalitetnije sastojke i bezalkoholna mirisna ulja. Suptilno otpustite miris do 45 dana.<\/p>\n","protected":false},"excerpt":{"rendered":"<p>Premium osvje\u017eiva\u010d za auto<br \/>\nSadr\u017ei bezalkoholna mirisna ulja<br \/>\nSuptilno otpu\u0161ta miris do 45 dana<\/p>\n","protected":false},"featured_media":30466,"template":"","meta":{"_seopress_robots_primary_cat":"","_seopress_titles_title":"","_seopress_titles_desc":"","_seopress_robots_index":"","iawp_total_views":0},"product_brand":[326],"product_cat":[243,273],"product_tag":[],"class_list":{"0":"post-30465","1":"product","2":"type-product","3":"status-publish","4":"has-post-thumbnail","6":"product_brand-shell","7":"product_cat-automobili-i-motori","8":"product_cat-njega-vozila-243","10":"first","11":"instock","12":"shipping-taxable","13":"purchasable","14":"product-type-simple"},"_links":{"self":[{"href":"https:\/\/singuli.wpress.me\/index.php\/wp-json\/wp\/v2\/product\/30465","targetHints":{"allow":["GET"]}}],"collection":[{"href":"https:\/\/singuli.wpress.me\/index.php\/wp-json\/wp\/v2\/product"}],"about":[{"href":"https:\/\/singuli.wpress.me\/index.php\/wp-json\/wp\/v2\/types\/product"}],"version-history":[{"count":0,"href":"https:\/\/singuli.wpress.me\/index.php\/wp-json\/wp\/v2\/product\/30465\/revisions"}],"wp:featuredmedia":[{"embeddable":true,"href":"https:\/\/singuli.wpress.me\/index.php\/wp-json\/wp\/v2\/media\/30466"}],"wp:attachment":[{"href":"https:\/\/singuli.wpress.me\/index.php\/wp-json\/wp\/v2\/media?parent=30465"}],"wp:term":[{"taxonomy":"product_brand","embeddable":true,"href":"https:\/\/singuli.wpress.me\/index.php\/wp-json\/wp\/v2\/product_brand?post=30465"},{"taxonomy":"product_cat","embeddable":true,"href":"https:\/\/singuli.wpress.me\/index.php\/wp-json\/wp\/v2\/product_cat?post=30465"},{"taxonomy":"product_tag","embeddable":true,"href":"https:\/\/singuli.wpress.me\/index.php\/wp-json\/wp\/v2\/product_tag?post=30465"}],"curies":[{"name":"wp","href":"https:\/\/api.w.org\/{rel}","templated":true}]}}